{"id":4617,"date":"2024-07-18T10:11:05","date_gmt":"2024-07-18T08:11:05","guid":{"rendered":"https:\/\/www.fundacioared.org\/pruebas\/"},"modified":"2025-01-15T16:27:36","modified_gmt":"2025-01-15T15:27:36","slug":"pruebas","status":"publish","type":"page","link":"https:\/\/www.fundacioared.org\/es\/pruebas\/","title":{"rendered":"Pruebas"},"content":{"rendered":"\n<div class=\"wp-block-ared-cabecera mod-cabecera\"><div class=\"slider\">\n<div class=\"wp-block-ared-cabecera-interior slide\"><div class=\"image\" style=\"background-image:url(https:\/\/www.fundacioared.org\/wp-content\/uploads\/2024\/07\/cuina.jpg)\"><div class=\"text maq-contenidor\">\n<p class=\"is-style-com_titular_2 has-blanc-color has-text-color has-link-color wp-elements-9a0b6e4a7ea03147cb1707dc8574de62\">Pruebas<\/p>\n\n\n\n<p class=\"has-blanc-color has-text-color has-link-color wp-elements-4028ac458874ac74f676eda5b91dc7ef\">Lorem ipsum!!!<\/p>\n<\/div><\/div><\/div>\n\n\n\n<div class=\"wp-block-ared-cabecera-interior slide\"><div class=\"image\" style=\"background-image:url(https:\/\/www.fundacioared.org\/wp-content\/uploads\/2024\/07\/cor.jpg)\"><div class=\"text maq-contenidor\">\n<p class=\"is-style-com_titular_2 has-blanc-color has-text-color has-link-color wp-elements-2363f807e6251d67df3b9eddd768374e\">Pruebas II<\/p>\n\n\n\n<p class=\"has-blanc-color has-text-color has-link-color wp-elements-4028ac458874ac74f676eda5b91dc7ef\">Lorem ipsum!!!<\/p>\n<\/div><\/div><\/div>\n<\/div><\/div>\n\n<div class=\"wp-block-ared-ajedrez mod-escacs align-superior marge-superior- marge-inferior-petit\">\n<div class=\"wp-block-ared-ajedrez-interior interior logo-taronja maq_cols_flex cols_2\"><div class=\"col img\"><div class=\"img-wrapper\"><img loading=\"lazy\" decoding=\"async\" media_id=\"47\" src=\"https:\/\/www.fundacioared.org\/wp-content\/uploads\/2024\/07\/cor.jpg\" width=\"600\" height=\"400\" \/><!--fallback img responsive--><\/div><\/div><div class=\"col\"><div class=\"text-wrapper\">\n<p class=\"is-style-com_titular_5\">Esencia<br\/> Ared<\/p>\n\n\n\n<p class=\"is-style-com_titular_3\">Valores<\/p>\n\n\n\n<p>Lorem ipsum dolor sit almen, consectetur adipiscing \u00e9lite. Morbi non ornare<br\/> diam. Doy voluntad alequito suscipido. Aliquam era volutpado. Fusce ac augue blandit, eleifend nunc et, rutrum nisi. Ud ex nisis, viverra at tempus varices, elementum non magna. Ud fermentum vehicula blanda. Sied velido este, luctus at sem te, pretium placerado nisis. Pellentesque facilisis auctor lobortis.<br\/> Pellentesque euismod feugiado dign\u00edsimo. Phasellus sit ama viverra libero, in tempor m\u00ed. Nulla at lobortis nula. Craso porttitor \u00e9lite ut lorem maximus, in sagittis libero tempus. Vivamus ultricias sepan leo, y de suscipido este ultrices eget. Quisque sagittis cursus ligula. Nunc eleifend bibendum demasiado vitae<br\/> molestie.<\/p>\n\n\n\n<div class=\"wp-block-buttons is-layout-flex wp-block-buttons-is-layout-flex\">\n<div class=\"wp-block-button is-style-taronja-gris\"><a class=\"wp-block-button__link wp-element-button\">Saber m\u00e1s<\/a><\/div>\n<\/div>\n<\/div><\/div><\/div>\n<\/div>\n\n<div class=\"wp-block-cover is-light\"><span aria-hidden=\"true\" class=\"wp-block-cover__background has-beige-ared-background-color has-background-dim-100 has-background-dim\"><\/span><div class=\"wp-block-cover__inner-container is-layout-constrained wp-block-cover-is-layout-constrained\">\n<div class=\"wp-block-ared-marges maq-contenidor normal marge-superior-petit marge-inferior-\" data-aos=\"off\" data-aos-delay=\"aos_delay\">\n<p class=\"has-text-align-center is-style-com_titular_3\">Inf\u00f3rmate del curso que te interesa<\/p>\n<\/div>\n\n\n\n<div class=\"wp-block-ared-marges maq-contenidor estreta marge-superior-petit marge-inferior-petit\" data-aos=\"off\" data-aos-delay=\"aos_delay\">\n<\/div>\n<\/div><\/div>\n\n<div class=\"wp-block-ared-marges maq-contenidor normal marge-superior-petit marge-inferior-\" data-aos=\"off\" data-aos-delay=\"aos_delay\">\n<figure class=\"wp-block-image size-full\"><img loading=\"lazy\" decoding=\"async\" width=\"1200\" height=\"583\" src=\"https:\/\/www.fundacioared.org\/wp-content\/uploads\/2024\/07\/2030.jpg\" alt=\"\" class=\"wp-image-64\" srcset=\"https:\/\/www.fundacioared.org\/wp-content\/uploads\/2024\/07\/2030.jpg 1200w, https:\/\/www.fundacioared.org\/wp-content\/uploads\/2024\/07\/2030-300x146.jpg 300w, https:\/\/www.fundacioared.org\/wp-content\/uploads\/2024\/07\/2030-1024x497.jpg 1024w, https:\/\/www.fundacioared.org\/wp-content\/uploads\/2024\/07\/2030-768x373.jpg 768w, https:\/\/www.fundacioared.org\/wp-content\/uploads\/2024\/07\/2030-340x165.jpg 340w, https:\/\/www.fundacioared.org\/wp-content\/uploads\/2024\/07\/2030-140x68.jpg 140w\" sizes=\"auto, (max-width: 1200px) 100vw, 1200px\" \/><\/figure>\n<\/div>\n","protected":false},"excerpt":{"rendered":"","protected":false},"author":1,"featured_media":0,"parent":0,"menu_order":47,"comment_status":"closed","ping_status":"closed","template":"","meta":{"_acf_changed":false,"footnotes":""},"class_list":["post-4617","page","type-page","status-publish","hentry"],"acf":[],"_links":{"self":[{"href":"https:\/\/www.fundacioared.org\/es\/wp-json\/wp\/v2\/pages\/4617","targetHints":{"allow":["GET"]}}],"collection":[{"href":"https:\/\/www.fundacioared.org\/es\/wp-json\/wp\/v2\/pages"}],"about":[{"href":"https:\/\/www.fundacioared.org\/es\/wp-json\/wp\/v2\/types\/page"}],"author":[{"embeddable":true,"href":"https:\/\/www.fundacioared.org\/es\/wp-json\/wp\/v2\/users\/1"}],"replies":[{"embeddable":true,"href":"https:\/\/www.fundacioared.org\/es\/wp-json\/wp\/v2\/comments?post=4617"}],"version-history":[{"count":1,"href":"https:\/\/www.fundacioared.org\/es\/wp-json\/wp\/v2\/pages\/4617\/revisions"}],"predecessor-version":[{"id":4626,"href":"https:\/\/www.fundacioared.org\/es\/wp-json\/wp\/v2\/pages\/4617\/revisions\/4626"}],"wp:attachment":[{"href":"https:\/\/www.fundacioared.org\/es\/wp-json\/wp\/v2\/media?parent=4617"}],"curies":[{"name":"wp","href":"https:\/\/api.w.org\/{rel}","templated":true}]}}