{"id":4621,"date":"2024-07-22T07:27:33","date_gmt":"2024-07-22T05:27:33","guid":{"rendered":"https:\/\/www.fundacioared.org\/patronato\/"},"modified":"2026-03-11T10:08:47","modified_gmt":"2026-03-11T09:08:47","slug":"patronato","status":"publish","type":"page","link":"https:\/\/www.fundacioared.org\/es\/patronato\/","title":{"rendered":"Patronato"},"content":{"rendered":"\n<div class=\"wp-block-ared-ajedrez mod-escacs align-superior marge-superior- marge-inferior-\">\n<div class=\"wp-block-ared-ajedrez-interior interior  maq_cols_flex cols_2\"><div class=\"col img\"><div class=\"img-wrapper\"><img loading=\"lazy\" decoding=\"async\" media_id=\"2596\" src=\"https:\/\/www.fundacioared.org\/wp-content\/uploads\/Foto-Judit.jpg\" width=\"600\" height=\"400\" \/><!--fallback img responsive--><\/div><\/div><div class=\"col\"><div class=\"text-wrapper\">\n<p class=\"is-style-com_titular_5\"><strong>Presidenta<\/strong><\/p>\n\n\n\n<p class=\"is-style-com_titular_3\"><strong>Judit Masc\u00f3 Palau<\/strong> <\/p>\n\n\n\n<p>\u00abTrabajar\u00e9 siguiendo la misi\u00f3n, los valores y la visi\u00f3n de Ared, que son nuestra esencia.<em> <\/em><\/p>\n\n\n\n<p><strong>Los retos del futuro son exigentes, pero estamos preparadas para encararlos.<\/strong> Nuestra apuesta por la <strong>formaci\u00f3n<\/strong> sigue siendo fundamental para responder a las necesidades de un mercado laboral cambiante, y no se trata s\u00f3lo de formar para trabajar, sino de proporcionar tambi\u00e9n las herramientas para mejorar el <strong>bienestar emocional<\/strong> , clave para conseguir que todas estas personas que acompa\u00f1amos puedan construir una vida plena y satisfactoria.  <\/p>\n\n\n\n<p>Las nuevas oportunidades tienen el poder de transformar vidas, por eso sabemos que nuestra labor tiene un impacto real.\u00bb<\/p>\n<\/div><\/div><\/div>\n<\/div>\n\n\n\n<div class=\"wp-block-ared-marges maq-contenidor estreta marge-superior-petit marge-inferior-petit\" data-aos=\"off\" data-aos-delay=\"aos_delay\">\n<p class=\"is-style-com_titular_3\">Compromiso Ared<\/p>\n\n\n\n<p>El patronato es el \u00f3rgano de gobierno de la Fundaci\u00f3n Ared, formado por personas comprometidas que tienen la misi\u00f3n de velar por el cumplimiento de los fines fundacionales de la entidad de forma eficiente y \u00e9tica.  <\/p>\n<\/div>\n\n\n\n<div class=\"wp-block-ared-ajedrez mod-escacs align-superior marge-superior- marge-inferior-\">\n<div class=\"wp-block-ared-ajedrez-interior interior  maq_cols_flex cols_2\"><div class=\"col img\"><div class=\"img-wrapper\"><img loading=\"lazy\" decoding=\"async\" media_id=\"2597\" src=\"https:\/\/www.fundacioared.org\/wp-content\/uploads\/Foto-Patronato-ok.jpg\" width=\"600\" height=\"400\" \/><!--fallback img responsive--><\/div><\/div><div class=\"col\"><div class=\"text-wrapper\">\n<p><\/p>\n\n\n\n<p><\/p>\n\n\n\n<p class=\"is-style-com_titular_5\"><strong>Patronato<\/strong><\/p>\n\n\n\n<p><strong>Presidencia<\/strong><br> Judit Masc\u00f3 Palau <br><br><strong>Vicepresidencia<\/strong><br> Manuel Lecha Legua <br> <br><strong>Secretar\u00eda<\/strong><br> Reyes Mil\u00e1 Mencos <br> <br><strong>Vocales<\/strong><br> Gemma Cernuda<br> Amelia Guilera<br> Inmaculada Ladrero Ibrain<br> Roman Oleart Plomer<br> Montse Padilla Merino<br> Eva Vila-Massanas<br> Amand Calder\u00f3<\/p>\n<\/div><\/div><\/div>\n<\/div>\n\n\n\n<div style=\"height:100px\" aria-hidden=\"true\" class=\"wp-block-spacer\"><\/div>\n\n\n\n<div class=\"wp-block-ared-marges maq-contenidor estreta marge-superior-petit marge-inferior-gran\" data-aos=\"off\" data-aos-delay=\"aos_delay\">\n<p class=\"is-style-com_titular_3\"><strong>Formaron parte del patronato de la Fundaci\u00f3n Ared<\/strong> <\/p>\n\n\n\n<p><\/p>\n\n\n\n<ul class=\"wp-block-list\">\n<li><strong>Mar\u00eda Teresa Rodr\u00edguez Garc\u00eda<\/strong> (Fundadora)<\/li>\n\n\n\n<li>M. Elena Alfaro Bellati<\/li>\n\n\n\n<li>Eduardo Bernal Vergara<\/li>\n\n\n\n<li>M. Gloria Bosch Capdevila<\/li>\n\n\n\n<li>Juan Jos\u00e9 Busquets Unsain<\/li>\n\n\n\n<li>Gemma Calvet y Barot<\/li>\n\n\n\n<li>Josep Anton Caubet Busquet<\/li>\n\n\n\n<li>Joan Farr\u00e9 Calpe<\/li>\n\n\n\n<li>Luis Font Formosa<\/li>\n\n\n\n<li>Carmen Grandes S\u00e1nchez<\/li>\n\n\n\n<li>Evelia Nogu\u00e9 L\u00f3pez<\/li>\n\n\n\n<li>Mar\u00eda Asunci\u00f3n Os\u00e9s Serd\u00e1<\/li>\n\n\n\n<li>Andreu Rosa Garitano  <\/li>\n\n\n\n<li>Pedro S\u00e1nchez Gordi  <\/li>\n\n\n\n<li>Ignasi Vivas Llorens<\/li>\n<\/ul>\n<\/div>\n\n\n\n<p><\/p>\n","protected":false},"excerpt":{"rendered":"","protected":false},"author":1,"featured_media":0,"parent":0,"menu_order":45,"comment_status":"closed","ping_status":"closed","template":"","meta":{"_acf_changed":false,"footnotes":""},"class_list":["post-4621","page","type-page","status-publish","hentry"],"acf":[],"_links":{"self":[{"href":"https:\/\/www.fundacioared.org\/es\/wp-json\/wp\/v2\/pages\/4621","targetHints":{"allow":["GET"]}}],"collection":[{"href":"https:\/\/www.fundacioared.org\/es\/wp-json\/wp\/v2\/pages"}],"about":[{"href":"https:\/\/www.fundacioared.org\/es\/wp-json\/wp\/v2\/types\/page"}],"author":[{"embeddable":true,"href":"https:\/\/www.fundacioared.org\/es\/wp-json\/wp\/v2\/users\/1"}],"replies":[{"embeddable":true,"href":"https:\/\/www.fundacioared.org\/es\/wp-json\/wp\/v2\/comments?post=4621"}],"version-history":[{"count":4,"href":"https:\/\/www.fundacioared.org\/es\/wp-json\/wp\/v2\/pages\/4621\/revisions"}],"predecessor-version":[{"id":6130,"href":"https:\/\/www.fundacioared.org\/es\/wp-json\/wp\/v2\/pages\/4621\/revisions\/6130"}],"wp:attachment":[{"href":"https:\/\/www.fundacioared.org\/es\/wp-json\/wp\/v2\/media?parent=4621"}],"curies":[{"name":"wp","href":"https:\/\/api.w.org\/{rel}","templated":true}]}}