{"id":4634,"date":"2024-12-16T11:18:46","date_gmt":"2024-12-16T10:18:46","guid":{"rendered":"https:\/\/www.fundacioared.org\/donacion-puntual\/"},"modified":"2025-01-30T12:24:47","modified_gmt":"2025-01-30T11:24:47","slug":"donacion-puntual","status":"publish","type":"page","link":"https:\/\/www.fundacioared.org\/es\/donacion-puntual\/","title":{"rendered":"Donaci\u00f3n puntual"},"content":{"rendered":"\n<div class=\"wp-block-cover is-light\"><span aria-hidden=\"true\" class=\"wp-block-cover__background has-beige-ared-background-color has-background-dim-100 has-background-dim\"><\/span><div class=\"wp-block-cover__inner-container is-layout-constrained wp-block-cover-is-layout-constrained\">\n<div class=\"wp-block-ared-marges maq-contenidor normal marge-superior-petit marge-inferior-\" data-aos=\"off\" data-aos-delay=\"aos_delay\">\n<p class=\"has-text-align-center is-style-com_titular_3\" id=\"formulari\">Tu colaboraci\u00f3n es clave<br> para crecer y poder ayudar a m\u00e1s personas<\/p>\n\n\n\n<p class=\"has-text-align-center is-style-com_titular_4 has-taronja-ared-color has-text-color has-link-color wp-elements-7ab5a6abf6ecdd4df5d56eb138ca3333\">Donaci\u00f3n puntual<\/p>\n<\/div>\n\n\n\n<div class=\"wp-block-ared-marges maq-contenidor estreta marge-superior-petit marge-inferior-petit\" data-aos=\"off\" data-aos-delay=\"aos_delay\"><div class=\"wpforms-container wpforms-container-full wpforms-stripe\" id=\"wpforms-3069\"><form id=\"wpforms-form-3069\" class=\"wpforms-validate wpforms-form wpforms-ajax-form\" data-formid=\"3069\" method=\"post\" enctype=\"multipart\/form-data\" action=\"\/es\/wp-json\/wp\/v2\/pages\/4634\" data-token=\"c532e29706faac971b17df0048829a13\" data-token-time=\"1777382872\"><noscript class=\"wpforms-error-noscript\">Por favor, activa JavaScript en tu navegador para completar este formulario.<\/noscript><div class=\"wpforms-field-container\"><div id=\"wpforms-3069-field_66-container\" class=\"wpforms-field wpforms-field-payment-multiple price-choice\" data-field-id=\"66\"><label class=\"wpforms-field-label wpforms-label-hide\">Elementos m\u00faltiples <span class=\"wpforms-required-label\">*<\/span><\/label><ul id=\"wpforms-3069-field_66\" class=\"wpforms-field-required\"><li class=\"choice-1\"><input type=\"radio\" id=\"wpforms-3069-field_66_1\" class=\"wpforms-payment-price\" data-amount=\"30,00\" name=\"wpforms[fields][66]\" value=\"1\" required ><label class=\"wpforms-field-label-inline\" for=\"wpforms-3069-field_66_1\">30\u20ac<\/label><\/li><li class=\"choice-2\"><input type=\"radio\" id=\"wpforms-3069-field_66_2\" class=\"wpforms-payment-price\" data-amount=\"50,00\" name=\"wpforms[fields][66]\" value=\"2\" required ><label class=\"wpforms-field-label-inline\" for=\"wpforms-3069-field_66_2\">50\u20ac<\/label><\/li><li class=\"choice-3\"><input type=\"radio\" id=\"wpforms-3069-field_66_3\" class=\"wpforms-payment-price\" data-amount=\"100,00\" name=\"wpforms[fields][66]\" value=\"3\" required ><label class=\"wpforms-field-label-inline\" for=\"wpforms-3069-field_66_3\">100\u20ac<\/label><\/li><li class=\"choice-4\"><input type=\"radio\" id=\"wpforms-3069-field_66_4\" class=\"wpforms-payment-price\" data-amount=\"250,00\" name=\"wpforms[fields][66]\" value=\"4\" required ><label class=\"wpforms-field-label-inline\" for=\"wpforms-3069-field_66_4\">250\u20ac<\/label><\/li><li class=\"choice-5\"><input type=\"radio\" id=\"wpforms-3069-field_66_5\" class=\"wpforms-payment-price\" data-amount=\"0,00\" name=\"wpforms[fields][66]\" value=\"5\" required ><label class=\"wpforms-field-label-inline\" for=\"wpforms-3069-field_66_5\">Otra cantidad<\/label><\/li><\/ul><\/div><div id=\"wpforms-3069-field_43-container\" class=\"wpforms-field wpforms-field-payment-single\" data-field-id=\"43\"><label class=\"wpforms-field-label\" for=\"wpforms-3069-field_43\">Introduce tu cantidad<\/label><input type=\"text\" id=\"wpforms-3069-field_43\" class=\"wpforms-field-large wpforms-payment-user-input wpforms-payment-price\" data-rule-currency=\"[&quot;$&quot;,false]\" data-rule-required-minimum-price=\"0.00\" name=\"wpforms[fields][43]\" value=\"0,00 &euro;\"><\/div><div id=\"wpforms-3069-field_42-container\" class=\"wpforms-field wpforms-field-payment-total wpforms-field-medium\" data-field-id=\"42\"><label class=\"wpforms-field-label wpforms-label-hide\">Total <span class=\"wpforms-required-label\">*<\/span><\/label><div class=\"wpforms-payment-total\" style=\"\">0,00 &euro;<\/div><input type=\"text\" id=\"wpforms-3069-field_42\" class=\"wpforms-field-medium wpforms-field-required wpforms-payment-total\" data-rule-required-payment=\"1\" name=\"wpforms[fields][42]\" value=\"0\" style=\"position:absolute!important;clip:rect(0,0,0,0)!important;height:1px!important;width:1px!important;border:0!important;overflow:hidden!important;padding:0!important;margin:0!important;\" readonly=\"readonly\"><\/div><div id=\"wpforms-3069-field_5-container\" class=\"wpforms-field wpforms-field-select wpforms-conditional-trigger wpforms-field-select-style-classic\" data-field-id=\"5\"><label class=\"wpforms-field-label\" for=\"wpforms-3069-field_5\">\u00bfParticular o Empresa? <span class=\"wpforms-required-label\">*<\/span><\/label><select id=\"wpforms-3069-field_5\" class=\"wpforms-field-large wpforms-field-required\" name=\"wpforms[fields][5]\" required=\"required\"><option value=\"Particular\"  selected='selected' class=\"choice-1 depth-1\"  >Particular<\/option><option value=\"Empresa\"  class=\"choice-2 depth-1\"  >Empresa<\/option><\/select><\/div><div id=\"wpforms-3069-field_54-container\" class=\"wpforms-field wpforms-field-text wpforms-mobile-full floating wpforms-conditional-field wpforms-conditional-show\" data-field-id=\"54\" style=\"display:none;\"><label class=\"wpforms-field-label\" for=\"wpforms-3069-field_54\">  Nombre de la empresa <span class=\"wpforms-required-label\">*<\/span><\/label><input type=\"text\" id=\"wpforms-3069-field_54\" class=\"wpforms-field-large wpforms-field-required\" name=\"wpforms[fields][54]\" placeholder=\"  Nombre de la empresa\" required><\/div><div id=\"wpforms-3069-field_8-container\" class=\"wpforms-field wpforms-field-text\" data-field-id=\"8\"><label class=\"wpforms-field-label\" for=\"wpforms-3069-field_8\">NIF <span class=\"wpforms-required-label\">*<\/span><\/label><input type=\"text\" id=\"wpforms-3069-field_8\" class=\"wpforms-field-large wpforms-field-required\" name=\"wpforms[fields][8]\" placeholder=\"NIF\" required><\/div><div id=\"wpforms-3069-field_68-container\" class=\"wpforms-field wpforms-field-name\" data-field-id=\"68\"><label class=\"wpforms-field-label\" for=\"wpforms-3069-field_68\">Nombre \/ Apellidos <span class=\"wpforms-required-label\">*<\/span><\/label><div class=\"wpforms-field-row wpforms-field-large\"><div class=\"wpforms-field-row-block wpforms-first wpforms-one-half\"><input type=\"text\" id=\"wpforms-3069-field_68\" class=\"wpforms-field-name-first wpforms-field-required\" name=\"wpforms[fields][68][first]\" required><label for=\"wpforms-3069-field_68\" class=\"wpforms-field-sublabel after wpforms-sublabel-hide\">Nom<\/label><\/div><div class=\"wpforms-field-row-block wpforms-one-half\"><input type=\"text\" id=\"wpforms-3069-field_68-last\" class=\"wpforms-field-name-last wpforms-field-required\" name=\"wpforms[fields][68][last]\" required><label for=\"wpforms-3069-field_68-last\" class=\"wpforms-field-sublabel after wpforms-sublabel-hide\">Cognoms<\/label><\/div><\/div><\/div><div id=\"wpforms-3069-field_1-container\" class=\"wpforms-field wpforms-field-email wpforms-one-half wpforms-first wpforms-mobile-full floating pago-persona\" data-field-id=\"1\"><label class=\"wpforms-field-label\" for=\"wpforms-3069-field_1\">Correo electr\u00f3nico <span class=\"wpforms-required-label\">*<\/span><\/label><input type=\"email\" id=\"wpforms-3069-field_1\" class=\"wpforms-field-large wpforms-field-required\" name=\"wpforms[fields][1]\" placeholder=\"Correo electr\u00f3nico\" spellcheck=\"false\" required><\/div><div id=\"wpforms-3069-field_7-container\" class=\"wpforms-field wpforms-field-phone wpforms-one-half wpforms-mobile-full floating pago-telefono\" data-field-id=\"7\"><label class=\"wpforms-field-label\" for=\"wpforms-3069-field_7\">Tel\u00e9fono<\/label><input type=\"tel\" id=\"wpforms-3069-field_7\" class=\"wpforms-field-large wpforms-smart-phone-field\" data-rule-smart-phone-field=\"true\" name=\"wpforms[fields][7]\" placeholder=\"Tel\u00e9fono\" aria-label=\"Tel\u00e9fono\" ><\/div><div id=\"wpforms-3069-field_60-container\" class=\"wpforms-field wpforms-field-html\" data-field-id=\"60\"><div id=\"wpforms-3069-field_60\"><hr \/><\/div><\/div><div id=\"wpforms-3069-field_44-container\" class=\"wpforms-field wpforms-field-checkbox wpforms-conditional-trigger\" data-field-id=\"44\"><label class=\"wpforms-field-label wpforms-label-hide\">Desgravar<\/label><ul id=\"wpforms-3069-field_44\"><li class=\"choice-1 depth-1\"><input type=\"checkbox\" id=\"wpforms-3069-field_44_1\" name=\"wpforms[fields][44][]\" value=\"Quiero desgravar mi donaci\u00f3n en la pr\u00f3xima declaraci\u00f3n de la renta\"  ><label class=\"wpforms-field-label-inline\" for=\"wpforms-3069-field_44_1\">Quiero desgravar mi donaci\u00f3n en la pr\u00f3xima declaraci\u00f3n de la renta<\/label><\/li><\/ul><\/div><div id=\"wpforms-3069-field_61-container\" class=\"wpforms-field wpforms-field-html pago-alerta\" data-field-id=\"61\"><div id=\"wpforms-3069-field_61\"><div style=\"text-align: left;\">\n<p>Recuerda que por donaciones superiores a 100\u20ac necesitamos identificar al donante.<\/p>\n<p>No olvides enviarnos tus datos.<\/p>\n<\/div><\/div><\/div><div id=\"wpforms-3069-field_48-container\" class=\"wpforms-field wpforms-field-text wpforms-mobile-full floating wpforms-conditional-field wpforms-conditional-show\" data-field-id=\"48\" style=\"display:none;\"><label class=\"wpforms-field-label\" for=\"wpforms-3069-field_48\">Calle <span class=\"wpforms-required-label\">*<\/span><\/label><input type=\"text\" id=\"wpforms-3069-field_48\" class=\"wpforms-field-large wpforms-field-required\" name=\"wpforms[fields][48]\" placeholder=\"Calle\" required><\/div><div id=\"wpforms-3069-field_49-container\" class=\"wpforms-field wpforms-field-text wpforms-one-third wpforms-first wpforms-mobile-full floating wpforms-conditional-field wpforms-conditional-show\" data-field-id=\"49\" style=\"display:none;\"><label class=\"wpforms-field-label\" for=\"wpforms-3069-field_49\">N\u00famero <span class=\"wpforms-required-label\">*<\/span><\/label><input type=\"text\" id=\"wpforms-3069-field_49\" class=\"wpforms-field-large wpforms-field-required\" name=\"wpforms[fields][49]\" placeholder=\"N\u00famero\" required><\/div><div id=\"wpforms-3069-field_50-container\" class=\"wpforms-field wpforms-field-text wpforms-one-third wpforms-mobile-full floating wpforms-conditional-field wpforms-conditional-show\" data-field-id=\"50\" style=\"display:none;\"><label class=\"wpforms-field-label\" for=\"wpforms-3069-field_50\">Piso<\/label><input type=\"text\" id=\"wpforms-3069-field_50\" class=\"wpforms-field-large\" name=\"wpforms[fields][50]\" placeholder=\"Piso\" ><\/div><div id=\"wpforms-3069-field_51-container\" class=\"wpforms-field wpforms-field-text wpforms-one-third wpforms-mobile-full floating wpforms-conditional-field wpforms-conditional-show\" data-field-id=\"51\" style=\"display:none;\"><label class=\"wpforms-field-label\" for=\"wpforms-3069-field_51\">C\u00f3digo postal <span class=\"wpforms-required-label\">*<\/span><\/label><input type=\"text\" id=\"wpforms-3069-field_51\" class=\"wpforms-field-large wpforms-field-required\" name=\"wpforms[fields][51]\" placeholder=\"C\u00f3digo postal\" required><\/div><div id=\"wpforms-3069-field_52-container\" class=\"wpforms-field wpforms-field-text wpforms-mobile-full wpforms-one-half wpforms-first floating wpforms-conditional-field wpforms-conditional-show\" data-field-id=\"52\" style=\"display:none;\"><label class=\"wpforms-field-label\" for=\"wpforms-3069-field_52\">Poblaci\u00f3n <span class=\"wpforms-required-label\">*<\/span><\/label><input type=\"text\" id=\"wpforms-3069-field_52\" class=\"wpforms-field-large wpforms-field-required\" name=\"wpforms[fields][52]\" placeholder=\"Poblaci\u00f3n\" required><\/div><div id=\"wpforms-3069-field_53-container\" class=\"wpforms-field wpforms-field-select wpforms-one-half wpforms-mobile-full wpforms-conditional-field wpforms-conditional-show wpforms-field-select-style-classic\" data-field-id=\"53\" style=\"display:none;\"><label class=\"wpforms-field-label\" for=\"wpforms-3069-field_53\">Provincia <span class=\"wpforms-required-label\">*<\/span><\/label><select id=\"wpforms-3069-field_53\" class=\"wpforms-field-large wpforms-field-required\" name=\"wpforms[fields][53]\" required=\"required\"><option value=\"En Coru\u00f1a\"  class=\"choice-4 depth-1\"  >En Coru\u00f1a<\/option><option value=\"\u00c1lava\"  class=\"choice-5 depth-1\"  >\u00c1lava<\/option><option value=\"Albacete\"  class=\"choice-6 depth-1\"  >Albacete<\/option><option value=\"Alicante\/Alicante\"  class=\"choice-7 depth-1\"  >Alicante\/Alicante<\/option><option value=\"Almer\u00eda\"  class=\"choice-8 depth-1\"  >Almer\u00eda<\/option><option value=\"Asturias\"  class=\"choice-9 depth-1\"  >Asturias<\/option><option value=\"\u00c1vila\"  class=\"choice-10 depth-1\"  >\u00c1vila<\/option><option value=\"Badajoz\"  class=\"choice-11 depth-1\"  >Badajoz<\/option><option value=\"Barcelona\"  class=\"choice-12 depth-1\"  >Barcelona<\/option><option value=\"Burgos\"  class=\"choice-13 depth-1\"  >Burgos<\/option><option value=\"C\u00e1ceres\"  class=\"choice-14 depth-1\"  >C\u00e1ceres<\/option><option value=\"C\u00e1diz\"  class=\"choice-15 depth-1\"  >C\u00e1diz<\/option><option value=\"Cantabria\"  class=\"choice-16 depth-1\"  >Cantabria<\/option><option value=\"Castell\u00f3n\/Castell\u00f3n\"  class=\"choice-17 depth-1\"  >Castell\u00f3n\/Castell\u00f3n<\/option><option value=\"Ceuta\"  class=\"choice-18 depth-1\"  >Ceuta<\/option><option value=\"Ciudad Real\"  class=\"choice-19 depth-1\"  >Ciudad Real<\/option><option value=\"C\u00f3rdoba\"  class=\"choice-20 depth-1\"  >C\u00f3rdoba<\/option><option value=\"Cuenca\"  class=\"choice-21 depth-1\"  >Cuenca<\/option><option value=\"Gerona\"  class=\"choice-22 depth-1\"  >Gerona<\/option><option value=\"Granada\"  class=\"choice-23 depth-1\"  >Granada<\/option><option value=\"Guadalajara\"  class=\"choice-24 depth-1\"  >Guadalajara<\/option><option value=\"Guip\u00fazcoa\"  class=\"choice-25 depth-1\"  >Guip\u00fazcoa<\/option><option value=\"Huelva\"  class=\"choice-26 depth-1\"  >Huelva<\/option><option value=\"Huesca\"  class=\"choice-27 depth-1\"  >Huesca<\/option><option value=\"Islas Baleares\"  class=\"choice-28 depth-1\"  >Islas Baleares<\/option><option value=\"Ja\u00e9n\"  class=\"choice-29 depth-1\"  >Ja\u00e9n<\/option><option value=\"La Rioja\"  class=\"choice-30 depth-1\"  >La Rioja<\/option><option value=\"Las Palmas\"  class=\"choice-31 depth-1\"  >Las Palmas<\/option><option value=\"Le\u00f3n\"  class=\"choice-32 depth-1\"  >Le\u00f3n<\/option><option value=\"Lleida\"  class=\"choice-33 depth-1\"  >Lleida<\/option><option value=\"Lugo\"  class=\"choice-34 depth-1\"  >Lugo<\/option><option value=\"Madrid\"  class=\"choice-35 depth-1\"  >Madrid<\/option><option value=\"M\u00e1laga\"  class=\"choice-36 depth-1\"  >M\u00e1laga<\/option><option value=\"Melilla\"  class=\"choice-37 depth-1\"  >Melilla<\/option><option value=\"Murcia\"  class=\"choice-38 depth-1\"  >Murcia<\/option><option value=\"Navarra\"  class=\"choice-39 depth-1\"  >Navarra<\/option><option value=\"Ourense\"  class=\"choice-40 depth-1\"  >Ourense<\/option><option value=\"Palencia\"  class=\"choice-41 depth-1\"  >Palencia<\/option><option value=\"Pontevedra\"  class=\"choice-42 depth-1\"  >Pontevedra<\/option><option value=\"Salamanca\"  class=\"choice-43 depth-1\"  >Salamanca<\/option><option value=\"Santa Cruz de Tenerife\"  class=\"choice-44 depth-1\"  >Santa Cruz de Tenerife<\/option><option value=\"Segovia\"  class=\"choice-45 depth-1\"  >Segovia<\/option><option value=\"Sevilla\"  class=\"choice-46 depth-1\"  >Sevilla<\/option><option value=\"Soria\"  class=\"choice-47 depth-1\"  >Soria<\/option><option value=\"Tarragona\"  class=\"choice-48 depth-1\"  >Tarragona<\/option><option value=\"Teruel\"  class=\"choice-49 depth-1\"  >Teruel<\/option><option value=\"Toledo\"  class=\"choice-50 depth-1\"  >Toledo<\/option><option value=\"Valencia\/Valencia\"  class=\"choice-51 depth-1\"  >Valencia\/Valencia<\/option><option value=\"Valladolid\"  class=\"choice-52 depth-1\"  >Valladolid<\/option><option value=\"Vizcaya\"  class=\"choice-53 depth-1\"  >Vizcaya<\/option><option value=\"Zamora\"  class=\"choice-54 depth-1\"  >Zamora<\/option><option value=\"Zaragoza\"  class=\"choice-55 depth-1\"  >Zaragoza<\/option><\/select><\/div><div id=\"wpforms-3069-field_58-container\" class=\"wpforms-field wpforms-field-html\" data-field-id=\"58\"><div id=\"wpforms-3069-field_58\"><hr \/><\/div><\/div><div id=\"wpforms-3069-field_41-container\" class=\"wpforms-field wpforms-field-radio wpforms-mobile-full wpforms-conditional-trigger\" data-field-id=\"41\"><label class=\"wpforms-field-label\">Forma de pago <span class=\"wpforms-required-label\">*<\/span><\/label><ul id=\"wpforms-3069-field_41\" class=\"wpforms-field-required\"><li class=\"choice-2 depth-1 wpforms-selected\"><input type=\"radio\" id=\"wpforms-3069-field_41_2\" name=\"wpforms[fields][41]\" value=\"Tarjeta de cr\u00e9dito\" required  checked='checked'><label class=\"wpforms-field-label-inline\" for=\"wpforms-3069-field_41_2\">Tarjeta de cr\u00e9dito<\/label><\/li><\/ul><\/div><div id=\"wpforms-3069-field_62-container\" class=\"wpforms-field wpforms-field-stripe-credit-card wpforms-conditional-field wpforms-conditional-show\" data-field-id=\"62\" style=\"display:none;\"><label class=\"wpforms-field-label\">Tarjeta <span class=\"wpforms-required-label\">*<\/span><\/label><div class=\"wpforms-field-row wpforms-field-large\"><div class=\"wpforms-field-stripe-credit-card-number\"><div id=\"wpforms-3069-field_62\" class=\"wpforms-field-stripe-credit-card-cardnumber wpforms-field-required\" data-required=\"required\"><!-- a Stripe Element will be inserted here. --><\/div><input type=\"text\" class=\"wpforms-stripe-credit-card-hidden-input\" name=\"wpforms[stripe-credit-card-hidden-input-3069]\" disabled style=\"display: none;\"><label  class=\"wpforms-field-sublabel after\">Tarjeta<\/label><\/div><\/div><div class=\"wpforms-field-row wpforms-field-large\"><div class=\"wpforms-field-stripe-credit-card-name\"><input type=\"text\" id=\"wpforms-3069-field_62-cardname\" class=\"wpforms-field-stripe-credit-card-cardname wpforms-field-required\" name=\"wpforms[stripe-credit-card-cardname]\" required><label for=\"wpforms-3069-field_62-cardname\" class=\"wpforms-field-sublabel after\">Nombre en la tarjeta<\/label><\/div><\/div><\/div><div id=\"wpforms-3069-field_59-container\" class=\"wpforms-field wpforms-field-html\" data-field-id=\"59\"><div id=\"wpforms-3069-field_59\"><hr \/><\/div><\/div><div id=\"wpforms-3069-field_65-container\" class=\"wpforms-field wpforms-field-html\" data-field-id=\"65\"><div id=\"wpforms-3069-field_65\"><p style=\"color:#3e4952;font-size:10px;line-height:1.3em;\">INFORMACI\u00d3N B\u00c1SICA DE PROTECCI\u00d3N DE DATOS: En cumplimiento del deber de informar a los interesados \u200b\u200bde las circunstancias y condiciones del tratamiento de sus datos y de los derechos que le asisten, ponemos a su disposici\u00f3n la siguiente informaci\u00f3n. INFORMACI\u00d3N B\u00c1SICA SOBRE PROTECCI\u00d3N DE DATOS\n RESPONSABLE DEL TRATAMIENTO. Responsable: Fundaci\u00f3n Privada Ared. CIF: G62728183 Dir. Postal: C\/ Zamora 103-105 Bj, 08018, Barcelona\n FINALIDAD. Procesar su donaci\u00f3n. LEGITIMACI\u00d3N. Su consentimiento.\n DESTINATARIOS. Los datos no se ceder\u00e1n a terceros salvo en los casos en los que exista una obligaci\u00f3n legal o comunicaci\u00f3n necesaria para dar contestaci\u00f3n a su consulta.\n DERECHOS. Puede ejercer sus derechos a acceder, rectificar, oponerse, limitar, llevar y suprimir los datos ante el responsable del tratamiento; adem\u00e1s de acudir a la autoridad de control competente (AEPD). INFORMACI\u00d3N ADICIONAL. Puede consultar la informaci\u00f3n adicional sobre el tratamiento de sus datos personales <a href=\"https:\/\/www.fundacioared.org\/es\/politica-de-privacidad\/\">aqu\u00ed<\/a> .\n\n    \n   \n <\/p><\/div><\/div><div id=\"wpforms-3069-field_63-container\" class=\"wpforms-field wpforms-field-checkbox wpforms-conditional-trigger\" data-field-id=\"63\"><label class=\"wpforms-field-label\">Recibir informaci\u00f3n<\/label><ul id=\"wpforms-3069-field_63\"><li class=\"choice-1 depth-1\"><input type=\"checkbox\" id=\"wpforms-3069-field_63_1\" name=\"wpforms[fields][63][]\" value=\"Quiero recibir informaci\u00f3n de Fundaci\u00f3 Ared.\"  ><label class=\"wpforms-field-label-inline\" for=\"wpforms-3069-field_63_1\">Quiero recibir informaci\u00f3n de Fundaci\u00f3 Ared.<\/label><\/li><\/ul><\/div><div id=\"wpforms-3069-field_64-container\" class=\"wpforms-field wpforms-field-radio wpforms-conditional-field wpforms-conditional-show\" data-field-id=\"64\" style=\"display:none;\"><label class=\"wpforms-field-label\">Prefiero recibir las comunicaciones en <span class=\"wpforms-required-label\">*<\/span><\/label><ul id=\"wpforms-3069-field_64\" class=\"wpforms-field-required\"><li class=\"choice-1 depth-1\"><input type=\"radio\" id=\"wpforms-3069-field_64_1\" name=\"wpforms[fields][64]\" value=\"Catal\u00e1\" required ><label class=\"wpforms-field-label-inline\" for=\"wpforms-3069-field_64_1\">Catal\u00e1<\/label><\/li><li class=\"choice-2 depth-1\"><input type=\"radio\" id=\"wpforms-3069-field_64_2\" name=\"wpforms[fields][64]\" value=\"Castellano\" required ><label class=\"wpforms-field-label-inline\" for=\"wpforms-3069-field_64_2\">Castellano<\/label><\/li><\/ul><\/div><div id=\"wpforms-3069-field_25-container\" class=\"wpforms-field wpforms-field-checkbox\" data-field-id=\"25\"><label class=\"wpforms-field-label\">Protecci\u00f3n de datos y condiciones de uso <span class=\"wpforms-required-label\">*<\/span><\/label><ul id=\"wpforms-3069-field_25\" class=\"wpforms-field-required\"><li class=\"choice-1 depth-1\"><input type=\"checkbox\" id=\"wpforms-3069-field_25_1\" name=\"wpforms[fields][25][]\" value=\"He le\u00eddo &lt;a href=&quot;https:\/\/www.fundacioared.org\/es\/politica-de-privacidad\/&quot;&gt;la protecci\u00f3n de datos&lt;\/a&gt; y &lt;a href=&quot;https:\/\/www.fundacioared.org\/es\/aviso-legal\/&quot;&gt;condiciones de uso&lt;\/a&gt;\" required ><label class=\"wpforms-field-label-inline\" for=\"wpforms-3069-field_25_1\">He le\u00eddo <a href=\"https:\/\/www.fundacioared.org\/es\/politica-de-privacidad\/\">la protecci\u00f3n de datos<\/a> y <a href=\"https:\/\/www.fundacioared.org\/es\/aviso-legal\/\">condiciones de uso<\/a><\/label><\/li><\/ul><\/div><div id=\"wpforms-3069-field_67-container\" class=\"wpforms-field wpforms-field-payment-total wpforms-field-medium\" data-field-id=\"67\"><label class=\"wpforms-field-label\">Total<\/label><div class=\"wpforms-payment-total\" style=\"\">0,00 &euro;<\/div><input type=\"hidden\" id=\"wpforms-3069-field_67\" class=\"wpforms-field-medium wpforms-payment-total\" name=\"wpforms[fields][67]\" value=\"0\"><\/div><\/div><!-- .wpforms-field-container --><div class=\"wpforms-submit-container\" ><input type=\"hidden\" name=\"wpforms[id]\" value=\"3069\"><input type=\"hidden\" name=\"page_title\" value=\"\"><input type=\"hidden\" name=\"page_url\" value=\"https:\/\/www.fundacioared.org\/es\/wp-json\/wp\/v2\/pages\/4634\"><input type=\"hidden\" name=\"url_referer\" value=\"\"><button type=\"submit\" name=\"wpforms[submit]\" id=\"wpforms-submit-3069\" class=\"wpforms-submit form-button wpforms-mobile-full\" data-alt-text=\"Enviando...\" data-submit-text=\"Enviar\" aria-live=\"assertive\" value=\"wpforms-submit\">Enviar<\/button><img loading=\"lazy\" decoding=\"async\" src=\"https:\/\/www.fundacioared.org\/wp-content\/plugins\/wpforms\/assets\/images\/submit-spin.svg\" class=\"wpforms-submit-spinner\" style=\"display: none;\" width=\"26\" height=\"26\" alt=\"Cargando\"><\/div><\/form><\/div>  <!-- .wpforms-container -->\n<\/div>\n<\/div><\/div>\n\n\n\n<p><\/p>\n","protected":false},"excerpt":{"rendered":"","protected":false},"author":1,"featured_media":0,"parent":0,"menu_order":31,"comment_status":"closed","ping_status":"closed","template":"","meta":{"_acf_changed":false,"footnotes":""},"class_list":["post-4634","page","type-page","status-publish","hentry"],"acf":[],"_links":{"self":[{"href":"https:\/\/www.fundacioared.org\/es\/wp-json\/wp\/v2\/pages\/4634","targetHints":{"allow":["GET"]}}],"collection":[{"href":"https:\/\/www.fundacioared.org\/es\/wp-json\/wp\/v2\/pages"}],"about":[{"href":"https:\/\/www.fundacioared.org\/es\/wp-json\/wp\/v2\/types\/page"}],"author":[{"embeddable":true,"href":"https:\/\/www.fundacioared.org\/es\/wp-json\/wp\/v2\/users\/1"}],"replies":[{"embeddable":true,"href":"https:\/\/www.fundacioared.org\/es\/wp-json\/wp\/v2\/comments?post=4634"}],"version-history":[{"count":3,"href":"https:\/\/www.fundacioared.org\/es\/wp-json\/wp\/v2\/pages\/4634\/revisions"}],"predecessor-version":[{"id":5029,"href":"https:\/\/www.fundacioared.org\/es\/wp-json\/wp\/v2\/pages\/4634\/revisions\/5029"}],"wp:attachment":[{"href":"https:\/\/www.fundacioared.org\/es\/wp-json\/wp\/v2\/media?parent=4634"}],"curies":[{"name":"wp","href":"https:\/\/api.w.org\/{rel}","templated":true}]}}