{"id":4643,"date":"2024-12-18T06:51:51","date_gmt":"2024-12-18T05:51:51","guid":{"rendered":"https:\/\/www.fundacioared.org\/canal-de-denuncias\/"},"modified":"2025-01-29T11:51:34","modified_gmt":"2025-01-29T10:51:34","slug":"canal-de-denuncias","status":"publish","type":"page","link":"https:\/\/www.fundacioared.org\/es\/canal-de-denuncias\/","title":{"rendered":"Canal de denuncias"},"content":{"rendered":"\n<div class=\"wp-block-ared-cabecera-ared mod-cabecera-ared\"><div class=\"inner\">\n<div class=\"wp-block-ared-cabecera mod-cabecera\"><div class=\"slider\">\n<div class=\"wp-block-ared-cabecera-interior slide\"><div class=\"image\" style=\"background-image:url(https:\/\/www.fundacioared.org\/wp-content\/uploads\/transparencia-07.jpg)\"><div class=\"text maq-contenidor\">\n<p class=\"is-style-com_titular_3 has-blanc-color has-text-color has-link-color wp-elements-df9ce21b5c908cf39828d13f31b9cd23\">Creamos juntas<br\/> nuevas oportunidades<\/p>\n\n\n\n<p class=\"has-white-color has-text-color has-link-color wp-elements-31f6adc2efb4d344967cb6c02b4d34e7\">M\u00e1s de 1.350 personas atendidas,<br\/> y m\u00e1s de 330 inserciones laborales<br\/> durante el 2023<\/p>\n<\/div><\/div><\/div>\n<\/div><\/div>\n\n\n\n<div class=\"wp-block-ared-marges maq-contenidor estreta marge-superior-petit marge-inferior-gran\" data-aos=\"off\" data-aos-delay=\"aos_delay\">\n<p class=\"is-style-com_titular_3\">Canal de denuncias<\/p>\n\n\n\n<p><\/p>\n\n\n\n<p class=\"is-style-com_titular_5 has-gris-ared-color has-text-color has-link-color wp-elements-17bfc9632d189f1d3bd079b17e708960\" id=\"description_long\"><strong><strong>\u00c9ste es el Canal de Denuncias de Fundaci\u00f3n Privada Ared; Salta, Empresa de Inserci\u00f3n y CET Ared.<\/strong><\/strong><\/p>\n\n\n\n<p>Esta aplicaci\u00f3n permite que cualquier persona pueda comunicar cualquier incidencia, o denunciar aquellos hechos o comportamientos que atendiendo a su criterio, considere que resultan irregulares o delictivos.<\/p>\n\n\n\n<p>Antes de informar sobre cualquier situaci\u00f3n debe recordar:<\/p>\n\n\n\n<ul class=\"wp-block-list\">\n<li>Si quiere mantenerse en el anonimato, simplemente no llene las casillas que no son obligatorias. Sin embargo, tenga en cuenta que sin conocer la fuente de la informaci\u00f3n necesitaremos que nos haga llegar todos los detalles que pueda y la evidencia sobre la situaci\u00f3n que informa, ya que de lo contrario no tendremos indicios suficientes para investigar. <\/li>\n\n\n\n<li>Toda la informaci\u00f3n personal de quien informe sobre una situaci\u00f3n ser\u00e1 estrictamente confidencial y tratada de acuerdo con la Ley org\u00e1nica 3\/2018 de 3 de diciembre, de protecci\u00f3n de datos personales.<\/li>\n\n\n\n<li>Informar de los hechos de forma precisa y con todos los detalles que pueda suministrar. Se pueden adjuntar archivos que ayuden a esclarecer la situaci\u00f3n. <\/li>\n\n\n\n<li>S\u00f3lo se proceder\u00e1 a la investigaci\u00f3n de los hechos cuando existan elementos que justifiquen tal investigaci\u00f3n.<\/li>\n\n\n\n<li>Toda investigaci\u00f3n debe resolverse en un plazo de 3 meses desde la recepci\u00f3n de la informaci\u00f3n.<\/li>\n\n\n\n<li>Si se demuestra que alguien ha utilizado los canales de informaci\u00f3n de Fundaci\u00f3n Privada Ared, Salta, empresa de inserci\u00f3n y CET Ared para suministrar informaci\u00f3n falsa o causar un prejuicio a otra persona, se tomar\u00e1n las acciones disciplinarias o legales pertinentes.<\/li>\n<\/ul>\n<\/div>\n<\/div><\/div>\n\n<p class=\"has-text-align-center is-style-com_titular_3\"><\/p>\n\n<div class=\"wp-block-cover is-light\"><span aria-hidden=\"true\" class=\"wp-block-cover__background has-beige-ared-background-color has-background-dim-100 has-background-dim\"><\/span><div class=\"wp-block-cover__inner-container is-layout-constrained wp-block-cover-is-layout-constrained\">\n<div class=\"wp-block-ared-marges maq-contenidor normal marge-superior-petit marge-inferior-\" data-aos=\"off\" data-aos-delay=\"aos_delay\">\n<p class=\"has-text-align-center is-style-com_titular_3\" id=\"formulari\">Fundaci\u00f3n Ared te escucha<\/p>\n<\/div>\n\n\n\n<div class=\"wp-block-ared-marges maq-contenidor estreta marge-superior-petit marge-inferior-petit\" data-aos=\"off\" data-aos-delay=\"aos_delay\"><div class=\"wpforms-container wpforms-container-full\" id=\"wpforms-3443\"><form id=\"wpforms-form-3443\" class=\"wpforms-validate wpforms-form wpforms-ajax-form\" data-formid=\"3443\" method=\"post\" enctype=\"multipart\/form-data\" action=\"\/es\/wp-json\/wp\/v2\/pages\/4643?wpforms_form_id=3443\" data-token=\"3e913ff857d60df06c28c990846947d9\" data-token-time=\"1777354772\"><noscript class=\"wpforms-error-noscript\">Por favor, activa JavaScript en tu navegador para completar este formulario.<\/noscript><div class=\"wpforms-field-container\"><div id=\"wpforms-3443-field_23-container\" class=\"wpforms-field wpforms-field-divider\" data-field-id=\"23\"><h3 id=\"wpforms-3443-field_23\">La Empresa sobre la que quiero hacer la denuncia:<\/h3><\/div><div id=\"wpforms-3443-field_10-container\" class=\"wpforms-field wpforms-field-select wpforms-field-select-style-classic\" data-field-id=\"10\"><label class=\"wpforms-field-label\" for=\"wpforms-3443-field_10\">Empresa <span class=\"wpforms-required-label\">*<\/span><\/label><select id=\"wpforms-3443-field_10\" class=\"wpforms-field-large wpforms-field-required\" name=\"wpforms[fields][10]\" required=\"required\"><option value=\"\" class=\"placeholder\" disabled  selected='selected'>Seleccione la empresa<\/option><option value=\"Fundaci\u00f3n Ared\"  class=\"choice-1 depth-1\"  >Fundaci\u00f3n Ared<\/option><option value=\"SALTA Empresa de Inserci\u00f3n\"  class=\"choice-2 depth-1\"  >SALTA Empresa de Inserci\u00f3n<\/option><option value=\"CET Ared\"  class=\"choice-3 depth-1\"  >CET Ared<\/option><\/select><\/div><div id=\"wpforms-3443-field_13-container\" class=\"wpforms-field wpforms-field-divider\" data-field-id=\"13\"><h3 id=\"wpforms-3443-field_13\">Mis datos personales:<\/h3><\/div><div id=\"wpforms-3443-field_8-container\" class=\"wpforms-field wpforms-field-checkbox tipus-donacio wpforms-conditional-trigger\" data-field-id=\"8\"><label class=\"wpforms-field-label wpforms-label-hide\">Anonimato<\/label><ul id=\"wpforms-3443-field_8\"><li class=\"choice-1 depth-1\"><input type=\"checkbox\" id=\"wpforms-3443-field_8_1\" name=\"wpforms[fields][8][]\" value=\"Quiero informar de forma an\u00f3nima\"  ><label class=\"wpforms-field-label-inline\" for=\"wpforms-3443-field_8_1\">Quiero informar de forma an\u00f3nima<\/label><\/li><\/ul><\/div><div id=\"wpforms-3443-field_1-container\" class=\"wpforms-field wpforms-field-name wpforms-conditional-field wpforms-conditional-show\" data-field-id=\"1\" style=\"display:none;\"><label class=\"wpforms-field-label\" for=\"wpforms-3443-field_1\">Nombre<\/label><div class=\"wpforms-field-row wpforms-field-large\"><div class=\"wpforms-field-row-block wpforms-first wpforms-one-half\"><input type=\"text\" id=\"wpforms-3443-field_1\" class=\"wpforms-field-name-first\" name=\"wpforms[fields][1][first]\" placeholder=\"Nombre\" ><label for=\"wpforms-3443-field_1\" class=\"wpforms-field-sublabel after wpforms-sublabel-hide\">Nombre<\/label><\/div><div class=\"wpforms-field-row-block wpforms-one-half\"><input type=\"text\" id=\"wpforms-3443-field_1-last\" class=\"wpforms-field-name-last\" name=\"wpforms[fields][1][last]\" placeholder=\"Apellidos\" ><label for=\"wpforms-3443-field_1-last\" class=\"wpforms-field-sublabel after wpforms-sublabel-hide\">Apellidos<\/label><\/div><\/div><\/div><div id=\"wpforms-3443-field_21-container\" class=\"wpforms-field wpforms-field-layout\" data-field-id=\"21\"><div class=\"wpforms-field-layout-columns wpforms-field-layout-preset-50-50\"><div class=\"wpforms-layout-column wpforms-layout-column-50\" ><div id=\"wpforms-3443-field_2-container\" class=\"wpforms-field wpforms-field-email wpforms-conditional-field wpforms-conditional-show\" data-field-id=\"2\" style=\"display:none;\"><label class=\"wpforms-field-label\" for=\"wpforms-3443-field_2\">Direcci\u00f3n electr\u00f3nica<\/label><input type=\"email\" id=\"wpforms-3443-field_2\" class=\"wpforms-field-medium\" name=\"wpforms[fields][2]\" spellcheck=\"false\" ><\/div><\/div><div class=\"wpforms-layout-column wpforms-layout-column-50\" ><div id=\"wpforms-3443-field_3-container\" class=\"wpforms-field wpforms-field-phone wpforms-conditional-field wpforms-conditional-show\" data-field-id=\"3\" style=\"display:none;\"><label class=\"wpforms-field-label\" for=\"wpforms-3443-field_3\">Tel\u00e9fono<\/label><input type=\"tel\" id=\"wpforms-3443-field_3\" class=\"wpforms-field-medium wpforms-smart-phone-field\" data-rule-smart-phone-field=\"true\" name=\"wpforms[fields][3]\" aria-label=\"Tel\u00e9fono\" ><\/div><\/div><\/div><\/div><div id=\"wpforms-3443-field_12-container\" class=\"wpforms-field wpforms-field-divider\" data-field-id=\"12\"><h3 id=\"wpforms-3443-field_12\">La situaci\u00f3n de la que quiero informar:<\/h3><\/div><div id=\"wpforms-3443-field_24-container\" class=\"wpforms-field wpforms-field-select wpforms-field-select-style-classic\" data-field-id=\"24\"><label class=\"wpforms-field-label\" for=\"wpforms-3443-field_24\">Tipo de situaci\u00f3n (copy) <span class=\"wpforms-required-label\">*<\/span><\/label><select id=\"wpforms-3443-field_24\" class=\"wpforms-field-large wpforms-field-required\" name=\"wpforms[fields][24]\" required=\"required\"><option value=\"\" class=\"placeholder\" disabled  selected='selected'>Seleccione el tipo de situaci\u00f3n<\/option><option value=\"Irregularidad\"  class=\"choice-1 depth-1\"  >Irregularidad<\/option><option value=\"Infracci\u00f3n al c\u00f3digo \u00e9tico y de conducta\"  class=\"choice-2 depth-1\"  >Infracci\u00f3n al c\u00f3digo \u00e9tico y de conducta<\/option><option value=\"Queja\"  class=\"choice-3 depth-1\"  >Queja<\/option><option value=\"Sugerencia\"  class=\"choice-4 depth-1\"  >Sugerencia<\/option><option value=\"Posible riesgo penal\"  class=\"choice-5 depth-1\"  >Posible riesgo penal<\/option><option value=\"Protecci\u00f3n de datos\"  class=\"choice-6 depth-1\"  >Protecci\u00f3n de datos<\/option><\/select><\/div><div id=\"wpforms-3443-field_6-container\" class=\"wpforms-field wpforms-field-textarea\" data-field-id=\"6\"><label class=\"wpforms-field-label\" for=\"wpforms-3443-field_6\">  Describa con detalle la situaci\u00f3n sobre la que desea informar. Recuerde indicar los hechos, fechas relevantes, personas involucradas, y personas que pueden tener conocimiento de la situaci\u00f3n  <span class=\"wpforms-required-label\">*<\/span><\/label><textarea id=\"wpforms-3443-field_6\" class=\"wpforms-field-medium wpforms-field-required\" name=\"wpforms[fields][6]\" required><\/textarea><\/div><div id=\"wpforms-3443-field_14-container\" class=\"wpforms-field wpforms-field-divider\" data-field-id=\"14\"><h3 id=\"wpforms-3443-field_14\">Datos de la persona involucrada:<\/h3><\/div><div id=\"wpforms-3443-field_16-container\" class=\"wpforms-field wpforms-field-name\" data-field-id=\"16\"><label class=\"wpforms-field-label\" for=\"wpforms-3443-field_16\">Nombre y apellidos<\/label><div class=\"wpforms-field-row wpforms-field-large\"><div class=\"wpforms-field-row-block wpforms-first wpforms-one-half\"><input type=\"text\" id=\"wpforms-3443-field_16\" class=\"wpforms-field-name-first\" name=\"wpforms[fields][16][first]\" placeholder=\"Nombre\" ><label for=\"wpforms-3443-field_16\" class=\"wpforms-field-sublabel after wpforms-sublabel-hide\">Nombre<\/label><\/div><div class=\"wpforms-field-row-block wpforms-one-half\"><input type=\"text\" id=\"wpforms-3443-field_16-last\" class=\"wpforms-field-name-last\" name=\"wpforms[fields][16][last]\" placeholder=\"Apellidos\" ><label for=\"wpforms-3443-field_16-last\" class=\"wpforms-field-sublabel after wpforms-sublabel-hide\">Apellidos<\/label><\/div><\/div><\/div><div id=\"wpforms-3443-field_22-container\" class=\"wpforms-field wpforms-field-layout\" data-field-id=\"22\"><div class=\"wpforms-field-layout-columns wpforms-field-layout-preset-50-50\"><div class=\"wpforms-layout-column wpforms-layout-column-50\" ><div id=\"wpforms-3443-field_15-container\" class=\"wpforms-field wpforms-field-text\" data-field-id=\"15\"><label class=\"wpforms-field-label\" for=\"wpforms-3443-field_15\">Departamento o cargo<\/label><input type=\"text\" id=\"wpforms-3443-field_15\" class=\"wpforms-field-medium\" name=\"wpforms[fields][15]\" ><\/div><\/div><div class=\"wpforms-layout-column wpforms-layout-column-50\" ><div id=\"wpforms-3443-field_17-container\" class=\"wpforms-field wpforms-field-text\" data-field-id=\"17\"><label class=\"wpforms-field-label\" for=\"wpforms-3443-field_17\">  Otras personas que pueden tener conocimiento de la situaci\u00f3n.<\/label><input type=\"text\" id=\"wpforms-3443-field_17\" class=\"wpforms-field-medium\" name=\"wpforms[fields][17]\" ><\/div><\/div><\/div><\/div><div id=\"wpforms-3443-field_18-container\" class=\"wpforms-field wpforms-field-file-upload\" data-field-id=\"18\"><label class=\"wpforms-field-label\" for=\"wpforms-3443-field_18\">Sube tus archivos<\/label><div\n\t\tclass=\"wpforms-uploader \"\n\t\tdata-field-id=\"18\"\n\t\tdata-form-id=\"3443\"\n\t\tdata-input-name=\"wpforms_3443_18\"\n\t\tdata-extensions=\"jpg,jpeg,jpe,gif,png,bmp,tiff,tif,webp,avif,ico,heic,heif,heics,heifs,asf,asx,wmv,wmx,wm,avi,divx,mov,qt,mpeg,mpg,mpe,mp4,m4v,ogv,webm,mkv,3gp,3gpp,3g2,3gp2,txt,asc,c,cc,h,srt,csv,tsv,ics,rtx,css,vtt,mp3,m4a,m4b,aac,ra,ram,wav,x-wav,ogg,oga,flac,mid,midi,wma,wax,mka,rtf,pdf,class,tar,zip,gz,gzip,rar,7z,psd,xcf,doc,pot,pps,ppt,wri,xla,xls,xlt,xlw,mpp,docx,docm,dotx,dotm,xlsx,xlsm,xlsb,xltx,xltm,xlam,pptx,pptm,ppsx,ppsm,potx,potm,ppam,sldx,sldm,onetoc,onetoc2,onepkg,oxps,xps,odt,odp,ods,odg,odc,odb,odf,wp,wpd,key,numbers,pages\"\n\t\tdata-max-size=\"2097152\"\n\t\tdata-max-file-number=\"5\"\n\t\tdata-post-max-size=\"2097152\"\n\t\tdata-max-parallel-uploads=\"4\"\n\t\tdata-parallel-uploads=\"true\"\n\t\tdata-file-chunk-size=\"2097152\">\n\t<div class=\"dz-message\">\n\t\t<svg  viewBox=\"0 0 640 640\" focusable=\"false\" data-icon=\"inbox\" width=\"50px\" height=\"50px\" fill=\"currentColor\" aria-hidden=\"true\">\n\t\t\t<path d=\"M352 173.3L352 384C352 401.7 337.7 416 320 416C302.3 416 288 401.7 288 384L288 173.3L246.6 214.7C234.1 227.2 213.8 227.2 201.3 214.7C188.8 202.2 188.8 181.9 201.3 169.4L297.3 73.4C309.8 60.9 330.1 60.9 342.6 73.4L438.6 169.4C451.1 181.9 451.1 202.2 438.6 214.7C426.1 227.2 405.8 227.2 393.3 214.7L352 173.3zM320 464C364.2 464 400 428.2 400 384L480 384C515.3 384 544 412.7 544 448L544 480C544 515.3 515.3 544 480 544L160 544C124.7 544 96 515.3 96 480L96 448C96 412.7 124.7 384 160 384L240 384C240 428.2 275.8 464 320 464zM464 488C477.3 488 488 477.3 488 464C488 450.7 477.3 440 464 440C450.7 440 440 450.7 440 464C440 477.3 450.7 488 464 488z\"\/>\n\t\t<\/svg>\n\n\t\t<span class=\"modern-title\">\n\t\t\t\t\t\t\tDrag &amp; Drop Files, \t\t\t\t<span>Choose Files to Upload<\/span>\n\t\t\t\t\t<\/span>\n\n\t\t\t\t\t<span class=\"modern-hint\">Puedes subir hasta 5 archivos.<\/span>\n\t\t\t<\/div>\n<\/div>\n\n<input\n\t\ttype=\"text\"\n\t\tautocomplete=\"off\"\n\t\treadonly\n\t\tclass=\"dropzone-input\"\n\t\tstyle=\"position:absolute!important;clip:rect(0,0,0,0)!important;height:1px!important;width:1px!important;border:0!important;overflow:hidden!important;padding:0!important;margin:0!important;\"\n\t\tid=\"wpforms-3443-field_18\"\n\t\tname=\"wpforms_3443_18\" \t\tvalue=\"\">\n<\/div><div id=\"wpforms-3443-field_20-container\" class=\"wpforms-field wpforms-field-html\" data-field-id=\"20\"><div id=\"wpforms-3443-field_20\"><p style=\"color:#3e4952;font-size:10px;line-height:1.3em;\">INFORMACI\u00d3N B\u00c1SICA DE PROTECCI\u00d3N DE DATOS: En cumplimiento del deber de informar a los interesados \u200b\u200bde las circunstancias y condiciones del tratamiento de sus datos y de los derechos que le asisten, ponemos a su disposici\u00f3n la siguiente informaci\u00f3n. INFORMACI\u00d3N B\u00c1SICA SOBRE PROTECCI\u00d3N DE DATOS\n RESPONSABLE DEL TRATAMIENTO. RESPONSABLE: Fundaci\u00f3n Privada Ared. CIF: G62728183 Dir.\n FINALIDAD. B\u00fasqueda de irregularidades que afecten a la responsabilidad de Fundaci\u00f3 Ared\n LEGITIMACI\u00d3N. Su consentimiento.\n DESTINATARIOS. Los datos no se ceder\u00e1n a terceros salvo en los casos en los que exista una obligaci\u00f3n legal o comunicaci\u00f3n necesaria para dar contestaci\u00f3n a su consulta.\n DERECHOS. Puede ejercer sus derechos a acceder, rectificar, oponerse, limitar, llevar y suprimir los datos ante el responsable del tratamiento; adem\u00e1s de acudir a la autoridad de control competente (AEPD). INFORMACI\u00d3N ADICIONAL. Puede consultar la informaci\u00f3n adicional sobre el tratamiento de sus datos personales <a href=\"https:\/\/www.fundacioared.org\/es\/politica-de-privacidad\/\">aqu\u00ed<\/a> .\n\n       \n <\/p><\/div><\/div><div id=\"wpforms-3443-field_19-container\" class=\"wpforms-field wpforms-field-checkbox tipus-donacio\" data-field-id=\"19\"><label class=\"wpforms-field-label wpforms-label-hide\">Protecci\u00f3n de datos <span class=\"wpforms-required-label\">*<\/span><\/label><ul id=\"wpforms-3443-field_19\" class=\"wpforms-field-required\"><li class=\"choice-1 depth-1\"><input type=\"checkbox\" id=\"wpforms-3443-field_19_1\" name=\"wpforms[fields][19][]\" value=\"He le\u00eddo &lt;a href=&quot;https:\/\/www.fundacioared.org\/es\/politica-de-privacidad\/&quot;&gt;la protecci\u00f3n de datos&lt;\/a&gt; y &lt;a href=&quot;https:\/\/www.fundacioared.org\/es\/aviso-legal\/&quot;&gt;condiciones de uso&lt;\/a&gt;\" required ><label class=\"wpforms-field-label-inline\" for=\"wpforms-3443-field_19_1\">He le\u00eddo <a href=\"https:\/\/www.fundacioared.org\/es\/politica-de-privacidad\/\">la protecci\u00f3n de datos<\/a> y <a href=\"https:\/\/www.fundacioared.org\/es\/aviso-legal\/\">condiciones de uso<\/a><\/label><\/li><\/ul><\/div><\/div><!-- .wpforms-field-container --><div class=\"wpforms-submit-container\" ><input type=\"hidden\" name=\"wpforms[id]\" value=\"3443\"><input type=\"hidden\" name=\"page_title\" value=\"\"><input type=\"hidden\" name=\"page_url\" value=\"https:\/\/www.fundacioared.org\/es\/wp-json\/wp\/v2\/pages\/4643\"><input type=\"hidden\" name=\"url_referer\" value=\"\"><button type=\"submit\" name=\"wpforms[submit]\" id=\"wpforms-submit-3443\" class=\"wpforms-submit form-button wpforms-mobile-full\" data-alt-text=\"Enviando\" data-submit-text=\"Enviar\" aria-live=\"assertive\" value=\"wpforms-submit\">Enviar<\/button><img loading=\"lazy\" decoding=\"async\" src=\"https:\/\/www.fundacioared.org\/wp-content\/plugins\/wpforms\/assets\/images\/submit-spin.svg\" class=\"wpforms-submit-spinner\" style=\"display: none;\" width=\"26\" height=\"26\" alt=\"Cargando\"><\/div><\/form><\/div>  <!-- .wpforms-container -->\n<\/div>\n<\/div><\/div>\n","protected":false},"excerpt":{"rendered":"","protected":false},"author":1,"featured_media":0,"parent":0,"menu_order":23,"comment_status":"closed","ping_status":"closed","template":"","meta":{"_acf_changed":false,"footnotes":""},"class_list":["post-4643","page","type-page","status-publish","hentry"],"acf":[],"_links":{"self":[{"href":"https:\/\/www.fundacioared.org\/es\/wp-json\/wp\/v2\/pages\/4643","targetHints":{"allow":["GET"]}}],"collection":[{"href":"https:\/\/www.fundacioared.org\/es\/wp-json\/wp\/v2\/pages"}],"about":[{"href":"https:\/\/www.fundacioared.org\/es\/wp-json\/wp\/v2\/types\/page"}],"author":[{"embeddable":true,"href":"https:\/\/www.fundacioared.org\/es\/wp-json\/wp\/v2\/users\/1"}],"replies":[{"embeddable":true,"href":"https:\/\/www.fundacioared.org\/es\/wp-json\/wp\/v2\/comments?post=4643"}],"version-history":[{"count":3,"href":"https:\/\/www.fundacioared.org\/es\/wp-json\/wp\/v2\/pages\/4643\/revisions"}],"predecessor-version":[{"id":5008,"href":"https:\/\/www.fundacioared.org\/es\/wp-json\/wp\/v2\/pages\/4643\/revisions\/5008"}],"wp:attachment":[{"href":"https:\/\/www.fundacioared.org\/es\/wp-json\/wp\/v2\/media?parent=4643"}],"curies":[{"name":"wp","href":"https:\/\/api.w.org\/{rel}","templated":true}]}}