{"id":4654,"date":"2024-10-28T19:42:18","date_gmt":"2024-10-28T18:42:18","guid":{"rendered":"https:\/\/www.fundacioared.org\/financiacion-y-soporte\/"},"modified":"2025-01-28T08:03:16","modified_gmt":"2025-01-28T07:03:16","slug":"financiacion-y-soporte","status":"publish","type":"page","link":"https:\/\/www.fundacioared.org\/es\/empresa-solidaria\/financiacion-y-soporte\/","title":{"rendered":"Financiaci\u00f3n y soporte"},"content":{"rendered":"\n<div class=\"wp-block-ared-ajedrez mod-escacs align-superior marge-superior- marge-inferior-\">\n<div class=\"wp-block-ared-ajedrez-interior interior  maq_cols_flex cols_2\"><div class=\"col img\"><div class=\"img-wrapper\"><img loading=\"lazy\" decoding=\"async\" media_id=\"3414\" src=\"https:\/\/www.fundacioared.org\/wp-content\/uploads\/COMUNICACION-INTERNA-45-2.jpg\" width=\"600\" height=\"400\" \/><!--fallback img responsive--><\/div><\/div><div class=\"col\"><div class=\"text-wrapper\">\n<p><\/p>\n\n\n\n<p><\/p>\n\n\n\n<p class=\"is-style-com_titular_3\"><strong>Juntas por un impacto social efectivo<\/strong><\/p>\n\n\n\n<p>En la Fundaci\u00f3n Ared, creemos firmemente que la colaboraci\u00f3n entre empresas y organizaciones sociales es clave para generar un impacto positivo y duradero en nuestra sociedad.<\/p>\n\n\n\n<p>Por eso, te ofrecemos como empresa responsable la oportunidad de financiar algunos de los proyectos solidarios que desde la Fundaci\u00f3n Ared hemos desarrollado para promover la inclusi\u00f3n, autonom\u00eda y mejora del bienestar de mujeres en situaci\u00f3n de vulnerabilidad, que acompa\u00f1amos y formamos para su inclusi\u00f3n sociolaboral.<\/p>\n\n\n\n<p>Tu empresa puede formar parte de esa misi\u00f3n transformadora, impulsando alguno de los proyectos propios de la Fundaci\u00f3n y generando un impacto social directo.<\/p>\n<\/div><\/div><\/div>\n<\/div>\n\n\n\n<div class=\"wp-block-ared-marges maq-contenidor estreta marge-superior-petit marge-inferior-petit\" data-aos=\"off\" data-aos-delay=\"aos_delay\">\n<p class=\"is-style-com_titular_3\">Financiar un programa social de la Fundaci\u00f3n Ared tambi\u00e9n aporta m\u00faltiples beneficios:<\/p>\n<\/div>\n\n\n\n<div class=\"wp-block-ared-marges maq-contenidor normal marge-superior-petit marge-inferior-petit\" data-aos=\"off\" data-aos-delay=\"aos_delay\">\n<div class=\"wp-block-columns is-layout-flex wp-container-core-columns-is-layout-9d6595d7 wp-block-columns-is-layout-flex\">\n<div class=\"wp-block-column is-layout-flow wp-block-column-is-layout-flow\" style=\"padding-right:0;padding-left:0\">\n<figure class=\"wp-block-image size-full is-resized\"><img loading=\"lazy\" decoding=\"async\" width=\"500\" height=\"500\" src=\"https:\/\/www.fundacioared.org\/wp-content\/uploads\/1_Impacte-positiu.jpg\" alt=\"\" class=\"wp-image-2757\" style=\"width:150px\" srcset=\"https:\/\/www.fundacioared.org\/wp-content\/uploads\/1_Impacte-positiu.jpg 500w, https:\/\/www.fundacioared.org\/wp-content\/uploads\/1_Impacte-positiu-300x300.jpg 300w, https:\/\/www.fundacioared.org\/wp-content\/uploads\/1_Impacte-positiu-150x150.jpg 150w, https:\/\/www.fundacioared.org\/wp-content\/uploads\/1_Impacte-positiu-340x340.jpg 340w, https:\/\/www.fundacioared.org\/wp-content\/uploads\/1_Impacte-positiu-140x140.jpg 140w\" sizes=\"auto, (max-width: 500px) 100vw, 500px\" \/><\/figure>\n\n\n\n<div style=\"height:30px\" aria-hidden=\"true\" class=\"wp-block-spacer\"><\/div>\n\n\n\n<p class=\"is-style-com_titular_4 has-taronja-ared-color has-text-color has-link-color wp-elements-f83b81c83111f73acd6e2a4282e820a0\">Impacto social positivo<\/p>\n<\/div>\n\n\n\n<div class=\"wp-block-column is-layout-flow wp-block-column-is-layout-flow\" style=\"padding-right:0;padding-left:0\">\n<figure class=\"wp-block-image size-full is-resized\"><img loading=\"lazy\" decoding=\"async\" width=\"500\" height=\"500\" src=\"https:\/\/www.fundacioared.org\/wp-content\/uploads\/2_Reputacio.jpg\" alt=\"\" class=\"wp-image-2758\" style=\"width:150px\" srcset=\"https:\/\/www.fundacioared.org\/wp-content\/uploads\/2_Reputacio.jpg 500w, https:\/\/www.fundacioared.org\/wp-content\/uploads\/2_Reputacio-300x300.jpg 300w, https:\/\/www.fundacioared.org\/wp-content\/uploads\/2_Reputacio-150x150.jpg 150w, https:\/\/www.fundacioared.org\/wp-content\/uploads\/2_Reputacio-340x340.jpg 340w, https:\/\/www.fundacioared.org\/wp-content\/uploads\/2_Reputacio-140x140.jpg 140w\" sizes=\"auto, (max-width: 500px) 100vw, 500px\" \/><\/figure>\n\n\n\n<div style=\"height:30px\" aria-hidden=\"true\" class=\"wp-block-spacer\"><\/div>\n\n\n\n<p class=\"is-style-com_titular_4 has-taronja-ared-color has-text-color has-link-color wp-elements-cca15d4dadee342ffbea30d536867765\">Reputaci\u00f3n e Imagen Corporativa<\/p>\n<\/div>\n\n\n\n<div class=\"wp-block-column is-layout-flow wp-block-column-is-layout-flow\" style=\"padding-right:0;padding-left:0\">\n<figure class=\"wp-block-image size-full is-resized\"><img loading=\"lazy\" decoding=\"async\" width=\"500\" height=\"500\" src=\"https:\/\/www.fundacioared.org\/wp-content\/uploads\/3_Beneficis-fiscals.jpg\" alt=\"\" class=\"wp-image-2759\" style=\"width:150px\" srcset=\"https:\/\/www.fundacioared.org\/wp-content\/uploads\/3_Beneficis-fiscals.jpg 500w, https:\/\/www.fundacioared.org\/wp-content\/uploads\/3_Beneficis-fiscals-300x300.jpg 300w, https:\/\/www.fundacioared.org\/wp-content\/uploads\/3_Beneficis-fiscals-150x150.jpg 150w, https:\/\/www.fundacioared.org\/wp-content\/uploads\/3_Beneficis-fiscals-340x340.jpg 340w, https:\/\/www.fundacioared.org\/wp-content\/uploads\/3_Beneficis-fiscals-140x140.jpg 140w\" sizes=\"auto, (max-width: 500px) 100vw, 500px\" \/><\/figure>\n\n\n\n<div style=\"height:30px\" aria-hidden=\"true\" class=\"wp-block-spacer\"><\/div>\n\n\n\n<p class=\"is-style-com_titular_4 has-taronja-ared-color has-text-color has-link-color wp-elements-ca9a80b285cac2dacf890823ef637c60\">Beneficios fiscales<\/p>\n<\/div>\n\n\n\n<div class=\"wp-block-column is-layout-flow wp-block-column-is-layout-flow\" style=\"padding-right:0;padding-left:0\">\n<figure class=\"wp-block-image size-full is-resized\"><img loading=\"lazy\" decoding=\"async\" width=\"500\" height=\"500\" src=\"https:\/\/www.fundacioared.org\/wp-content\/uploads\/4_Visibilitat-ESG.jpg\" alt=\"\" class=\"wp-image-2760\" style=\"width:150px\" srcset=\"https:\/\/www.fundacioared.org\/wp-content\/uploads\/4_Visibilitat-ESG.jpg 500w, https:\/\/www.fundacioared.org\/wp-content\/uploads\/4_Visibilitat-ESG-300x300.jpg 300w, https:\/\/www.fundacioared.org\/wp-content\/uploads\/4_Visibilitat-ESG-150x150.jpg 150w, https:\/\/www.fundacioared.org\/wp-content\/uploads\/4_Visibilitat-ESG-340x340.jpg 340w, https:\/\/www.fundacioared.org\/wp-content\/uploads\/4_Visibilitat-ESG-140x140.jpg 140w\" sizes=\"auto, (max-width: 500px) 100vw, 500px\" \/><\/figure>\n\n\n\n<div style=\"height:30px\" aria-hidden=\"true\" class=\"wp-block-spacer\"><\/div>\n\n\n\n<p class=\"is-style-com_titular_4 has-taronja-ared-color has-text-color has-link-color wp-elements-22edbbd19ffd361e38f5a13ac9b5e9ae\">Contribuci\u00f3n a los ODS<\/p>\n\n\n\n<p>Contribuci\u00f3n a los Objetivos de Desarrollo Sostenible (ODS) &amp; ESG<\/p>\n<\/div>\n\n\n\n<div class=\"wp-block-column is-layout-flow wp-block-column-is-layout-flow\" style=\"padding-right:0;padding-left:0\">\n<figure class=\"wp-block-image size-full is-resized\"><img loading=\"lazy\" decoding=\"async\" width=\"500\" height=\"500\" src=\"https:\/\/www.fundacioared.org\/wp-content\/uploads\/5_Visibilitat-empresa.jpg\" alt=\"\" class=\"wp-image-2761\" style=\"width:150px\" srcset=\"https:\/\/www.fundacioared.org\/wp-content\/uploads\/5_Visibilitat-empresa.jpg 500w, https:\/\/www.fundacioared.org\/wp-content\/uploads\/5_Visibilitat-empresa-300x300.jpg 300w, https:\/\/www.fundacioared.org\/wp-content\/uploads\/5_Visibilitat-empresa-150x150.jpg 150w, https:\/\/www.fundacioared.org\/wp-content\/uploads\/5_Visibilitat-empresa-340x340.jpg 340w, https:\/\/www.fundacioared.org\/wp-content\/uploads\/5_Visibilitat-empresa-140x140.jpg 140w\" sizes=\"auto, (max-width: 500px) 100vw, 500px\" \/><\/figure>\n\n\n\n<div style=\"height:30px\" aria-hidden=\"true\" class=\"wp-block-spacer\"><\/div>\n\n\n\n<p class=\"is-style-com_titular_4 has-taronja-ared-color has-text-color has-link-color wp-elements-39aca40fc1373e990b14b3992bd34b23\">Visibilidad como empresa comprometida  <\/p>\n<\/div>\n<\/div>\n<\/div>\n\n\n\n<div class=\"wp-block-ared-marges maq-contenidor estreta marge-superior-gran marge-inferior-\" data-aos=\"off\" data-aos-delay=\"aos_delay\">\n<div class=\"wp-block-columns is-layout-flex wp-container-core-columns-is-layout-9d6595d7 wp-block-columns-is-layout-flex\">\n<div class=\"wp-block-column is-layout-flow wp-block-column-is-layout-flow\">\n<p class=\"has-text-align-left is-style-com_titular_3 has-taronja-ared-color has-text-color has-link-color wp-elements-aab2adcfb8ff534fc8df66b2da5af322\"><strong>Gracias por tu donativo<\/strong> .<\/p>\n\n\n\n<p class=\"has-text-align-left is-style-com_titular_3 has-gris-ared-color has-text-color has-link-color wp-elements-638498999cf4a02e079c59990447e820\"><strong>\u00bfEn qu\u00e9 invertimos tu dinero?<\/strong><\/p>\n<\/div>\n<\/div>\n<\/div>\n\n\n\n<div class=\"wp-block-ared-marges maq-contenidor estreta marge-superior- marge-inferior-\" data-aos=\"off\" data-aos-delay=\"aos_delay\">\n<div class=\"wp-block-columns is-layout-flex wp-container-core-columns-is-layout-9d6595d7 wp-block-columns-is-layout-flex\">\n<div class=\"wp-block-column is-layout-flow wp-block-column-is-layout-flow\">\n<p class=\"is-style-default has-gris-ared-color has-text-color has-link-color wp-elements-05501e000213f7cd8761c6f13086b4c5\">Nuestra mayor inversi\u00f3n se centra en financiar los proyectos propios de la Fundaci\u00f3n Ared destinados a mejorar la calidad de vida y la empleabilidad de personas en situaci\u00f3n de vulnerabilidad.<br> Nuestras cuentas son p\u00fablicas y las puedes ver en el apartado <a href=\"https:\/\/www.fundacioared.org\/es\/transparencia\/\">Transparencia<\/a> de nuestra web.<\/p>\n\n\n\n<p>Si est\u00e1s interesado\/a en financiar uno de nuestros programas contacta con:<\/p>\n\n\n\n<p><strong>Carme Oca\u00f1a<\/strong><br><a href=\"mailto:carmeocana@fundacioared.org\">carmeocana@fundacioared.org<\/a><br> Tel. +34 635 974 271 <\/p>\n<\/div>\n<\/div>\n<\/div>\n\n\n\n<div class=\"wp-block-ared-marges maq-contenidor normal marge-superior-petit marge-inferior-petit\" data-aos=\"off\" data-aos-delay=\"aos_delay\">\n<div class=\"wp-block-columns are-vertically-aligned-top is-layout-flex wp-container-core-columns-is-layout-fd5ee069 wp-block-columns-is-layout-flex\" style=\"margin-top:0;margin-bottom:0;padding-top:0;padding-right:0;padding-bottom:0;padding-left:0\">\n<div class=\"wp-block-column is-vertically-aligned-top is-layout-flow wp-block-column-is-layout-flow\" style=\"padding-top:0;padding-right:var(--wp--preset--spacing--50);padding-bottom:0;padding-left:var(--wp--preset--spacing--50)\">\n<div style=\"height:2em\" aria-hidden=\"true\" class=\"wp-block-spacer\"><\/div>\n\n\n\n<figure class=\"wp-block-image size-full\"><img loading=\"lazy\" decoding=\"async\" width=\"2000\" height=\"1139\" src=\"https:\/\/www.fundacioared.org\/wp-content\/uploads\/COMUNICACION-INTERNA-17-1.jpg\" alt=\"\" class=\"wp-image-1974\" style=\"aspect-ratio:1;object-fit:cover\" srcset=\"https:\/\/www.fundacioared.org\/wp-content\/uploads\/COMUNICACION-INTERNA-17-1.jpg 2000w, https:\/\/www.fundacioared.org\/wp-content\/uploads\/COMUNICACION-INTERNA-17-1-300x171.jpg 300w, https:\/\/www.fundacioared.org\/wp-content\/uploads\/COMUNICACION-INTERNA-17-1-1024x583.jpg 1024w, https:\/\/www.fundacioared.org\/wp-content\/uploads\/COMUNICACION-INTERNA-17-1-768x437.jpg 768w, https:\/\/www.fundacioared.org\/wp-content\/uploads\/COMUNICACION-INTERNA-17-1-1536x875.jpg 1536w, https:\/\/www.fundacioared.org\/wp-content\/uploads\/COMUNICACION-INTERNA-17-1-340x194.jpg 340w, https:\/\/www.fundacioared.org\/wp-content\/uploads\/COMUNICACION-INTERNA-17-1-140x80.jpg 140w\" sizes=\"auto, (max-width: 2000px) 100vw, 2000px\" \/><\/figure>\n\n\n\n<div style=\"height:30px\" aria-hidden=\"true\" class=\"wp-block-spacer\"><\/div>\n\n\n\n<p class=\"is-style-com_titular_4\">Mujer Igualdad:<br> Dona un Pas<\/p>\n\n\n\n<p>Programa de inserci\u00f3n laboral para mujeres que han sufrido o sufren violencia machista.<\/p>\n\n\n\n<div class=\"wp-block-buttons is-layout-flex wp-block-buttons-is-layout-flex\">\n<div class=\"wp-block-button\"><a class=\"wp-block-button__link wp-element-button\" href=\"https:\/\/www.fundacioared.org\/es\/mujer-igualdad\/\">Saber m\u00e1s<\/a><\/div>\n<\/div>\n<\/div>\n\n\n\n<div class=\"wp-block-column is-vertically-aligned-top is-layout-flow wp-block-column-is-layout-flow\" style=\"padding-top:0;padding-right:var(--wp--preset--spacing--50);padding-bottom:0;padding-left:var(--wp--preset--spacing--50)\">\n<div style=\"height:2em\" aria-hidden=\"true\" class=\"wp-block-spacer\"><\/div>\n\n\n\n<figure class=\"wp-block-image size-full\"><img loading=\"lazy\" decoding=\"async\" width=\"2000\" height=\"1414\" src=\"https:\/\/www.fundacioared.org\/wp-content\/uploads\/COMUNICACION-INTERNA-15.jpg\" alt=\"\" class=\"wp-image-1210\" style=\"aspect-ratio:1;object-fit:cover\" srcset=\"https:\/\/www.fundacioared.org\/wp-content\/uploads\/COMUNICACION-INTERNA-15.jpg 2000w, https:\/\/www.fundacioared.org\/wp-content\/uploads\/COMUNICACION-INTERNA-15-300x212.jpg 300w, https:\/\/www.fundacioared.org\/wp-content\/uploads\/COMUNICACION-INTERNA-15-1024x724.jpg 1024w, https:\/\/www.fundacioared.org\/wp-content\/uploads\/COMUNICACION-INTERNA-15-768x543.jpg 768w, https:\/\/www.fundacioared.org\/wp-content\/uploads\/COMUNICACION-INTERNA-15-1536x1086.jpg 1536w, https:\/\/www.fundacioared.org\/wp-content\/uploads\/COMUNICACION-INTERNA-15-340x240.jpg 340w, https:\/\/www.fundacioared.org\/wp-content\/uploads\/COMUNICACION-INTERNA-15-140x99.jpg 140w\" sizes=\"auto, (max-width: 2000px) 100vw, 2000px\" \/><\/figure>\n\n\n\n<div style=\"height:30px\" aria-hidden=\"true\" class=\"wp-block-spacer\"><\/div>\n\n\n\n<p class=\"is-style-com_titular_4\"><strong>Mujer<\/strong> Salud:<br>Fem Cam\u00e7\u00ed<\/p>\n\n\n\n<p class=\"has-gris-ared-color has-text-color has-link-color wp-elements-bd5da84f6a91298d7632380043a361c7\">Programa de inserci\u00f3n laboral para mujeres diagnosticadas de Fibromialgia y\/o S\u00edndrome de Fatiga Cr\u00f3nica.<\/p>\n\n\n\n<div class=\"wp-block-buttons is-layout-flex wp-block-buttons-is-layout-flex\">\n<div class=\"wp-block-button\"><a class=\"wp-block-button__link wp-element-button\" href=\"https:\/\/www.fundacioared.org\/es\/mujer-salud\/\">Saber m\u00e1s<\/a><\/div>\n<\/div>\n\n\n\n<p class=\"has-gris-ared-color has-text-color has-link-color wp-elements-eb4084395ced2f24af3330d956dcea91\">&nbsp;<\/p>\n<\/div>\n\n\n\n<div class=\"wp-block-column is-vertically-aligned-top is-layout-flow wp-block-column-is-layout-flow\" style=\"padding-top:0;padding-right:var(--wp--preset--spacing--50);padding-bottom:0;padding-left:var(--wp--preset--spacing--50)\">\n<div style=\"height:2em\" aria-hidden=\"true\" class=\"wp-block-spacer\"><\/div>\n\n\n\n<figure class=\"wp-block-image size-full\"><img loading=\"lazy\" decoding=\"async\" width=\"2000\" height=\"1414\" src=\"https:\/\/www.fundacioared.org\/wp-content\/uploads\/Copia-de-FOAP-MODULOS-FORMATIVOS.jpg\" alt=\"\" class=\"wp-image-1979\" style=\"aspect-ratio:1;object-fit:cover\" srcset=\"https:\/\/www.fundacioared.org\/wp-content\/uploads\/Copia-de-FOAP-MODULOS-FORMATIVOS.jpg 2000w, https:\/\/www.fundacioared.org\/wp-content\/uploads\/Copia-de-FOAP-MODULOS-FORMATIVOS-300x212.jpg 300w, https:\/\/www.fundacioared.org\/wp-content\/uploads\/Copia-de-FOAP-MODULOS-FORMATIVOS-1024x724.jpg 1024w, https:\/\/www.fundacioared.org\/wp-content\/uploads\/Copia-de-FOAP-MODULOS-FORMATIVOS-768x543.jpg 768w, https:\/\/www.fundacioared.org\/wp-content\/uploads\/Copia-de-FOAP-MODULOS-FORMATIVOS-1536x1086.jpg 1536w, https:\/\/www.fundacioared.org\/wp-content\/uploads\/Copia-de-FOAP-MODULOS-FORMATIVOS-340x240.jpg 340w, https:\/\/www.fundacioared.org\/wp-content\/uploads\/Copia-de-FOAP-MODULOS-FORMATIVOS-140x99.jpg 140w\" sizes=\"auto, (max-width: 2000px) 100vw, 2000px\" \/><\/figure>\n\n\n\n<div style=\"height:30px\" aria-hidden=\"true\" class=\"wp-block-spacer\"><\/div>\n\n\n\n<p class=\"is-style-com_titular_4\">Avan\u00e7a&#8217;t al <br>teu Futur<\/p>\n\n\n\n<p class=\"has-gris-ared-color has-text-color has-link-color wp-elements-96c505627ae5d0ce116e28e97a68c02a\">Programa de acompa\u00f1amiento a la inserci\u00f3n laboral de personas desempleadas en situaci\u00f3n vulnerable.<\/p>\n\n\n\n<div class=\"wp-block-buttons is-layout-flex wp-block-buttons-is-layout-flex\">\n<div class=\"wp-block-button\"><a class=\"wp-block-button__link wp-element-button\" href=\"https:\/\/www.fundacioared.org\/es\/adelantate-a-tu-futuro\/\">Saber m\u00e1s<\/a><\/div>\n<\/div>\n<\/div>\n<\/div>\n<\/div>\n\n\n\n<div class=\"wp-block-ared-marges maq-contenidor estreta marge-superior-gran marge-inferior-\" data-aos=\"off\" data-aos-delay=\"aos_delay\">\n<div class=\"wp-block-columns is-layout-flex wp-container-core-columns-is-layout-9d6595d7 wp-block-columns-is-layout-flex\">\n<div class=\"wp-block-column is-layout-flow wp-block-column-is-layout-flow\">\n<p class=\"is-style-com_titular_4 has-taronja-ared-color has-text-color has-link-color wp-elements-c1dee5406c85f94c88d4724b3ac04dcd\">En la Fundaci\u00f3n Ared, la empresa de inserci\u00f3n y el Centro Especial de Empleo estamos en consonancia con los siguientes Objetivos de Desarrollo Sostenible (ODS)<\/p>\n<\/div>\n<\/div>\n<\/div>\n\n\n\n<div class=\"wp-block-ared-marges maq-contenidor normal marge-superior-petit marge-inferior-\" data-aos=\"off\" data-aos-delay=\"aos_delay\">\n<div class=\"wp-block-columns is-layout-flex wp-container-core-columns-is-layout-9d6595d7 wp-block-columns-is-layout-flex\">\n<div class=\"wp-block-column is-layout-flow wp-block-column-is-layout-flow\">\n<figure class=\"wp-block-image size-full\"><img loading=\"lazy\" decoding=\"async\" width=\"1500\" height=\"1500\" src=\"https:\/\/www.fundacioared.org\/wp-content\/uploads\/2-hambre-cero-3.png\" alt=\"\" class=\"wp-image-4986\" srcset=\"https:\/\/www.fundacioared.org\/wp-content\/uploads\/2-hambre-cero-3.png 1500w, https:\/\/www.fundacioared.org\/wp-content\/uploads\/2-hambre-cero-3-300x300.png 300w, https:\/\/www.fundacioared.org\/wp-content\/uploads\/2-hambre-cero-3-1024x1024.png 1024w, https:\/\/www.fundacioared.org\/wp-content\/uploads\/2-hambre-cero-3-150x150.png 150w, https:\/\/www.fundacioared.org\/wp-content\/uploads\/2-hambre-cero-3-768x768.png 768w, https:\/\/www.fundacioared.org\/wp-content\/uploads\/2-hambre-cero-3-600x600.png 600w, https:\/\/www.fundacioared.org\/wp-content\/uploads\/2-hambre-cero-3-340x340.png 340w, https:\/\/www.fundacioared.org\/wp-content\/uploads\/2-hambre-cero-3-140x140.png 140w\" sizes=\"auto, (max-width: 1500px) 100vw, 1500px\" \/><\/figure>\n<\/div>\n\n\n\n<div class=\"wp-block-column is-layout-flow wp-block-column-is-layout-flow\">\n<figure class=\"wp-block-image size-full\"><img loading=\"lazy\" decoding=\"async\" width=\"1500\" height=\"1500\" src=\"https:\/\/www.fundacioared.org\/wp-content\/uploads\/2-hambre-cero-4.png\" alt=\"\" class=\"wp-image-4988\" srcset=\"https:\/\/www.fundacioared.org\/wp-content\/uploads\/2-hambre-cero-4.png 1500w, https:\/\/www.fundacioared.org\/wp-content\/uploads\/2-hambre-cero-4-300x300.png 300w, https:\/\/www.fundacioared.org\/wp-content\/uploads\/2-hambre-cero-4-1024x1024.png 1024w, https:\/\/www.fundacioared.org\/wp-content\/uploads\/2-hambre-cero-4-150x150.png 150w, https:\/\/www.fundacioared.org\/wp-content\/uploads\/2-hambre-cero-4-768x768.png 768w, https:\/\/www.fundacioared.org\/wp-content\/uploads\/2-hambre-cero-4-600x600.png 600w, https:\/\/www.fundacioared.org\/wp-content\/uploads\/2-hambre-cero-4-340x340.png 340w, https:\/\/www.fundacioared.org\/wp-content\/uploads\/2-hambre-cero-4-140x140.png 140w\" sizes=\"auto, (max-width: 1500px) 100vw, 1500px\" \/><\/figure>\n<\/div>\n\n\n\n<div class=\"wp-block-column is-layout-flow wp-block-column-is-layout-flow\">\n<figure class=\"wp-block-image size-full\"><img loading=\"lazy\" decoding=\"async\" width=\"1500\" height=\"1500\" src=\"https:\/\/www.fundacioared.org\/wp-content\/uploads\/2-hambre-cero-5.png\" alt=\"\" class=\"wp-image-4990\" srcset=\"https:\/\/www.fundacioared.org\/wp-content\/uploads\/2-hambre-cero-5.png 1500w, https:\/\/www.fundacioared.org\/wp-content\/uploads\/2-hambre-cero-5-300x300.png 300w, https:\/\/www.fundacioared.org\/wp-content\/uploads\/2-hambre-cero-5-1024x1024.png 1024w, https:\/\/www.fundacioared.org\/wp-content\/uploads\/2-hambre-cero-5-150x150.png 150w, https:\/\/www.fundacioared.org\/wp-content\/uploads\/2-hambre-cero-5-768x768.png 768w, https:\/\/www.fundacioared.org\/wp-content\/uploads\/2-hambre-cero-5-600x600.png 600w, https:\/\/www.fundacioared.org\/wp-content\/uploads\/2-hambre-cero-5-340x340.png 340w, https:\/\/www.fundacioared.org\/wp-content\/uploads\/2-hambre-cero-5-140x140.png 140w\" sizes=\"auto, (max-width: 1500px) 100vw, 1500px\" \/><\/figure>\n<\/div>\n\n\n\n<div class=\"wp-block-column is-layout-flow wp-block-column-is-layout-flow\">\n<figure class=\"wp-block-image size-full\"><img loading=\"lazy\" decoding=\"async\" width=\"1500\" height=\"1500\" src=\"https:\/\/www.fundacioared.org\/wp-content\/uploads\/2-hambre-cero-8.png\" alt=\"\" class=\"wp-image-4992\" srcset=\"https:\/\/www.fundacioared.org\/wp-content\/uploads\/2-hambre-cero-8.png 1500w, https:\/\/www.fundacioared.org\/wp-content\/uploads\/2-hambre-cero-8-300x300.png 300w, https:\/\/www.fundacioared.org\/wp-content\/uploads\/2-hambre-cero-8-1024x1024.png 1024w, https:\/\/www.fundacioared.org\/wp-content\/uploads\/2-hambre-cero-8-150x150.png 150w, https:\/\/www.fundacioared.org\/wp-content\/uploads\/2-hambre-cero-8-768x768.png 768w, https:\/\/www.fundacioared.org\/wp-content\/uploads\/2-hambre-cero-8-600x600.png 600w, https:\/\/www.fundacioared.org\/wp-content\/uploads\/2-hambre-cero-8-340x340.png 340w, https:\/\/www.fundacioared.org\/wp-content\/uploads\/2-hambre-cero-8-140x140.png 140w\" sizes=\"auto, (max-width: 1500px) 100vw, 1500px\" \/><\/figure>\n<\/div>\n\n\n\n<div class=\"wp-block-column is-layout-flow wp-block-column-is-layout-flow\">\n<figure class=\"wp-block-image size-full\"><img loading=\"lazy\" decoding=\"async\" width=\"1500\" height=\"1500\" src=\"https:\/\/www.fundacioared.org\/wp-content\/uploads\/2-hambre-cero-10.png\" alt=\"\" class=\"wp-image-4994\" srcset=\"https:\/\/www.fundacioared.org\/wp-content\/uploads\/2-hambre-cero-10.png 1500w, https:\/\/www.fundacioared.org\/wp-content\/uploads\/2-hambre-cero-10-300x300.png 300w, https:\/\/www.fundacioared.org\/wp-content\/uploads\/2-hambre-cero-10-1024x1024.png 1024w, https:\/\/www.fundacioared.org\/wp-content\/uploads\/2-hambre-cero-10-150x150.png 150w, https:\/\/www.fundacioared.org\/wp-content\/uploads\/2-hambre-cero-10-768x768.png 768w, https:\/\/www.fundacioared.org\/wp-content\/uploads\/2-hambre-cero-10-600x600.png 600w, https:\/\/www.fundacioared.org\/wp-content\/uploads\/2-hambre-cero-10-340x340.png 340w, https:\/\/www.fundacioared.org\/wp-content\/uploads\/2-hambre-cero-10-140x140.png 140w\" sizes=\"auto, (max-width: 1500px) 100vw, 1500px\" \/><\/figure>\n<\/div>\n\n\n\n<div class=\"wp-block-column is-layout-flow wp-block-column-is-layout-flow\">\n<figure class=\"wp-block-image size-full\"><img loading=\"lazy\" decoding=\"async\" width=\"1500\" height=\"1500\" src=\"https:\/\/www.fundacioared.org\/wp-content\/uploads\/2-hambre-cero-16.png\" alt=\"\" class=\"wp-image-4996\" srcset=\"https:\/\/www.fundacioared.org\/wp-content\/uploads\/2-hambre-cero-16.png 1500w, https:\/\/www.fundacioared.org\/wp-content\/uploads\/2-hambre-cero-16-300x300.png 300w, https:\/\/www.fundacioared.org\/wp-content\/uploads\/2-hambre-cero-16-1024x1024.png 1024w, https:\/\/www.fundacioared.org\/wp-content\/uploads\/2-hambre-cero-16-150x150.png 150w, https:\/\/www.fundacioared.org\/wp-content\/uploads\/2-hambre-cero-16-768x768.png 768w, https:\/\/www.fundacioared.org\/wp-content\/uploads\/2-hambre-cero-16-600x600.png 600w, https:\/\/www.fundacioared.org\/wp-content\/uploads\/2-hambre-cero-16-340x340.png 340w, https:\/\/www.fundacioared.org\/wp-content\/uploads\/2-hambre-cero-16-140x140.png 140w\" sizes=\"auto, (max-width: 1500px) 100vw, 1500px\" \/><\/figure>\n<\/div>\n\n\n\n<div class=\"wp-block-column is-layout-flow wp-block-column-is-layout-flow\">\n<figure class=\"wp-block-image size-full\"><img loading=\"lazy\" decoding=\"async\" width=\"1500\" height=\"1500\" src=\"https:\/\/www.fundacioared.org\/wp-content\/uploads\/2-hambre-cero-17.png\" alt=\"\" class=\"wp-image-4998\" srcset=\"https:\/\/www.fundacioared.org\/wp-content\/uploads\/2-hambre-cero-17.png 1500w, https:\/\/www.fundacioared.org\/wp-content\/uploads\/2-hambre-cero-17-300x300.png 300w, https:\/\/www.fundacioared.org\/wp-content\/uploads\/2-hambre-cero-17-1024x1024.png 1024w, https:\/\/www.fundacioared.org\/wp-content\/uploads\/2-hambre-cero-17-150x150.png 150w, https:\/\/www.fundacioared.org\/wp-content\/uploads\/2-hambre-cero-17-768x768.png 768w, https:\/\/www.fundacioared.org\/wp-content\/uploads\/2-hambre-cero-17-600x600.png 600w, https:\/\/www.fundacioared.org\/wp-content\/uploads\/2-hambre-cero-17-340x340.png 340w, https:\/\/www.fundacioared.org\/wp-content\/uploads\/2-hambre-cero-17-140x140.png 140w\" sizes=\"auto, (max-width: 1500px) 100vw, 1500px\" \/><\/figure>\n<\/div>\n<\/div>\n<\/div>\n\n\n\n<p><\/p>\n","protected":false},"excerpt":{"rendered":"","protected":false},"author":1,"featured_media":0,"parent":4664,"menu_order":27,"comment_status":"closed","ping_status":"closed","template":"","meta":{"_acf_changed":false,"footnotes":""},"class_list":["post-4654","page","type-page","status-publish","hentry"],"acf":[],"_links":{"self":[{"href":"https:\/\/www.fundacioared.org\/es\/wp-json\/wp\/v2\/pages\/4654","targetHints":{"allow":["GET"]}}],"collection":[{"href":"https:\/\/www.fundacioared.org\/es\/wp-json\/wp\/v2\/pages"}],"about":[{"href":"https:\/\/www.fundacioared.org\/es\/wp-json\/wp\/v2\/types\/page"}],"author":[{"embeddable":true,"href":"https:\/\/www.fundacioared.org\/es\/wp-json\/wp\/v2\/users\/1"}],"replies":[{"embeddable":true,"href":"https:\/\/www.fundacioared.org\/es\/wp-json\/wp\/v2\/comments?post=4654"}],"version-history":[{"count":4,"href":"https:\/\/www.fundacioared.org\/es\/wp-json\/wp\/v2\/pages\/4654\/revisions"}],"predecessor-version":[{"id":5000,"href":"https:\/\/www.fundacioared.org\/es\/wp-json\/wp\/v2\/pages\/4654\/revisions\/5000"}],"up":[{"embeddable":true,"href":"https:\/\/www.fundacioared.org\/es\/wp-json\/wp\/v2\/pages\/4664"}],"wp:attachment":[{"href":"https:\/\/www.fundacioared.org\/es\/wp-json\/wp\/v2\/media?parent=4654"}],"curies":[{"name":"wp","href":"https:\/\/api.w.org\/{rel}","templated":true}]}}