{"id":4658,"date":"2024-10-28T19:41:35","date_gmt":"2024-10-28T18:41:35","guid":{"rendered":"https:\/\/www.fundacioared.org\/programa-de-insercion-laboral-y-formacion\/"},"modified":"2025-01-15T16:38:30","modified_gmt":"2025-01-15T15:38:30","slug":"programa-de-insercion-laboral-y-formacion","status":"publish","type":"page","link":"https:\/\/www.fundacioared.org\/es\/empresa-solidaria\/programa-de-insercion-laboral-y-formacion\/","title":{"rendered":"Programa de inserci\u00f3n laboral y formaci\u00f3n"},"content":{"rendered":"\n<div class=\"wp-block-ared-cabecera mod-cabecera\"><div class=\"slider\">\n<div class=\"wp-block-ared-cabecera-interior slide\"><div class=\"image\" style=\"background-image:url(https:\/\/www.fundacioared.org\/wp-content\/uploads\/25-NOVEMBRE-24.jpg)\"><div class=\"text maq-contenidor\">\n<p class=\"is-style-com_titular_3 has-blanc-color has-text-color has-link-color wp-elements-69ca0a85d9769a683e57f2956da2d6b8\">Las empresas sois el trampol\u00edn  <\/p>\n\n\n\n<p class=\"has-blanc-color has-text-color has-link-color wp-elements-39dac1c5a9a392a9cab34426511fc539\">Las empresas generan un impacto social positivo<br\/> a trav\u00e9s de ofrecer nuevas oportunidades<\/p>\n<\/div><\/div><\/div>\n<\/div><\/div>\n\n<div class=\"wp-block-ared-marges maq-contenidor estreta marge-superior-petit marge-inferior-\" data-aos=\"off\" data-aos-delay=\"aos_delay\">\n<p class=\"is-style-com_titular_3\">Colabora en la inserci\u00f3n y formaci\u00f3n laboral<\/p>\n<\/div>\n\n<div class=\"wp-block-ared-marges maq-contenidor estreta marge-superior- marge-inferior-\" data-aos=\"off\" data-aos-delay=\"aos_delay\">\n<div class=\"wp-block-columns is-layout-flex wp-container-core-columns-is-layout-9d6595d7 wp-block-columns-is-layout-flex\">\n<div class=\"wp-block-column is-layout-flow wp-block-column-is-layout-flow\">\n<p class=\"is-style-default has-gris-ared-color has-text-color has-link-color wp-elements-991fb12516512674be4d546f6f2b0301\">Las empresas sois el trampol\u00edn que las personas en situaci\u00f3n de vulnerabilidad necesitan para integrarse en el mercado laboral.<\/p>\n\n\n\n<p><strong>Creamos juntas nuevas oportunidades laborales y transformamos vidas:<\/strong> favorece, como empresa responsable, la inserci\u00f3n laboral de personas en riesgo de exclusi\u00f3n social-<\/p>\n<\/div>\n<\/div>\n<\/div>\n\n<div style=\"height:100px\" aria-hidden=\"true\" class=\"wp-block-spacer\"><\/div>\n\n<p class=\"has-text-align-center is-style-com_titular_3\">C\u00f3mo puedes colaborar c\u00f3mo<br\/> a <mark style=\"background-color:rgba(0, 0, 0, 0)\" class=\"has-inline-color has-taronja-ared-color\">Empresa Responsable?<\/mark><\/p>\n\n<div class=\"wp-block-ared-marges maq-contenidor normal marge-superior-petit marge-inferior-petit\" data-aos=\"off\" data-aos-delay=\"aos_delay\">\n<div class=\"wp-block-columns is-layout-flex wp-container-core-columns-is-layout-9d6595d7 wp-block-columns-is-layout-flex\">\n<div class=\"wp-block-column is-layout-flow wp-block-column-is-layout-flow\" style=\"padding-right:0;padding-left:0\">\n<figure class=\"wp-block-image aligncenter size-full is-resized\"><img loading=\"lazy\" decoding=\"async\" width=\"1080\" height=\"1080\" src=\"https:\/\/www.fundacioared.org\/wp-content\/uploads\/1_Illusio.jpg\" alt=\"\" class=\"wp-image-2585\" style=\"width:150px\" srcset=\"https:\/\/www.fundacioared.org\/wp-content\/uploads\/1_Illusio.jpg 1080w, https:\/\/www.fundacioared.org\/wp-content\/uploads\/1_Illusio-300x300.jpg 300w, https:\/\/www.fundacioared.org\/wp-content\/uploads\/1_Illusio-1024x1024.jpg 1024w, https:\/\/www.fundacioared.org\/wp-content\/uploads\/1_Illusio-150x150.jpg 150w, https:\/\/www.fundacioared.org\/wp-content\/uploads\/1_Illusio-768x768.jpg 768w, https:\/\/www.fundacioared.org\/wp-content\/uploads\/1_Illusio-600x600.jpg 600w, https:\/\/www.fundacioared.org\/wp-content\/uploads\/1_Illusio-340x340.jpg 340w, https:\/\/www.fundacioared.org\/wp-content\/uploads\/1_Illusio-140x140.jpg 140w\" sizes=\"auto, (max-width: 1080px) 100vw, 1080px\" \/><\/figure>\n\n\n\n<div style=\"height:30px\" aria-hidden=\"true\" class=\"wp-block-spacer\"><\/div>\n\n\n\n<p class=\"has-text-align-center is-style-com_titular_4 has-taronja-ared-color has-text-color has-link-color wp-elements-532f802c1107d6571105fcc29970ecdf\"><strong>Con la inserci\u00f3n laboral<\/strong><\/p>\n\n\n\n<p class=\"has-text-align-center\">Ofreciendo oportunidades laborales a las personas en situaci\u00f3n de vulnerabilidad que acompa\u00f1amos desde Ared<\/p>\n<\/div>\n\n\n\n<div class=\"wp-block-column is-layout-flow wp-block-column-is-layout-flow\" style=\"padding-right:0;padding-left:0\">\n<figure class=\"wp-block-image aligncenter size-full is-resized\"><img loading=\"lazy\" decoding=\"async\" width=\"1080\" height=\"1080\" src=\"https:\/\/www.fundacioared.org\/wp-content\/uploads\/Dones-Ared-68.png\" alt=\"\" class=\"wp-image-3682\" style=\"width:150px\" srcset=\"https:\/\/www.fundacioared.org\/wp-content\/uploads\/Dones-Ared-68.png 1080w, https:\/\/www.fundacioared.org\/wp-content\/uploads\/Dones-Ared-68-300x300.png 300w, https:\/\/www.fundacioared.org\/wp-content\/uploads\/Dones-Ared-68-1024x1024.png 1024w, https:\/\/www.fundacioared.org\/wp-content\/uploads\/Dones-Ared-68-150x150.png 150w, https:\/\/www.fundacioared.org\/wp-content\/uploads\/Dones-Ared-68-768x768.png 768w, https:\/\/www.fundacioared.org\/wp-content\/uploads\/Dones-Ared-68-600x600.png 600w, https:\/\/www.fundacioared.org\/wp-content\/uploads\/Dones-Ared-68-340x340.png 340w, https:\/\/www.fundacioared.org\/wp-content\/uploads\/Dones-Ared-68-140x140.png 140w\" sizes=\"auto, (max-width: 1080px) 100vw, 1080px\" \/><\/figure>\n\n\n\n<div style=\"height:30px\" aria-hidden=\"true\" class=\"wp-block-spacer\"><\/div>\n\n\n\n<p class=\"has-text-align-center is-style-com_titular_4 has-taronja-ared-color has-text-color has-link-color wp-elements-7a4bd3691ae6370f5e9200396c920a3c\"><strong>Acogiendo alumnos en pr\u00e1cticas<\/strong><\/p>\n\n\n\n<p class=\"has-text-align-center\">Abriendo las puertas a nuestras alumnas para realizar sus pr\u00e1cticas de cocina, confecci\u00f3n o atenci\u00f3n sociosanitaria<\/p>\n<\/div>\n\n\n\n<div class=\"wp-block-column is-layout-flow wp-block-column-is-layout-flow\" style=\"padding-right:0;padding-left:0\">\n<figure class=\"wp-block-image aligncenter size-full is-resized\"><img loading=\"lazy\" decoding=\"async\" width=\"1080\" height=\"1080\" src=\"https:\/\/www.fundacioared.org\/wp-content\/uploads\/Dones-Ared-69.png\" alt=\"\" class=\"wp-image-3683\" style=\"width:150px\" srcset=\"https:\/\/www.fundacioared.org\/wp-content\/uploads\/Dones-Ared-69.png 1080w, https:\/\/www.fundacioared.org\/wp-content\/uploads\/Dones-Ared-69-300x300.png 300w, https:\/\/www.fundacioared.org\/wp-content\/uploads\/Dones-Ared-69-1024x1024.png 1024w, https:\/\/www.fundacioared.org\/wp-content\/uploads\/Dones-Ared-69-150x150.png 150w, https:\/\/www.fundacioared.org\/wp-content\/uploads\/Dones-Ared-69-768x768.png 768w, https:\/\/www.fundacioared.org\/wp-content\/uploads\/Dones-Ared-69-600x600.png 600w, https:\/\/www.fundacioared.org\/wp-content\/uploads\/Dones-Ared-69-340x340.png 340w, https:\/\/www.fundacioared.org\/wp-content\/uploads\/Dones-Ared-69-140x140.png 140w\" sizes=\"auto, (max-width: 1080px) 100vw, 1080px\" \/><\/figure>\n\n\n\n<div style=\"height:30px\" aria-hidden=\"true\" class=\"wp-block-spacer\"><\/div>\n\n\n\n<p class=\"has-text-align-center is-style-com_titular_4 has-taronja-ared-color has-text-color has-link-color wp-elements-2967c8e1e42cc0f821a99052a9291624\">Con acciones de sensibilizaci\u00f3n<strong> <\/strong><\/p>\n\n\n\n<p class=\"has-text-align-center\">Realizando campa\u00f1as de concienciaci\u00f3n social a favor de la Fundaci\u00f3n y visibilizando nuestra misi\u00f3n<\/p>\n<\/div>\n\n\n\n<div class=\"wp-block-column is-layout-flow wp-block-column-is-layout-flow\" style=\"padding-right:0;padding-left:0\">\n<figure class=\"wp-block-image aligncenter size-full is-resized\"><img loading=\"lazy\" decoding=\"async\" width=\"1080\" height=\"1080\" src=\"https:\/\/www.fundacioared.org\/wp-content\/uploads\/Dones-Ared-70.png\" alt=\"\" class=\"wp-image-3684\" style=\"width:150px\" srcset=\"https:\/\/www.fundacioared.org\/wp-content\/uploads\/Dones-Ared-70.png 1080w, https:\/\/www.fundacioared.org\/wp-content\/uploads\/Dones-Ared-70-300x300.png 300w, https:\/\/www.fundacioared.org\/wp-content\/uploads\/Dones-Ared-70-1024x1024.png 1024w, https:\/\/www.fundacioared.org\/wp-content\/uploads\/Dones-Ared-70-150x150.png 150w, https:\/\/www.fundacioared.org\/wp-content\/uploads\/Dones-Ared-70-768x768.png 768w, https:\/\/www.fundacioared.org\/wp-content\/uploads\/Dones-Ared-70-600x600.png 600w, https:\/\/www.fundacioared.org\/wp-content\/uploads\/Dones-Ared-70-340x340.png 340w, https:\/\/www.fundacioared.org\/wp-content\/uploads\/Dones-Ared-70-140x140.png 140w\" sizes=\"auto, (max-width: 1080px) 100vw, 1080px\" \/><\/figure>\n\n\n\n<div style=\"height:30px\" aria-hidden=\"true\" class=\"wp-block-spacer\"><\/div>\n\n\n\n<p class=\"has-text-align-center is-style-com_titular_4 has-taronja-ared-color has-text-color has-link-color wp-elements-b0db382b7f4e6e65f6b3ab3c66030085\"><strong>Financiando Becas de formaci\u00f3n<\/strong><\/p>\n\n\n\n<p class=\"has-text-align-center\">Ofreciendo oportunidades de formaci\u00f3n homologada a personas sin recursos econ\u00f3micos y en situaci\u00f3n vulnerable<\/p>\n<\/div>\n<\/div>\n<\/div>\n\n<div class=\"wp-block-media-text is-stacked-on-mobile is-vertically-aligned-top\"><figure class=\"wp-block-media-text__media\"><img loading=\"lazy\" decoding=\"async\" width=\"1024\" height=\"724\" src=\"https:\/\/www.fundacioared.org\/wp-content\/uploads\/COMUNICACION-INTERNA-46-1024x724.jpg\" alt=\"\" class=\"wp-image-3427 size-full\" srcset=\"https:\/\/www.fundacioared.org\/wp-content\/uploads\/COMUNICACION-INTERNA-46-1024x724.jpg 1024w, https:\/\/www.fundacioared.org\/wp-content\/uploads\/COMUNICACION-INTERNA-46-300x212.jpg 300w, https:\/\/www.fundacioared.org\/wp-content\/uploads\/COMUNICACION-INTERNA-46-768x543.jpg 768w, https:\/\/www.fundacioared.org\/wp-content\/uploads\/COMUNICACION-INTERNA-46-1536x1086.jpg 1536w, https:\/\/www.fundacioared.org\/wp-content\/uploads\/COMUNICACION-INTERNA-46-340x240.jpg 340w, https:\/\/www.fundacioared.org\/wp-content\/uploads\/COMUNICACION-INTERNA-46-140x99.jpg 140w, https:\/\/www.fundacioared.org\/wp-content\/uploads\/COMUNICACION-INTERNA-46.jpg 2000w\" sizes=\"auto, (max-width: 1024px) 100vw, 1024px\" \/><\/figure><div class=\"wp-block-media-text__content\">\n<div style=\"height:48px\" aria-hidden=\"true\" class=\"wp-block-spacer\"><\/div>\n\n\n\n<p class=\"is-style-com_titular_5\">Empresa<br\/> Responsable<\/p>\n\n\n\n<p class=\"is-style-com_titular_3\"><strong><strong>\u00bfQu\u00e9 te ofrece la<\/strong><\/strong><br\/> <strong><strong>\u00bfFundaci\u00f3n Ared?<\/strong><\/strong><\/p>\n\n\n\n<p><\/p>\n\n\n\n<ul class=\"wp-block-list\">\n<li><strong>Alumnos calificados<\/strong> <strong>para realizar pr\u00e1cticas<\/strong> <strong>profesionales no laborales<\/strong> de cocina, confecci\u00f3n y atenci\u00f3n sociosanitaria.<\/li>\n<\/ul>\n\n\n\n<ul class=\"wp-block-list\">\n<li><strong>Asesoramiento y acompa\u00f1amiento personalizado<\/strong> durante todo el per\u00edodo de pr\u00e1cticas.<\/li>\n<\/ul>\n\n\n\n<ul class=\"wp-block-list\">\n<li>Presentaci\u00f3n de candidaturas y <strong>perfiles de acuerdo con las necesidades<\/strong> <strong>de contrataci\u00f3n.<\/strong><\/li>\n<\/ul>\n\n\n\n<ul class=\"wp-block-list\">\n<li><strong>Seguimiento de las personas trabajadoras<\/strong> insertadas.<\/li>\n<\/ul>\n\n\n\n<ul class=\"wp-block-list\">\n<li><strong>Acompa\u00f1amiento a la empresa post inserci\u00f3n<\/strong> laboral.<\/li>\n<\/ul>\n\n\n\n<div style=\"height:35px\" aria-hidden=\"true\" class=\"wp-block-spacer\"><\/div>\n<\/div><\/div>\n\n<div class=\"wp-block-cover\"><span aria-hidden=\"true\" class=\"wp-block-cover__background has-black-background-color has-background-dim-70 has-background-dim\"><\/span><img loading=\"lazy\" decoding=\"async\" width=\"2500\" height=\"787\" class=\"wp-block-cover__image-background wp-image-2394\" alt=\"\" src=\"https:\/\/www.fundacioared.org\/wp-content\/uploads\/Persona-solidaria-01.jpg\" data-object-fit=\"cover\" srcset=\"https:\/\/www.fundacioared.org\/wp-content\/uploads\/Persona-solidaria-01.jpg 2500w, https:\/\/www.fundacioared.org\/wp-content\/uploads\/Persona-solidaria-01-300x94.jpg 300w, https:\/\/www.fundacioared.org\/wp-content\/uploads\/Persona-solidaria-01-1024x322.jpg 1024w, https:\/\/www.fundacioared.org\/wp-content\/uploads\/Persona-solidaria-01-768x242.jpg 768w, https:\/\/www.fundacioared.org\/wp-content\/uploads\/Persona-solidaria-01-1536x484.jpg 1536w, https:\/\/www.fundacioared.org\/wp-content\/uploads\/Persona-solidaria-01-2048x645.jpg 2048w, https:\/\/www.fundacioared.org\/wp-content\/uploads\/Persona-solidaria-01-340x107.jpg 340w, https:\/\/www.fundacioared.org\/wp-content\/uploads\/Persona-solidaria-01-140x44.jpg 140w\" sizes=\"auto, (max-width: 2500px) 100vw, 2500px\" \/><div class=\"wp-block-cover__inner-container is-layout-flow wp-block-cover-is-layout-flow\">\n<div class=\"wp-block-ared-marges maq-contenidor normal marge-superior-petit marge-inferior-petit\" data-aos=\"off\" data-aos-delay=\"aos_delay\">\n<p class=\"is-style-com_titular_2 has-blanc-color has-text-color has-link-color wp-elements-1bf94ff98dd78bb3c338f4943d07a9cf\">S\u00famate y Contacta<\/p>\n\n\n\n<p class=\"is-style-com_titular_4 has-blanc-color has-text-color has-link-color wp-elements-cbb6e1d76744c45f7a4b86e288f5cf20\">Marc Torres<br\/> <a href=\"mailto:marctorres@fundacioared.org\">marctorres@fundacioared.org<\/a><\/p>\n\n\n\n<div style=\"height:100px\" aria-hidden=\"true\" class=\"wp-block-spacer\"><\/div>\n<\/div>\n<\/div><\/div>\n\n<div style=\"height:80px\" aria-hidden=\"true\" class=\"wp-block-spacer\"><\/div>\n\n<p><\/p>\n","protected":false},"excerpt":{"rendered":"<p>C\u00f3mo puedes colaborar c\u00f3mo a Empresa Responsable?<\/p>\n","protected":false},"author":1,"featured_media":0,"parent":4664,"menu_order":29,"comment_status":"closed","ping_status":"closed","template":"","meta":{"_acf_changed":false,"footnotes":""},"class_list":["post-4658","page","type-page","status-publish","hentry"],"acf":[],"_links":{"self":[{"href":"https:\/\/www.fundacioared.org\/es\/wp-json\/wp\/v2\/pages\/4658","targetHints":{"allow":["GET"]}}],"collection":[{"href":"https:\/\/www.fundacioared.org\/es\/wp-json\/wp\/v2\/pages"}],"about":[{"href":"https:\/\/www.fundacioared.org\/es\/wp-json\/wp\/v2\/types\/page"}],"author":[{"embeddable":true,"href":"https:\/\/www.fundacioared.org\/es\/wp-json\/wp\/v2\/users\/1"}],"replies":[{"embeddable":true,"href":"https:\/\/www.fundacioared.org\/es\/wp-json\/wp\/v2\/comments?post=4658"}],"version-history":[{"count":1,"href":"https:\/\/www.fundacioared.org\/es\/wp-json\/wp\/v2\/pages\/4658\/revisions"}],"predecessor-version":[{"id":4662,"href":"https:\/\/www.fundacioared.org\/es\/wp-json\/wp\/v2\/pages\/4658\/revisions\/4662"}],"up":[{"embeddable":true,"href":"https:\/\/www.fundacioared.org\/es\/wp-json\/wp\/v2\/pages\/4664"}],"wp:attachment":[{"href":"https:\/\/www.fundacioared.org\/es\/wp-json\/wp\/v2\/media?parent=4658"}],"curies":[{"name":"wp","href":"https:\/\/api.w.org\/{rel}","templated":true}]}}