{"id":4665,"date":"2024-07-31T14:35:31","date_gmt":"2024-07-31T12:35:31","guid":{"rendered":"https:\/\/www.fundacioared.org\/contigo-y-por-ti\/"},"modified":"2026-02-24T09:56:02","modified_gmt":"2026-02-24T08:56:02","slug":"acompanamiento-socioeducativo","status":"publish","type":"page","link":"https:\/\/www.fundacioared.org\/es\/acompanamiento-socioeducativo\/","title":{"rendered":"Acompa\u00f1amiento Socioeducativo"},"content":{"rendered":"\n<div class=\"wp-block-ared-cabecera mod-cabecera\"><div class=\"slider\">\n<div class=\"wp-block-ared-cabecera-interior slide\"><div class=\"image\" style=\"background-image:url(https:\/\/www.fundacioared.org\/wp-content\/uploads\/25-NOVEMBRE-13.jpg)\"><div class=\"text maq-contenidor\">\n<p class=\"is-style-com_titular_3 has-blanc-color has-text-color has-link-color wp-elements-2f68201aef67d75d12fa8d49cf02d8c7\"><strong>Acompa\u00f1amiento<\/strong><br\/> <strong>socioeducativo<\/strong><\/p>\n\n\n\n<p class=\"has-blanc-color has-text-color has-link-color wp-elements-bc257e033801c6c5096966404b4f9a26\">Para avanzar hacia oportunidades laborales reales<\/p>\n<\/div><\/div><\/div>\n<\/div><\/div>\n\n<div class=\"wp-block-ared-marges maq-contenidor estreta marge-superior-petit marge-inferior-petit\" data-aos=\"off\" data-aos-delay=\"aos_delay\">\n<div class=\"wp-block-columns is-layout-flex wp-container-core-columns-is-layout-9d6595d7 wp-block-columns-is-layout-flex\">\n<div class=\"wp-block-column is-layout-flow wp-block-column-is-layout-flow\">\n<p class=\"is-style-com_titular_3\">Programa<\/p>\n\n\n\n<p class=\"is-style-com_titular_3 has-taronja-ared-color has-text-color has-link-color wp-elements-c6ebc1081795e0e06143de662c4b9336\">\u201cAmb tu i Per tu\u201d<\/p>\n\n\n\n<p>El programa \u201cAmb tu i Per tu\u201d forma parte del <strong>n\u00facleo del acompa\u00f1amiento socioeducativo<\/strong> <strong>de Ared<\/strong> . Da respuesta a la necesidad de convertir el acompa\u00f1amiento en un <strong>proceso estructurado y personalizado<\/strong> , capaz de <strong>facilitar<\/strong> <strong>la autonom\u00eda sociolaboral<\/strong> partiendo de una situaci\u00f3n inicial de vulnerabilidad. <\/p>\n\n\n\n<p>A partir de una <strong>metodolog\u00eda consolidada y una mirada integral<\/strong> , el programa articula un itinerario que <strong>combina soporte personal y orientaci\u00f3n profesional,<\/strong> adapt\u00e1ndose a la realidad y al momento vital de cada participante.<\/p>\n\n\n\n<p>El proceso se inicia con una <strong>diagnosis inicial<\/strong> , la definici\u00f3n de objetivos compartidos y un <strong>plan de acompa\u00f1amiento<\/strong> que da sentido y continuidad al itinerario.<\/p>\n<\/div>\n<\/div>\n<\/div>\n\n<div class=\"wp-block-ared-marges maq-contenidor estreta marge-superior-petit marge-inferior-petit\" data-aos=\"off\" data-aos-delay=\"aos_delay\">\n<p class=\"has-text-align-center is-style-com_titular_3\">Principales Objetivos:<\/p>\n<\/div>\n\n<div class=\"wp-block-ared-marges maq-contenidor normal marge-superior-petit marge-inferior-petit\" data-aos=\"off\" data-aos-delay=\"aos_delay\">\n<div class=\"wp-block-columns is-layout-flex wp-container-core-columns-is-layout-9d6595d7 wp-block-columns-is-layout-flex\">\n<div class=\"wp-block-column is-layout-flow wp-block-column-is-layout-flow\" style=\"padding-right:var(--wp--preset--spacing--50);padding-left:var(--wp--preset--spacing--50)\">\n<figure class=\"wp-block-image aligncenter size-full is-resized\"><img loading=\"lazy\" decoding=\"async\" width=\"1080\" height=\"1080\" src=\"https:\/\/www.fundacioared.org\/wp-content\/uploads\/Impuls-Motivacio.png\" alt=\"\" class=\"wp-image-2701\" style=\"width:150px\" srcset=\"https:\/\/www.fundacioared.org\/wp-content\/uploads\/Impuls-Motivacio.png 1080w, https:\/\/www.fundacioared.org\/wp-content\/uploads\/Impuls-Motivacio-300x300.png 300w, https:\/\/www.fundacioared.org\/wp-content\/uploads\/Impuls-Motivacio-1024x1024.png 1024w, https:\/\/www.fundacioared.org\/wp-content\/uploads\/Impuls-Motivacio-150x150.png 150w, https:\/\/www.fundacioared.org\/wp-content\/uploads\/Impuls-Motivacio-768x768.png 768w, https:\/\/www.fundacioared.org\/wp-content\/uploads\/Impuls-Motivacio-600x600.png 600w, https:\/\/www.fundacioared.org\/wp-content\/uploads\/Impuls-Motivacio-340x340.png 340w, https:\/\/www.fundacioared.org\/wp-content\/uploads\/Impuls-Motivacio-140x140.png 140w\" sizes=\"auto, (max-width: 1080px) 100vw, 1080px\" \/><\/figure>\n\n\n\n<div style=\"height:30px\" aria-hidden=\"true\" class=\"wp-block-spacer\"><\/div>\n\n\n\n<p class=\"has-text-align-center is-style-com_titular_4 has-taronja-ared-color has-text-color has-link-color wp-elements-2d01ac776307216492ec1bc86b138af8\"><strong>Impulsar la Motivaci\u00f3n<\/strong> y la voluntad real de cambio<\/p>\n\n\n\n<p class=\"has-text-align-center\">Mediante sesiones estructuradas, se trabajan los obst\u00e1culos que dificultan el avance y se refuerza el compromiso con el proceso formativo y laboral.<\/p>\n<\/div>\n\n\n\n<div class=\"wp-block-column is-layout-flow wp-block-column-is-layout-flow\" style=\"padding-right:var(--wp--preset--spacing--50);padding-left:var(--wp--preset--spacing--50)\">\n<figure class=\"wp-block-image aligncenter size-full is-resized\"><img loading=\"lazy\" decoding=\"async\" width=\"1080\" height=\"1080\" src=\"https:\/\/www.fundacioared.org\/wp-content\/uploads\/Desenv-Habilitats.png\" alt=\"\" class=\"wp-image-2699\" style=\"width:150px\" srcset=\"https:\/\/www.fundacioared.org\/wp-content\/uploads\/Desenv-Habilitats.png 1080w, https:\/\/www.fundacioared.org\/wp-content\/uploads\/Desenv-Habilitats-300x300.png 300w, https:\/\/www.fundacioared.org\/wp-content\/uploads\/Desenv-Habilitats-1024x1024.png 1024w, https:\/\/www.fundacioared.org\/wp-content\/uploads\/Desenv-Habilitats-150x150.png 150w, https:\/\/www.fundacioared.org\/wp-content\/uploads\/Desenv-Habilitats-768x768.png 768w, https:\/\/www.fundacioared.org\/wp-content\/uploads\/Desenv-Habilitats-600x600.png 600w, https:\/\/www.fundacioared.org\/wp-content\/uploads\/Desenv-Habilitats-340x340.png 340w, https:\/\/www.fundacioared.org\/wp-content\/uploads\/Desenv-Habilitats-140x140.png 140w\" sizes=\"auto, (max-width: 1080px) 100vw, 1080px\" \/><\/figure>\n\n\n\n<div style=\"height:30px\" aria-hidden=\"true\" class=\"wp-block-spacer\"><\/div>\n\n\n\n<p class=\"has-text-align-center is-style-com_titular_4 has-taronja-ared-color has-text-color has-link-color wp-elements-99370acfab2354c13f12c19169619655\"><strong>Trabajar habilidades y competencias  <\/strong><\/p>\n\n\n\n<p class=\"has-text-align-center\">Se trabajan competencias esenciales para la vida y el trabajo, como la comunicaci\u00f3n efectiva, el trabajo en equipo, la organizaci\u00f3n y la resoluci\u00f3n de problemas.<\/p>\n<\/div>\n\n\n\n<div class=\"wp-block-column is-layout-flow wp-block-column-is-layout-flow\" style=\"padding-right:var(--wp--preset--spacing--50);padding-left:var(--wp--preset--spacing--50)\">\n<figure class=\"wp-block-image aligncenter size-full is-resized\"><img loading=\"lazy\" decoding=\"async\" width=\"1080\" height=\"1080\" src=\"https:\/\/www.fundacioared.org\/wp-content\/uploads\/Facilitar-integracio-mercat.png\" alt=\"\" class=\"wp-image-2700\" style=\"width:150px\" srcset=\"https:\/\/www.fundacioared.org\/wp-content\/uploads\/Facilitar-integracio-mercat.png 1080w, https:\/\/www.fundacioared.org\/wp-content\/uploads\/Facilitar-integracio-mercat-300x300.png 300w, https:\/\/www.fundacioared.org\/wp-content\/uploads\/Facilitar-integracio-mercat-1024x1024.png 1024w, https:\/\/www.fundacioared.org\/wp-content\/uploads\/Facilitar-integracio-mercat-150x150.png 150w, https:\/\/www.fundacioared.org\/wp-content\/uploads\/Facilitar-integracio-mercat-768x768.png 768w, https:\/\/www.fundacioared.org\/wp-content\/uploads\/Facilitar-integracio-mercat-600x600.png 600w, https:\/\/www.fundacioared.org\/wp-content\/uploads\/Facilitar-integracio-mercat-340x340.png 340w, https:\/\/www.fundacioared.org\/wp-content\/uploads\/Facilitar-integracio-mercat-140x140.png 140w\" sizes=\"auto, (max-width: 1080px) 100vw, 1080px\" \/><\/figure>\n\n\n\n<div style=\"height:30px\" aria-hidden=\"true\" class=\"wp-block-spacer\"><\/div>\n\n\n\n<p class=\"has-text-align-center is-style-com_titular_4 has-taronja-ared-color has-text-color has-link-color wp-elements-b3dcef7cfa28d738b8b93c3f1f1dbd32\"><strong>Facilitar la Integraci\u00f3n en el Mercado Laboral<\/strong><\/p>\n\n\n\n<p class=\"has-text-align-center\">El acompa\u00f1amiento individualizado permite preparar y sostener el paso hacia el empleo, con el objetivo de favorecer inserciones efectivas y duraderas.<\/p>\n<\/div>\n<\/div>\n<\/div>\n\n<div class=\"wp-block-ared-marges maq-contenidor estreta marge-superior-petit marge-inferior-petit\" data-aos=\"off\" data-aos-delay=\"aos_delay\">\n<div class=\"wp-block-columns is-layout-flex wp-container-core-columns-is-layout-9d6595d7 wp-block-columns-is-layout-flex\">\n<div class=\"wp-block-column is-layout-flow wp-block-column-is-layout-flow\">\n<p class=\"is-style-com_titular_3 has-taronja-ared-color has-text-color has-link-color wp-elements-794b921762f38eb87914293aecb2ca2d\">C\u00f3mo lo hacemos.<\/p>\n\n\n\n<p class=\"is-style-com_titular_4 has-gris-ared-color has-text-color has-link-color wp-elements-ff952b8e522db7c614983e8a44dcefe8\"><strong>El programa se implementa a trav\u00e9s de diversas iniciativas:<\/strong><\/p>\n<\/div>\n<\/div>\n<\/div>\n\n<div class=\"wp-block-ared-marges maq-contenidor normal marge-superior-petit marge-inferior-petit\" data-aos=\"off\" data-aos-delay=\"aos_delay\">\n<div class=\"wp-block-columns is-layout-flex wp-container-core-columns-is-layout-9d6595d7 wp-block-columns-is-layout-flex\">\n<div class=\"wp-block-column is-layout-flow wp-block-column-is-layout-flow\" style=\"padding-right:0;padding-left:0\">\n<figure class=\"wp-block-image size-full\"><img loading=\"lazy\" decoding=\"async\" width=\"500\" height=\"500\" src=\"https:\/\/www.fundacioared.org\/wp-content\/uploads\/Formacio-professional.jpg\" alt=\"\" class=\"wp-image-2712\" style=\"object-fit:cover\" srcset=\"https:\/\/www.fundacioared.org\/wp-content\/uploads\/Formacio-professional.jpg 500w, https:\/\/www.fundacioared.org\/wp-content\/uploads\/Formacio-professional-300x300.jpg 300w, https:\/\/www.fundacioared.org\/wp-content\/uploads\/Formacio-professional-150x150.jpg 150w, https:\/\/www.fundacioared.org\/wp-content\/uploads\/Formacio-professional-340x340.jpg 340w, https:\/\/www.fundacioared.org\/wp-content\/uploads\/Formacio-professional-140x140.jpg 140w\" sizes=\"auto, (max-width: 500px) 100vw, 500px\" \/><\/figure>\n\n\n\n<div style=\"height:30px\" aria-hidden=\"true\" class=\"wp-block-spacer\"><\/div>\n\n\n\n<p class=\"is-style-com_titular_5 has-taronja-ared-color has-text-color has-link-color wp-elements-e5d577c495cec2fb2a6f9b0e21fe9045\"><strong><strong>Formaci\u00f3n<\/strong><\/strong><br\/> <strong><strong>Profesional<\/strong><\/strong><\/p>\n\n\n\n<p>Vinculada a los itinerarios y los intereses de cada participante. Impulsamos la participaci\u00f3n en cursos formativos que permiten obtener certificados oficiales y\/o t\u00edtulos propios.<\/p>\n<\/div>\n\n\n\n<div class=\"wp-block-column is-layout-flow wp-block-column-is-layout-flow\" style=\"padding-right:0;padding-left:0\">\n<figure class=\"wp-block-image size-full\"><img loading=\"lazy\" decoding=\"async\" width=\"945\" height=\"945\" src=\"https:\/\/www.fundacioared.org\/wp-content\/uploads\/Copia-de-Post-de-Instagram-Agente-de-Bienes-Raices-Verde-2-1.png\" alt=\"\" class=\"wp-image-5498\" style=\"object-fit:cover\" srcset=\"https:\/\/www.fundacioared.org\/wp-content\/uploads\/Copia-de-Post-de-Instagram-Agente-de-Bienes-Raices-Verde-2-1.png 945w, https:\/\/www.fundacioared.org\/wp-content\/uploads\/Copia-de-Post-de-Instagram-Agente-de-Bienes-Raices-Verde-2-1-300x300.png 300w, https:\/\/www.fundacioared.org\/wp-content\/uploads\/Copia-de-Post-de-Instagram-Agente-de-Bienes-Raices-Verde-2-1-150x150.png 150w, https:\/\/www.fundacioared.org\/wp-content\/uploads\/Copia-de-Post-de-Instagram-Agente-de-Bienes-Raices-Verde-2-1-768x768.png 768w, https:\/\/www.fundacioared.org\/wp-content\/uploads\/Copia-de-Post-de-Instagram-Agente-de-Bienes-Raices-Verde-2-1-600x600.png 600w, https:\/\/www.fundacioared.org\/wp-content\/uploads\/Copia-de-Post-de-Instagram-Agente-de-Bienes-Raices-Verde-2-1-340x340.png 340w, https:\/\/www.fundacioared.org\/wp-content\/uploads\/Copia-de-Post-de-Instagram-Agente-de-Bienes-Raices-Verde-2-1-140x140.png 140w\" sizes=\"auto, (max-width: 945px) 100vw, 945px\" \/><\/figure>\n\n\n\n<div style=\"height:30px\" aria-hidden=\"true\" class=\"wp-block-spacer\"><\/div>\n\n\n\n<p class=\"is-style-com_titular_5 has-taronja-ared-color has-text-color has-link-color wp-elements-3d6e99ce2737f9026b4d954b86264cf0\"><strong><strong>Acompa\u00f1amiento individual y grupal<\/strong><\/strong><\/p>\n\n\n\n<p>Proporcionamos soporte personalizado a trav\u00e9s de sesiones peri\u00f3dicas con t\u00e9cnicos especializados para definir objetivos, revisar avances y ajustar el proceso y recursos.<\/p>\n<\/div>\n\n\n\n<div class=\"wp-block-column is-layout-flow wp-block-column-is-layout-flow\" style=\"padding-right:0;padding-left:0\">\n<figure class=\"wp-block-image size-full\"><img loading=\"lazy\" decoding=\"async\" width=\"500\" height=\"500\" src=\"https:\/\/www.fundacioared.org\/wp-content\/uploads\/Derivacio-programes-orientacio.jpg\" alt=\"\" class=\"wp-image-2710\" style=\"object-fit:cover\" srcset=\"https:\/\/www.fundacioared.org\/wp-content\/uploads\/Derivacio-programes-orientacio.jpg 500w, https:\/\/www.fundacioared.org\/wp-content\/uploads\/Derivacio-programes-orientacio-300x300.jpg 300w, https:\/\/www.fundacioared.org\/wp-content\/uploads\/Derivacio-programes-orientacio-150x150.jpg 150w, https:\/\/www.fundacioared.org\/wp-content\/uploads\/Derivacio-programes-orientacio-340x340.jpg 340w, https:\/\/www.fundacioared.org\/wp-content\/uploads\/Derivacio-programes-orientacio-140x140.jpg 140w\" sizes=\"auto, (max-width: 500px) 100vw, 500px\" \/><\/figure>\n\n\n\n<div style=\"height:30px\" aria-hidden=\"true\" class=\"wp-block-spacer\"><\/div>\n\n\n\n<p class=\"is-style-com_titular_5 has-taronja-ared-color has-text-color has-link-color wp-elements-51b4acebbdf5927464aefbfc5f1096d7\"><strong><strong><strong><strong><strong>Itinerarios personalizados<\/strong><\/strong><\/strong><\/strong><\/strong><\/p>\n\n\n\n<p>Evaluamos la posibilidad de derivar a los participantes a otros proyectos de la entidad para continuar su proceso de formaci\u00f3n, desarrollo competencial e inserci\u00f3n.  <\/p>\n<\/div>\n\n\n\n<div class=\"wp-block-column is-layout-flow wp-block-column-is-layout-flow\" style=\"padding-right:0;padding-left:0\">\n<figure class=\"wp-block-image size-full\"><img loading=\"lazy\" decoding=\"async\" width=\"500\" height=\"500\" src=\"https:\/\/www.fundacioared.org\/wp-content\/uploads\/Connexions-empreses.jpg\" alt=\"\" class=\"wp-image-2709\" style=\"object-fit:cover\" srcset=\"https:\/\/www.fundacioared.org\/wp-content\/uploads\/Connexions-empreses.jpg 500w, https:\/\/www.fundacioared.org\/wp-content\/uploads\/Connexions-empreses-300x300.jpg 300w, https:\/\/www.fundacioared.org\/wp-content\/uploads\/Connexions-empreses-150x150.jpg 150w, https:\/\/www.fundacioared.org\/wp-content\/uploads\/Connexions-empreses-340x340.jpg 340w, https:\/\/www.fundacioared.org\/wp-content\/uploads\/Connexions-empreses-140x140.jpg 140w\" sizes=\"auto, (max-width: 500px) 100vw, 500px\" \/><\/figure>\n\n\n\n<div style=\"height:30px\" aria-hidden=\"true\" class=\"wp-block-spacer\"><\/div>\n\n\n\n<p class=\"is-style-com_titular_5 has-taronja-ared-color has-text-color has-link-color wp-elements-1f6854685e582cfffe62ebe7b3487789\"><strong><strong><strong>Conexiones con empresas y oportunidades<\/strong><\/strong><\/strong><\/p>\n\n\n\n<p>Establecemos v\u00ednculos con el mercado laboral y colaboraciones con empresas para facilitar pr\u00e1cticas profesionales y aumentar las oportunidades de inserci\u00f3n laboral.  <\/p>\n<\/div>\n\n\n\n<div class=\"wp-block-column is-layout-flow wp-block-column-is-layout-flow\" style=\"padding-right:0;padding-left:0\">\n<figure class=\"wp-block-image size-full\"><img loading=\"lazy\" decoding=\"async\" width=\"500\" height=\"500\" src=\"https:\/\/www.fundacioared.org\/wp-content\/uploads\/Entorns-accesibles-i-acollidors.jpg\" alt=\"\" class=\"wp-image-2711\" style=\"object-fit:cover\" srcset=\"https:\/\/www.fundacioared.org\/wp-content\/uploads\/Entorns-accesibles-i-acollidors.jpg 500w, https:\/\/www.fundacioared.org\/wp-content\/uploads\/Entorns-accesibles-i-acollidors-300x300.jpg 300w, https:\/\/www.fundacioared.org\/wp-content\/uploads\/Entorns-accesibles-i-acollidors-150x150.jpg 150w, https:\/\/www.fundacioared.org\/wp-content\/uploads\/Entorns-accesibles-i-acollidors-340x340.jpg 340w, https:\/\/www.fundacioared.org\/wp-content\/uploads\/Entorns-accesibles-i-acollidors-140x140.jpg 140w\" sizes=\"auto, (max-width: 500px) 100vw, 500px\" \/><\/figure>\n\n\n\n<div style=\"height:30px\" aria-hidden=\"true\" class=\"wp-block-spacer\"><\/div>\n\n\n\n<p class=\"is-style-com_titular_5 has-taronja-ared-color has-text-color has-link-color wp-elements-2064c2f067733522e35e9f7545547059\"><strong><strong><strong><strong><strong>Espacios de aprendizaje accesibles<\/strong><\/strong><\/strong><\/strong><\/strong><\/p>\n\n\n\n<p>Realizamos las actividades en entornos acogedores que faciliten la participaci\u00f3n, la confianza y el crecimiento personal.<\/p>\n<\/div>\n<\/div>\n<\/div>\n\n<div class=\"wp-block-ared-marges maq-contenidor normal marge-superior-gran marge-inferior-\" data-aos=\"off\" data-aos-delay=\"aos_delay\">\n<p class=\"has-text-align-center is-style-com_titular_4 has-gris-ared-color has-text-color has-link-color wp-elements-0909d71f7c7e01ab2bf9533fbd30b1d0\">Con el apoyo de<\/p>\n\n\n\n<div style=\"height:71px\" aria-hidden=\"true\" class=\"wp-block-spacer\"><\/div>\n\n\n\n<div class=\"wp-block-columns is-layout-flex wp-container-core-columns-is-layout-9d6595d7 wp-block-columns-is-layout-flex\">\n<div class=\"wp-block-column is-layout-flow wp-block-column-is-layout-flow\"><\/div>\n\n\n\n<div class=\"wp-block-column is-vertically-aligned-center is-layout-flow wp-block-column-is-layout-flow\">\n<figure class=\"wp-block-image aligncenter size-full is-resized\"><img loading=\"lazy\" decoding=\"async\" width=\"575\" height=\"100\" src=\"https:\/\/www.fundacioared.org\/wp-content\/uploads\/Logo_GENCAT_drets_socials_h3-2-2.jpg\" alt=\"\" class=\"wp-image-5686\" style=\"aspect-ratio:5.750900090009001;width:293px;height:auto\" srcset=\"https:\/\/www.fundacioared.org\/wp-content\/uploads\/Logo_GENCAT_drets_socials_h3-2-2.jpg 575w, https:\/\/www.fundacioared.org\/wp-content\/uploads\/Logo_GENCAT_drets_socials_h3-2-2-300x52.jpg 300w, https:\/\/www.fundacioared.org\/wp-content\/uploads\/Logo_GENCAT_drets_socials_h3-2-2-340x59.jpg 340w, https:\/\/www.fundacioared.org\/wp-content\/uploads\/Logo_GENCAT_drets_socials_h3-2-2-140x24.jpg 140w\" sizes=\"auto, (max-width: 575px) 100vw, 575px\" \/><\/figure>\n<\/div>\n\n\n\n<div class=\"wp-block-column is-layout-flow wp-block-column-is-layout-flow\"><\/div>\n<\/div>\n<\/div>\n\n<p><\/p>\n","protected":false},"excerpt":{"rendered":"","protected":false},"author":1,"featured_media":0,"parent":0,"menu_order":21,"comment_status":"closed","ping_status":"closed","template":"","meta":{"_acf_changed":false,"footnotes":""},"class_list":["post-4665","page","type-page","status-publish","hentry"],"acf":[],"_links":{"self":[{"href":"https:\/\/www.fundacioared.org\/es\/wp-json\/wp\/v2\/pages\/4665","targetHints":{"allow":["GET"]}}],"collection":[{"href":"https:\/\/www.fundacioared.org\/es\/wp-json\/wp\/v2\/pages"}],"about":[{"href":"https:\/\/www.fundacioared.org\/es\/wp-json\/wp\/v2\/types\/page"}],"author":[{"embeddable":true,"href":"https:\/\/www.fundacioared.org\/es\/wp-json\/wp\/v2\/users\/1"}],"replies":[{"embeddable":true,"href":"https:\/\/www.fundacioared.org\/es\/wp-json\/wp\/v2\/comments?post=4665"}],"version-history":[{"count":9,"href":"https:\/\/www.fundacioared.org\/es\/wp-json\/wp\/v2\/pages\/4665\/revisions"}],"predecessor-version":[{"id":6122,"href":"https:\/\/www.fundacioared.org\/es\/wp-json\/wp\/v2\/pages\/4665\/revisions\/6122"}],"wp:attachment":[{"href":"https:\/\/www.fundacioared.org\/es\/wp-json\/wp\/v2\/media?parent=4665"}],"curies":[{"name":"wp","href":"https:\/\/api.w.org\/{rel}","templated":true}]}}