{"id":4680,"date":"2024-07-22T07:49:21","date_gmt":"2024-07-22T05:49:21","guid":{"rendered":"https:\/\/www.fundacioared.org\/persona-solidaria\/"},"modified":"2025-12-19T11:47:14","modified_gmt":"2025-12-19T10:47:14","slug":"persona-solidaria","status":"publish","type":"page","link":"https:\/\/www.fundacioared.org\/es\/persona-solidaria\/","title":{"rendered":"Persona solidaria"},"content":{"rendered":"\n<div class=\"wp-block-ared-ajedrez mod-escacs align-superior marge-superior- marge-inferior-\">\n<div class=\"wp-block-ared-ajedrez-interior interior  maq_cols_flex cols_2\"><div class=\"col img\"><div class=\"img-wrapper\"><img loading=\"lazy\" decoding=\"async\" media_id=\"2786\" src=\"https:\/\/www.fundacioared.org\/wp-content\/uploads\/Foto1-scaled.jpg\" width=\"600\" height=\"400\" \/><!--fallback img responsive--><\/div><\/div><div class=\"col\"><div class=\"text-wrapper\">\n<p class=\"is-style-com_titular_5\"><strong>Voluntariado<\/strong><br> <strong>individual<\/strong><\/p>\n\n\n\n<p class=\"is-style-com_titular_3\"><strong>Tu tiempo y talento, nuestra fuerza<\/strong><\/p>\n\n\n\n<p>Si eres una persona comprometida que quiere ser parte del cambio social, en la Fundaci\u00f3n Ared<strong> podr\u00e1s contribuir activamente a mejorar la vida de las personas que menos oportunidades han tenido<\/strong>.<\/p>\n\n\n\n<p>Nuestro programa de voluntariado individual est\u00e1 dirigido a aquellas personas que quieran dedicar parte de su tiempo al ayudarnos a cumplir nuestra misi\u00f3n.<\/p>\n\n\n\n<p>Si est\u00e1s interesado\/a en contribuir, ponte en contacto con nosotros.<\/p>\n<\/div><\/div><\/div>\n<\/div>\n\n\n\n<div class=\"wp-block-cover is-light\"><span aria-hidden=\"true\" class=\"wp-block-cover__background has-beige-ared-background-color has-background-dim-100 has-background-dim\"><\/span><div class=\"wp-block-cover__inner-container is-layout-constrained wp-block-cover-is-layout-constrained\">\n<div class=\"wp-block-ared-marges maq-contenidor normal marge-superior-petit marge-inferior-\" data-aos=\"off\" data-aos-delay=\"aos_delay\">\n<p class=\"has-text-align-center is-style-com_titular_5 has-taronja-ared-color has-text-color has-link-color wp-elements-09ef2a454ff54a41d5f8f304ddb03010\" id=\"formulari\"><strong><strong>Rellena el siguiente formulario y nos pondremos en contacto contigo. \u00a1Muchas gracias! <\/strong><\/strong><\/p>\n\n\n\n<p class=\"has-text-align-center is-style-com_titular_3\" id=\"formulari\"><strong><strong>\u00danete al equipo de voluntariado de Ared<\/strong><\/strong><\/p>\n\n\n\n<p class=\"has-text-align-center\"><\/p>\n<\/div>\n\n\n\n<div class=\"wp-block-ared-marges maq-contenidor estreta marge-superior-petit marge-inferior-petit\" data-aos=\"off\" data-aos-delay=\"aos_delay\"><div class=\"wpforms-container wpforms-container-full\" id=\"wpforms-2923\"><form id=\"wpforms-form-2923\" class=\"wpforms-validate wpforms-form wpforms-ajax-form\" data-formid=\"2923\" method=\"post\" enctype=\"multipart\/form-data\" action=\"\/es\/wp-json\/wp\/v2\/pages\/4680\" data-token=\"7efaf06d5e34a2bb13a0682aab279acf\" data-token-time=\"1775709386\"><noscript class=\"wpforms-error-noscript\">Por favor, activa JavaScript en tu navegador para completar este formulario.<\/noscript><div class=\"wpforms-field-container\"><div id=\"wpforms-2923-field_1-container\" class=\"wpforms-field wpforms-field-name\" data-field-id=\"1\"><label class=\"wpforms-field-label\">Nombre y apellido <span class=\"wpforms-required-label\">*<\/span><\/label><div class=\"wpforms-field-row wpforms-field-large\"><div class=\"wpforms-field-row-block wpforms-first wpforms-one-half\"><input type=\"text\" id=\"wpforms-2923-field_1\" class=\"wpforms-field-name-first wpforms-field-required\" name=\"wpforms[fields][1][first]\" required><label for=\"wpforms-2923-field_1\" class=\"wpforms-field-sublabel after\">Nombre<\/label><\/div><div class=\"wpforms-field-row-block wpforms-one-half\"><input type=\"text\" id=\"wpforms-2923-field_1-last\" class=\"wpforms-field-name-last wpforms-field-required\" name=\"wpforms[fields][1][last]\" required><label for=\"wpforms-2923-field_1-last\" class=\"wpforms-field-sublabel after\">Apellidos<\/label><\/div><\/div><\/div><div id=\"wpforms-2923-field_2-container\" class=\"wpforms-field wpforms-field-email\" data-field-id=\"2\"><label class=\"wpforms-field-label\" for=\"wpforms-2923-field_2\">Correo electr\u00f3nico <span class=\"wpforms-required-label\">*<\/span><\/label><input type=\"email\" id=\"wpforms-2923-field_2\" class=\"wpforms-field-large wpforms-field-required\" name=\"wpforms[fields][2]\" spellcheck=\"false\" required><\/div>\t\t<div id=\"wpforms-2923-field_4-container\"\n\t\t\tclass=\"wpforms-field wpforms-field-text\"\n\t\t\tdata-field-type=\"text\"\n\t\t\tdata-field-id=\"4\"\n\t\t\t>\n\t\t\t<label class=\"wpforms-field-label\" for=\"wpforms-2923-field_4\" >Comentario y Nombre<\/label>\n\t\t\t<input type=\"text\" id=\"wpforms-2923-field_4\" class=\"wpforms-field-medium\" name=\"wpforms[fields][4]\" >\n\t\t<\/div>\n\t\t<div id=\"wpforms-2923-field_5-container\" class=\"wpforms-field wpforms-field-phone\" data-field-id=\"5\"><label class=\"wpforms-field-label\" for=\"wpforms-2923-field_5\">Tel\u00e9fono<\/label><input type=\"tel\" id=\"wpforms-2923-field_5\" class=\"wpforms-field-large wpforms-smart-phone-field\" data-rule-smart-phone-field=\"true\" name=\"wpforms[fields][5]\" aria-label=\"Tel\u00e9fono\" ><\/div><div id=\"wpforms-2923-field_3-container\" class=\"wpforms-field wpforms-field-textarea\" data-field-id=\"3\"><label class=\"wpforms-field-label\" for=\"wpforms-2923-field_3\">Comentario o mensaje<\/label><textarea id=\"wpforms-2923-field_3\" class=\"wpforms-field-medium\" name=\"wpforms[fields][3]\" ><\/textarea><\/div><div id=\"wpforms-2923-field_7-container\" class=\"wpforms-field wpforms-field-checkbox\" data-field-id=\"7\"><label class=\"wpforms-field-label wpforms-label-hide\">Casillas de selecci\u00f3n <span class=\"wpforms-required-label\">*<\/span><\/label><ul id=\"wpforms-2923-field_7\" class=\"wpforms-field-required\"><li class=\"choice-1 depth-1\"><input type=\"checkbox\" id=\"wpforms-2923-field_7_1\" name=\"wpforms[fields][7][]\" value=\"He le\u00eddo y acepto la &lt;a href=&quot;https:\/\/www.fundacioared.org\/es\/politica-de-privacidad\/&quot;&gt;Pol\u00edtica de privacidad&lt;\/a&gt;\" required ><label class=\"wpforms-field-label-inline\" for=\"wpforms-2923-field_7_1\">He le\u00eddo y acepto la <a href=\"https:\/\/www.fundacioared.org\/es\/politica-de-privacidad\/\">Pol\u00edtica de privacidad<\/a><\/label><\/li><\/ul><\/div><div id=\"wpforms-2923-field_6-container\" class=\"wpforms-field wpforms-field-html\" data-field-id=\"6\"><div id=\"wpforms-2923-field_6\"><p style=\"color:#3e4952;font-size:10px;line-height:1.3em;\">INFORMACI\u00d3N B\u00c1SICA DE PROTECCI\u00d3N DE DATOS: En cumplimiento del deber de informar a los interesados \u200b\u200bde las circunstancias y condiciones del tratamiento de sus datos y de los derechos que le asisten, ponemos a su disposici\u00f3n la siguiente informaci\u00f3n. INFORMACI\u00d3N B\u00c1SICA SOBRE PROTECCI\u00d3N DE DATOS\n RESPONSABLE DEL TRATAMIENTO. Responsable: Fundaci\u00f3n Privada Ared. CIF: G62728183 Dir.\n FINALIDAD. Gestionar su consulta\/petici\u00f3n y dar una respuesta a la misma.\n LEGITIMACI\u00d3N. Su consentimiento.\n DESTINATARIOS. Los datos no se ceder\u00e1n a terceros salvo en los casos en los que exista una obligaci\u00f3n legal o comunicaci\u00f3n necesaria para dar contestaci\u00f3n a su consulta.\n DERECHOS. Puede ejercer sus derechos a acceder, rectificar, oponerse, limitar, llevar y suprimir los datos ante el responsable del tratamiento; adem\u00e1s de acudir a la autoridad de control competente (AEPD). INFORMACI\u00d3N ADICIONAL. Puede consultar la informaci\u00f3n adicional sobre el tratamiento de sus datos personales <a href=\"https:\/\/www.fundacioared.org\/es\/politica-de-privacidad\/\">aqu\u00ed<\/a> .\n\n       \n <\/p><\/div><\/div><script>\n\t\t\t\t( function() {\n\t\t\t\t\tconst style = document.createElement( 'style' );\n\t\t\t\t\tstyle.appendChild( document.createTextNode( '#wpforms-2923-field_4-container { position: absolute !important; overflow: hidden !important; display: inline !important; height: 1px !important; width: 1px !important; z-index: -1000 !important; padding: 0 !important; } #wpforms-2923-field_4-container input { visibility: hidden; } #wpforms-conversational-form-page #wpforms-2923-field_4-container label { counter-increment: none; }' ) );\n\t\t\t\t\tdocument.head.appendChild( style );\n\t\t\t\t\tdocument.currentScript?.remove();\n\t\t\t\t} )();\n\t\t\t<\/script><\/div><!-- .wpforms-field-container --><div class=\"wpforms-submit-container\" ><input type=\"hidden\" name=\"wpforms[id]\" value=\"2923\"><input type=\"hidden\" name=\"page_title\" value=\"\"><input type=\"hidden\" name=\"page_url\" value=\"https:\/\/www.fundacioared.org\/es\/wp-json\/wp\/v2\/pages\/4680\"><input type=\"hidden\" name=\"url_referer\" value=\"\"><button type=\"submit\" name=\"wpforms[submit]\" id=\"wpforms-submit-2923\" class=\"wpforms-submit\" data-alt-text=\"Se est\u00e1 enviando...\" data-submit-text=\"Env\u00eda\" aria-live=\"assertive\" value=\"wpforms-submit\">Env\u00eda<\/button><img loading=\"lazy\" decoding=\"async\" src=\"https:\/\/www.fundacioared.org\/wp-content\/plugins\/wpforms\/assets\/images\/submit-spin.svg\" class=\"wpforms-submit-spinner\" style=\"display: none;\" width=\"26\" height=\"26\" alt=\"Cargando\"><\/div><\/form><\/div>  <!-- .wpforms-container -->\n<\/div>\n<\/div><\/div>\n\n\n\n<div style=\"height:80px\" aria-hidden=\"true\" class=\"wp-block-spacer\"><\/div>\n\n\n\n<div class=\"wp-block-ared-marges maq-contenidor normal marge-superior-gran marge-inferior-petit\" data-aos=\"off\" data-aos-delay=\"aos_delay\">\n<p class=\"has-text-align-center is-style-com_titular_4 has-gris-ared-color has-text-color has-link-color wp-elements-b347e8d9f839aa676b898247e4525475\">Con el apoyo de<\/p>\n<\/div>\n\n\n\n<div class=\"wp-block-ared-marges maq-contenidor normal marge-superior- marge-inferior-gran\" data-aos=\"off\" data-aos-delay=\"aos_delay\">\n<div class=\"wp-block-columns is-layout-flex wp-container-core-columns-is-layout-9d6595d7 wp-block-columns-is-layout-flex\">\n<div class=\"wp-block-column is-layout-flow wp-block-column-is-layout-flow\"><\/div>\n\n\n\n<div class=\"wp-block-column is-vertically-aligned-center is-layout-flow wp-block-column-is-layout-flow\">\n<figure class=\"wp-block-image aligncenter size-full is-resized\"><img loading=\"lazy\" decoding=\"async\" width=\"575\" height=\"100\" src=\"https:\/\/www.fundacioared.org\/wp-content\/uploads\/Logo_GENCAT_drets_socials_h3-2.jpg\" alt=\"\" class=\"wp-image-5670\" style=\"aspect-ratio:5.750900090009001;width:288px;height:auto\" srcset=\"https:\/\/www.fundacioared.org\/wp-content\/uploads\/Logo_GENCAT_drets_socials_h3-2.jpg 575w, https:\/\/www.fundacioared.org\/wp-content\/uploads\/Logo_GENCAT_drets_socials_h3-2-300x52.jpg 300w, https:\/\/www.fundacioared.org\/wp-content\/uploads\/Logo_GENCAT_drets_socials_h3-2-340x59.jpg 340w, https:\/\/www.fundacioared.org\/wp-content\/uploads\/Logo_GENCAT_drets_socials_h3-2-140x24.jpg 140w\" sizes=\"auto, (max-width: 575px) 100vw, 575px\" \/><\/figure>\n<\/div>\n\n\n\n<div class=\"wp-block-column is-layout-flow wp-block-column-is-layout-flow\"><\/div>\n<\/div>\n<\/div>\n","protected":false},"excerpt":{"rendered":"","protected":false},"author":1,"featured_media":0,"parent":0,"menu_order":25,"comment_status":"closed","ping_status":"closed","template":"","meta":{"_acf_changed":false,"footnotes":""},"class_list":["post-4680","page","type-page","status-publish","hentry"],"acf":[],"_links":{"self":[{"href":"https:\/\/www.fundacioared.org\/es\/wp-json\/wp\/v2\/pages\/4680","targetHints":{"allow":["GET"]}}],"collection":[{"href":"https:\/\/www.fundacioared.org\/es\/wp-json\/wp\/v2\/pages"}],"about":[{"href":"https:\/\/www.fundacioared.org\/es\/wp-json\/wp\/v2\/types\/page"}],"author":[{"embeddable":true,"href":"https:\/\/www.fundacioared.org\/es\/wp-json\/wp\/v2\/users\/1"}],"replies":[{"embeddable":true,"href":"https:\/\/www.fundacioared.org\/es\/wp-json\/wp\/v2\/comments?post=4680"}],"version-history":[{"count":5,"href":"https:\/\/www.fundacioared.org\/es\/wp-json\/wp\/v2\/pages\/4680\/revisions"}],"predecessor-version":[{"id":5673,"href":"https:\/\/www.fundacioared.org\/es\/wp-json\/wp\/v2\/pages\/4680\/revisions\/5673"}],"wp:attachment":[{"href":"https:\/\/www.fundacioared.org\/es\/wp-json\/wp\/v2\/media?parent=4680"}],"curies":[{"name":"wp","href":"https:\/\/api.w.org\/{rel}","templated":true}]}}