{"id":4683,"date":"2024-07-22T07:37:56","date_gmt":"2024-07-22T05:37:56","guid":{"rendered":"https:\/\/www.fundacioared.org\/cet-ared\/"},"modified":"2025-07-22T10:55:40","modified_gmt":"2025-07-22T08:55:40","slug":"cet-ared","status":"publish","type":"page","link":"https:\/\/www.fundacioared.org\/es\/cet-ared\/","title":{"rendered":"CET Ared"},"content":{"rendered":"\n<div class=\"wp-block-ared-cabecera mod-cabecera\"><div class=\"slider\">\n<div class=\"wp-block-ared-cabecera-interior slide\"><div class=\"image\" style=\"background-image:url(https:\/\/www.fundacioared.org\/wp-content\/uploads\/Slider-CET-Ared.jpg)\"><div class=\"text maq-contenidor\">\n<p class=\"is-style-com_titular_3 has-blanc-color has-text-color has-link-color wp-elements-bdba22cc68f4d6f3a37336491716fc04\">Un servicio que genera<br> oportunidades inclusivas<\/p>\n\n\n\n<p class=\"is-style-com_titular_5 has-blanc-color has-text-color has-link-color has-medium-font-size wp-elements-ac66b6d6a0c0fc110b5aa43728de992b\">Confecci\u00f3n Ared promueve la integraci\u00f3n laboral de personas con discapacidad<\/p>\n\n\n\n<p class=\"has-gris-ared-color has-text-color has-link-color wp-elements-99d4c7ea38681c12ffff6b15f6343cbb\"><\/p>\n<\/div><\/div><\/div>\n<\/div><\/div>\n\n\n\n<div class=\"wp-block-media-text is-stacked-on-mobile is-vertically-aligned-top\"><figure class=\"wp-block-media-text__media\"><img loading=\"lazy\" decoding=\"async\" width=\"1024\" height=\"724\" src=\"https:\/\/www.fundacioared.org\/wp-content\/uploads\/Copia-de-FOAP-MODULOS-FORMATIVOS-1-1024x724.jpg\" alt=\"\" class=\"wp-image-3699 size-full\" srcset=\"https:\/\/www.fundacioared.org\/wp-content\/uploads\/Copia-de-FOAP-MODULOS-FORMATIVOS-1-1024x724.jpg 1024w, https:\/\/www.fundacioared.org\/wp-content\/uploads\/Copia-de-FOAP-MODULOS-FORMATIVOS-1-300x212.jpg 300w, https:\/\/www.fundacioared.org\/wp-content\/uploads\/Copia-de-FOAP-MODULOS-FORMATIVOS-1-768x543.jpg 768w, https:\/\/www.fundacioared.org\/wp-content\/uploads\/Copia-de-FOAP-MODULOS-FORMATIVOS-1-1536x1086.jpg 1536w, https:\/\/www.fundacioared.org\/wp-content\/uploads\/Copia-de-FOAP-MODULOS-FORMATIVOS-1-340x240.jpg 340w, https:\/\/www.fundacioared.org\/wp-content\/uploads\/Copia-de-FOAP-MODULOS-FORMATIVOS-1-140x99.jpg 140w, https:\/\/www.fundacioared.org\/wp-content\/uploads\/Copia-de-FOAP-MODULOS-FORMATIVOS-1.jpg 2000w\" sizes=\"auto, (max-width: 1024px) 100vw, 1024px\" \/><\/figure><div class=\"wp-block-media-text__content\">\n<div style=\"height:35px\" aria-hidden=\"true\" class=\"wp-block-spacer\"><\/div>\n\n\n\n<p class=\"is-style-com_titular_3\">CET<br> Confecci\u00f3n <mark style=\"background-color:rgba(0, 0, 0, 0)\" class=\"has-inline-color has-taronja-ared-color\">Ared<\/mark><\/p>\n\n\n\n<p>Nuestro Centro Especial de Empleo (CET) est\u00e1 dise\u00f1ado para ofrecer oportunidades laborales a personas con discapacidad, promoviendo su integraci\u00f3n sociolaboral a trav\u00e9s de la confecci\u00f3n.<\/p>\n\n\n\n<p>El CET proporciona un entorno de trabajo adaptado en el que los participantes pueden desarrollar habilidades profesionales y personales, asegurando as\u00ed que las personas con discapacidad tengan las mismas oportunidades de formaci\u00f3n y empleo, contribuyendo a una sociedad m\u00e1s inclusiva y equitativa.<\/p>\n\n\n\n<p>Cont\u00e1ctanos e inf\u00f3rmate de todos los servicios que le podemos ofrecer desde el CET de Confecci\u00f3n Ared. Estaremos encantadas de responder a tus preguntas y explorar c\u00f3mo podemos trabajar juntas para una sociedad m\u00e1s justa e inclusiva.<\/p>\n\n\n\n<p>Adem\u00e1s, la compra de productos y servicios a trav\u00e9s del Centro Especial de Empleo te permite cumplir con la Ley General de Discapacidad, ya que computa como Medida de excepcionalidad en la <a href=\"https:\/\/canalempresa.gencat.cat\/ca\/02_serveis_per_temes\/07_treball_i_treballadors\/03_relacions_laborals\/06_igualtat_d_oportunitats_integracio_i_insercio_laboral\/insercio-laboral\/mesures-alternatives-i-declaracio-excepcionalitat\/\" target=\"_blank\" rel=\"noreferrer noopener\">cuota del 2% de la Ley General de la Discapacidad ( LGD).<\/a><\/p>\n\n\n\n<p>Para m\u00e1s informaci\u00f3n, cont\u00e1ctanos:<\/p>\n\n\n\n<p><strong>Julieta Bermejo<\/strong><br><a href=\"mailto:comercial@saltatextil.com\">julietabermejo@fundacioared.org<\/a><br> Tel. +34 93 351 38 65 \/ +34 654 619 598<\/p>\n\n\n\n<p><\/p>\n<\/div><\/div>\n\n\n\n<div style=\"height:100px\" aria-hidden=\"true\" class=\"wp-block-spacer\"><\/div>\n\n\n\n<div class=\"wp-block-cover is-light\"><span aria-hidden=\"true\" class=\"wp-block-cover__background has-beige-ared-background-color has-background-dim-100 has-background-dim\"><\/span><div class=\"wp-block-cover__inner-container is-layout-constrained wp-block-cover-is-layout-constrained\">\n<div class=\"wp-block-ared-marges maq-contenidor normal marge-superior-petit marge-inferior-\" data-aos=\"off\" data-aos-delay=\"aos_delay\">\n<p class=\"has-text-align-center is-style-com_titular_4 has-taronja-ared-color has-text-color has-link-color wp-elements-59f15d4db49f51f7a8234442d5ca319e\" id=\"formulari\"><strong>Dise\u00f1ado para ofrecer oportunidades laborales<\/strong><\/p>\n\n\n\n<p class=\"has-text-align-center is-style-com_titular_3\" id=\"formulari\"><strong>Contacta con CET Ared<\/strong><\/p>\n\n\n\n<p class=\"has-text-align-center has-gris-ared-color has-text-color has-link-color wp-elements-794189dac12b610ffb63970c5581e978\">Estaremos encantadas de ayudarte.<\/p>\n<\/div>\n\n\n\n<div class=\"wp-block-ared-marges maq-contenidor estreta marge-superior-petit marge-inferior-petit\" data-aos=\"off\" data-aos-delay=\"aos_delay\"><div class=\"wpforms-container wpforms-container-full\" id=\"wpforms-2925\"><form id=\"wpforms-form-2925\" class=\"wpforms-validate wpforms-form wpforms-ajax-form\" data-formid=\"2925\" method=\"post\" enctype=\"multipart\/form-data\" action=\"\/es\/wp-json\/wp\/v2\/pages\/4683\" data-token=\"384ba96addf17e8de1a76a8d07973823\" data-token-time=\"1775258609\"><noscript class=\"wpforms-error-noscript\">Por favor, activa JavaScript en tu navegador para completar este formulario.<\/noscript><div class=\"wpforms-field-container\"><div id=\"wpforms-2925-field_1-container\" class=\"wpforms-field wpforms-field-name\" data-field-id=\"1\"><label class=\"wpforms-field-label\">Nombre y apellido <span class=\"wpforms-required-label\">*<\/span><\/label><div class=\"wpforms-field-row wpforms-field-large\"><div class=\"wpforms-field-row-block wpforms-first wpforms-one-half\"><input type=\"text\" id=\"wpforms-2925-field_1\" class=\"wpforms-field-name-first wpforms-field-required\" name=\"wpforms[fields][1][first]\" required><label for=\"wpforms-2925-field_1\" class=\"wpforms-field-sublabel after\">Nombre<\/label><\/div><div class=\"wpforms-field-row-block wpforms-one-half\"><input type=\"text\" id=\"wpforms-2925-field_1-last\" class=\"wpforms-field-name-last wpforms-field-required\" name=\"wpforms[fields][1][last]\" required><label for=\"wpforms-2925-field_1-last\" class=\"wpforms-field-sublabel after\">Apellidos<\/label><\/div><\/div><\/div><div id=\"wpforms-2925-field_2-container\" class=\"wpforms-field wpforms-field-email\" data-field-id=\"2\"><label class=\"wpforms-field-label\" for=\"wpforms-2925-field_2\">Correo electr\u00f3nico <span class=\"wpforms-required-label\">*<\/span><\/label><input type=\"email\" id=\"wpforms-2925-field_2\" class=\"wpforms-field-large wpforms-field-required\" name=\"wpforms[fields][2]\" spellcheck=\"false\" required><\/div><div id=\"wpforms-2925-field_5-container\" class=\"wpforms-field wpforms-field-phone\" data-field-id=\"5\"><label class=\"wpforms-field-label\" for=\"wpforms-2925-field_5\">Tel\u00e9fono<\/label><input type=\"tel\" id=\"wpforms-2925-field_5\" class=\"wpforms-field-large wpforms-smart-phone-field\" data-rule-smart-phone-field=\"true\" name=\"wpforms[fields][5]\" aria-label=\"Tel\u00e9fono\" ><\/div><div id=\"wpforms-2925-field_3-container\" class=\"wpforms-field wpforms-field-textarea\" data-field-id=\"3\"><label class=\"wpforms-field-label\" for=\"wpforms-2925-field_3\">Comentario o mensaje<\/label><textarea id=\"wpforms-2925-field_3\" class=\"wpforms-field-medium\" name=\"wpforms[fields][3]\" ><\/textarea><\/div><div id=\"wpforms-2925-field_7-container\" class=\"wpforms-field wpforms-field-checkbox\" data-field-id=\"7\"><label class=\"wpforms-field-label wpforms-label-hide\">Casillas de selecci\u00f3n <span class=\"wpforms-required-label\">*<\/span><\/label><ul id=\"wpforms-2925-field_7\" class=\"wpforms-field-required\"><li class=\"choice-1 depth-1\"><input type=\"checkbox\" id=\"wpforms-2925-field_7_1\" name=\"wpforms[fields][7][]\" value=\"He le\u00eddo y acepto la &lt;a href=&quot;https:\/\/www.fundacioared.org\/es\/politica-de-privacidad\/&quot;&gt;Pol\u00edtica de privacidad&lt;\/a&gt;\" required ><label class=\"wpforms-field-label-inline\" for=\"wpforms-2925-field_7_1\">He le\u00eddo y acepto la <a href=\"https:\/\/www.fundacioared.org\/es\/politica-de-privacidad\/\">Pol\u00edtica de privacidad<\/a><\/label><\/li><\/ul><\/div>\t\t<div id=\"wpforms-2925-field_4-container\"\n\t\t\tclass=\"wpforms-field wpforms-field-text\"\n\t\t\tdata-field-type=\"text\"\n\t\t\tdata-field-id=\"4\"\n\t\t\t>\n\t\t\t<label class=\"wpforms-field-label\" for=\"wpforms-2925-field_4\" >electr\u00f3nico Correo de<\/label>\n\t\t\t<input type=\"text\" id=\"wpforms-2925-field_4\" class=\"wpforms-field-medium\" name=\"wpforms[fields][4]\" >\n\t\t<\/div>\n\t\t<div id=\"wpforms-2925-field_6-container\" class=\"wpforms-field wpforms-field-html\" data-field-id=\"6\"><div id=\"wpforms-2925-field_6\"><p style=\"color:#3e4952;font-size:10px;line-height:1.3em;\">INFORMACI\u00d3N B\u00c1SICA DE PROTECCI\u00d3N DE DATOS: En cumplimiento del deber de informar a los interesados \u200b\u200bde las circunstancias y condiciones del tratamiento de sus datos y de los derechos que le asisten, ponemos a su disposici\u00f3n la siguiente informaci\u00f3n. INFORMACI\u00d3N B\u00c1SICA SOBRE PROTECCI\u00d3N DE DATOS\n RESPONSABLE DEL TRATAMIENTO. Responsable: Fundaci\u00f3n Privada Ared. CIF: G62728183 Dir.\n FINALIDAD. Gestionar su consulta\/petici\u00f3n y dar una respuesta a la misma.\n LEGITIMACI\u00d3N. Su consentimiento.\n DESTINATARIOS. Los datos no se ceder\u00e1n a terceros salvo en los casos en los que exista una obligaci\u00f3n legal o comunicaci\u00f3n necesaria para dar contestaci\u00f3n a su consulta.\n DERECHOS. Puede ejercer sus derechos a acceder, rectificar, oponerse, limitar, llevar y suprimir los datos ante el responsable del tratamiento; adem\u00e1s de acudir a la autoridad de control competente (AEPD). INFORMACI\u00d3N ADICIONAL. Puede consultar la informaci\u00f3n adicional sobre el tratamiento de sus datos personales <a href=\"https:\/\/www.fundacioared.org\/es\/politica-de-privacidad\/\">aqu\u00ed<\/a> .\n\n       \n <\/p><\/div><\/div><script>\n\t\t\t\t( function() {\n\t\t\t\t\tconst style = document.createElement( 'style' );\n\t\t\t\t\tstyle.appendChild( document.createTextNode( '#wpforms-2925-field_4-container { position: absolute !important; overflow: hidden !important; display: inline !important; height: 1px !important; width: 1px !important; z-index: -1000 !important; padding: 0 !important; } #wpforms-2925-field_4-container input { visibility: hidden; } #wpforms-conversational-form-page #wpforms-2925-field_4-container label { counter-increment: none; }' ) );\n\t\t\t\t\tdocument.head.appendChild( style );\n\t\t\t\t\tdocument.currentScript?.remove();\n\t\t\t\t} )();\n\t\t\t<\/script><\/div><!-- .wpforms-field-container --><div class=\"wpforms-submit-container\" ><input type=\"hidden\" name=\"wpforms[id]\" value=\"2925\"><input type=\"hidden\" name=\"page_title\" value=\"\"><input type=\"hidden\" name=\"page_url\" value=\"https:\/\/www.fundacioared.org\/es\/wp-json\/wp\/v2\/pages\/4683\"><input type=\"hidden\" name=\"url_referer\" value=\"\"><button type=\"submit\" name=\"wpforms[submit]\" id=\"wpforms-submit-2925\" class=\"wpforms-submit\" data-alt-text=\"Se est\u00e1 enviando...\" data-submit-text=\"Env\u00eda\" aria-live=\"assertive\" value=\"wpforms-submit\">Env\u00eda<\/button><img loading=\"lazy\" decoding=\"async\" src=\"https:\/\/www.fundacioared.org\/wp-content\/plugins\/wpforms\/assets\/images\/submit-spin.svg\" class=\"wpforms-submit-spinner\" style=\"display: none;\" width=\"26\" height=\"26\" alt=\"Cargando\"><\/div><\/form><\/div>  <!-- .wpforms-container -->\n<\/div>\n<\/div><\/div>\n\n\n\n<p><\/p>\n\n\n\n<div class=\"wp-block-ared-marges maq-contenidor normal marge-superior-petit marge-inferior-petit\" data-aos=\"off\" data-aos-delay=\"aos_delay\">\n<p class=\"has-text-align-center is-style-com_titular_5 has-gris-ared-color has-text-color has-link-color wp-elements-b854e1459c8bf984e4b023e51241781d\">Esta actuaci\u00f3n est\u00e1 impulsada y subvencionada por el Departamento de Empresa y Trabajo, con fondos recibidos del Servicio P\u00fablico de Empleo Estatal (SEPE)<\/p>\n\n\n\n<div style=\"height:42px\" aria-hidden=\"true\" class=\"wp-block-spacer\"><\/div>\n\n\n\n<div class=\"wp-block-columns is-layout-flex wp-container-core-columns-is-layout-9d6595d7 wp-block-columns-is-layout-flex\">\n<div class=\"wp-block-column is-layout-flow wp-block-column-is-layout-flow\">\n<figure class=\"wp-block-image alignright size-full is-resized\"><img loading=\"lazy\" decoding=\"async\" width=\"498\" height=\"106\" src=\"https:\/\/www.fundacioared.org\/wp-content\/uploads\/Logo_GencatEmpresa_h3-1.jpg\" alt=\"\" class=\"wp-image-5326\" style=\"width:333px;height:auto\" srcset=\"https:\/\/www.fundacioared.org\/wp-content\/uploads\/Logo_GencatEmpresa_h3-1.jpg 498w, https:\/\/www.fundacioared.org\/wp-content\/uploads\/Logo_GencatEmpresa_h3-1-300x64.jpg 300w, https:\/\/www.fundacioared.org\/wp-content\/uploads\/Logo_GencatEmpresa_h3-1-340x72.jpg 340w, https:\/\/www.fundacioared.org\/wp-content\/uploads\/Logo_GencatEmpresa_h3-1-140x30.jpg 140w\" sizes=\"auto, (max-width: 498px) 100vw, 498px\" \/><\/figure>\n<\/div>\n\n\n\n<div class=\"wp-block-column is-layout-flow wp-block-column-is-layout-flow\">\n<figure class=\"wp-block-image aligncenter size-large is-resized\"><img loading=\"lazy\" decoding=\"async\" width=\"1024\" height=\"297\" src=\"https:\/\/www.fundacioared.org\/wp-content\/uploads\/Logo_MTES_SEPE_H_COLOR_CAT-1-1024x297.jpg\" alt=\"\" class=\"wp-image-5328\" style=\"width:274px;height:auto\" srcset=\"https:\/\/www.fundacioared.org\/wp-content\/uploads\/Logo_MTES_SEPE_H_COLOR_CAT-1-1024x297.jpg 1024w, https:\/\/www.fundacioared.org\/wp-content\/uploads\/Logo_MTES_SEPE_H_COLOR_CAT-1-300x87.jpg 300w, https:\/\/www.fundacioared.org\/wp-content\/uploads\/Logo_MTES_SEPE_H_COLOR_CAT-1-768x223.jpg 768w, https:\/\/www.fundacioared.org\/wp-content\/uploads\/Logo_MTES_SEPE_H_COLOR_CAT-1-1536x446.jpg 1536w, https:\/\/www.fundacioared.org\/wp-content\/uploads\/Logo_MTES_SEPE_H_COLOR_CAT-1-340x99.jpg 340w, https:\/\/www.fundacioared.org\/wp-content\/uploads\/Logo_MTES_SEPE_H_COLOR_CAT-1-140x41.jpg 140w, https:\/\/www.fundacioared.org\/wp-content\/uploads\/Logo_MTES_SEPE_H_COLOR_CAT-1.jpg 1722w\" sizes=\"auto, (max-width: 1024px) 100vw, 1024px\" \/><\/figure>\n<\/div>\n<\/div>\n<\/div>\n","protected":false},"excerpt":{"rendered":"","protected":false},"author":1,"featured_media":0,"parent":0,"menu_order":16,"comment_status":"closed","ping_status":"closed","template":"","meta":{"_acf_changed":false,"footnotes":""},"class_list":["post-4683","page","type-page","status-publish","hentry"],"acf":[],"_links":{"self":[{"href":"https:\/\/www.fundacioared.org\/es\/wp-json\/wp\/v2\/pages\/4683","targetHints":{"allow":["GET"]}}],"collection":[{"href":"https:\/\/www.fundacioared.org\/es\/wp-json\/wp\/v2\/pages"}],"about":[{"href":"https:\/\/www.fundacioared.org\/es\/wp-json\/wp\/v2\/types\/page"}],"author":[{"embeddable":true,"href":"https:\/\/www.fundacioared.org\/es\/wp-json\/wp\/v2\/users\/1"}],"replies":[{"embeddable":true,"href":"https:\/\/www.fundacioared.org\/es\/wp-json\/wp\/v2\/comments?post=4683"}],"version-history":[{"count":4,"href":"https:\/\/www.fundacioared.org\/es\/wp-json\/wp\/v2\/pages\/4683\/revisions"}],"predecessor-version":[{"id":5333,"href":"https:\/\/www.fundacioared.org\/es\/wp-json\/wp\/v2\/pages\/4683\/revisions\/5333"}],"wp:attachment":[{"href":"https:\/\/www.fundacioared.org\/es\/wp-json\/wp\/v2\/media?parent=4683"}],"curies":[{"name":"wp","href":"https:\/\/api.w.org\/{rel}","templated":true}]}}