{"id":4687,"date":"2024-07-22T07:37:44","date_gmt":"2024-07-22T05:37:44","guid":{"rendered":"https:\/\/www.fundacioared.org\/gestion-comedores\/"},"modified":"2025-01-15T16:39:07","modified_gmt":"2025-01-15T15:39:07","slug":"gestion-comedores","status":"publish","type":"page","link":"https:\/\/www.fundacioared.org\/es\/gestion-comedores\/","title":{"rendered":"Gesti\u00f3n comedores"},"content":{"rendered":"\n<div class=\"wp-block-ared-cabecera mod-cabecera\"><div class=\"slider\">\n<div class=\"wp-block-ared-cabecera-interior slide\"><div class=\"image\" style=\"background-image:url(https:\/\/www.fundacioared.org\/wp-content\/uploads\/Slider-Gestio-de-menjadors.jpg)\"><div class=\"text maq-contenidor\">\n<p class=\"is-style-com_titular_3 has-gris-ared-color has-text-color has-link-color wp-elements-7614638cc999d46a536b94bf05ef93ce\"><strong><mark style=\"background-color:rgba(0, 0, 0, 0)\" class=\"has-inline-color has-blanc-color\">Gastro<\/mark> <mark style=\"background-color:rgba(0, 0, 0, 0)\" class=\"has-inline-color has-taronja-ared-color\">Ared<\/mark><\/strong><\/p>\n\n\n\n<p class=\"has-blanc-color has-text-color has-link-color wp-elements-ed949245517656341a410615d00de115\">Gesti\u00f3n de comedores externos y cafeter\u00edas<br\/> ofrecido por nuestra empresa de inserci\u00f3n.<\/p>\n\n\n\n<p class=\"has-gris-ared-color has-text-color has-link-color wp-elements-99d4c7ea38681c12ffff6b15f6343cbb\"><\/p>\n<\/div><\/div><\/div>\n<\/div><\/div>\n\n<div class=\"wp-block-ared-marges maq-contenidor estreta marge-superior-petit marge-inferior-\" data-aos=\"off\" data-aos-delay=\"aos_delay\">\n<p class=\"is-style-com_titular_3\">Alimentaci\u00f3n  <\/p>\n\n\n\n<p class=\"is-style-com_titular_3\">con impacto social<\/p>\n<\/div>\n\n<div class=\"wp-block-ared-marges maq-contenidor estreta marge-superior- marge-inferior-petit\" data-aos=\"off\" data-aos-delay=\"aos_delay\">\n<div class=\"wp-block-columns is-layout-flex wp-container-core-columns-is-layout-9d6595d7 wp-block-columns-is-layout-flex\">\n<div class=\"wp-block-column is-layout-flow wp-block-column-is-layout-flow\">\n<p>A trav\u00e9s de nuestro servicio de gesti\u00f3n de comedores, ofrecemos mucho m\u00e1s que alimentaci\u00f3n.  <br\/>Creamos espacios donde la calidad, la sostenibilidad y el compromiso social se encuentran para ofrecer una experiencia gastron\u00f3mica con valor a\u00f1adido.  <\/p>\n\n\n\n<p>As\u00ed, cada \u00e1gape se convierte en una oportunidad para construir un futuro m\u00e1s inclusivo y responsable.  <strong>Nuestros servicios incluyen:<\/strong><\/p>\n<\/div>\n<\/div>\n<\/div>\n\n<div class=\"wp-block-ared-marges maq-contenidor normal marge-superior-petit marge-inferior-petit\" data-aos=\"off\" data-aos-delay=\"aos_delay\">\n<div class=\"wp-block-columns is-layout-flex wp-container-core-columns-is-layout-9d6595d7 wp-block-columns-is-layout-flex\">\n<div class=\"wp-block-column is-layout-flow wp-block-column-is-layout-flow\" style=\"padding-right:0;padding-left:0\">\n<figure class=\"wp-block-image aligncenter size-full is-resized\"><img loading=\"lazy\" decoding=\"async\" width=\"1080\" height=\"1080\" src=\"https:\/\/www.fundacioared.org\/wp-content\/uploads\/Menus-saludables-adaptats.png\" alt=\"\" class=\"wp-image-2668\" style=\"width:150px\" srcset=\"https:\/\/www.fundacioared.org\/wp-content\/uploads\/Menus-saludables-adaptats.png 1080w, https:\/\/www.fundacioared.org\/wp-content\/uploads\/Menus-saludables-adaptats-300x300.png 300w, https:\/\/www.fundacioared.org\/wp-content\/uploads\/Menus-saludables-adaptats-1024x1024.png 1024w, https:\/\/www.fundacioared.org\/wp-content\/uploads\/Menus-saludables-adaptats-150x150.png 150w, https:\/\/www.fundacioared.org\/wp-content\/uploads\/Menus-saludables-adaptats-768x768.png 768w, https:\/\/www.fundacioared.org\/wp-content\/uploads\/Menus-saludables-adaptats-600x600.png 600w, https:\/\/www.fundacioared.org\/wp-content\/uploads\/Menus-saludables-adaptats-340x340.png 340w, https:\/\/www.fundacioared.org\/wp-content\/uploads\/Menus-saludables-adaptats-140x140.png 140w\" sizes=\"auto, (max-width: 1080px) 100vw, 1080px\" \/><\/figure>\n\n\n\n<div style=\"height:30px\" aria-hidden=\"true\" class=\"wp-block-spacer\"><\/div>\n\n\n\n<p class=\"has-text-align-center is-style-com_titular_5 has-taronja-ared-color has-text-color has-link-color wp-elements-b9986dfea89b15f97b947d4a2d3f2cc4\">Men\u00fas Saludables y Adaptados<\/p>\n<\/div>\n\n\n\n<div class=\"wp-block-column is-layout-flow wp-block-column-is-layout-flow\" style=\"padding-right:0;padding-left:0\">\n<figure class=\"wp-block-image aligncenter size-full is-resized\"><img loading=\"lazy\" decoding=\"async\" width=\"1080\" height=\"1080\" src=\"https:\/\/www.fundacioared.org\/wp-content\/uploads\/Productes-qualitats-proximitat.png\" alt=\"\" class=\"wp-image-2669\" style=\"width:150px\" srcset=\"https:\/\/www.fundacioared.org\/wp-content\/uploads\/Productes-qualitats-proximitat.png 1080w, https:\/\/www.fundacioared.org\/wp-content\/uploads\/Productes-qualitats-proximitat-300x300.png 300w, https:\/\/www.fundacioared.org\/wp-content\/uploads\/Productes-qualitats-proximitat-1024x1024.png 1024w, https:\/\/www.fundacioared.org\/wp-content\/uploads\/Productes-qualitats-proximitat-150x150.png 150w, https:\/\/www.fundacioared.org\/wp-content\/uploads\/Productes-qualitats-proximitat-768x768.png 768w, https:\/\/www.fundacioared.org\/wp-content\/uploads\/Productes-qualitats-proximitat-600x600.png 600w, https:\/\/www.fundacioared.org\/wp-content\/uploads\/Productes-qualitats-proximitat-340x340.png 340w, https:\/\/www.fundacioared.org\/wp-content\/uploads\/Productes-qualitats-proximitat-140x140.png 140w\" sizes=\"auto, (max-width: 1080px) 100vw, 1080px\" \/><\/figure>\n\n\n\n<div style=\"height:30px\" aria-hidden=\"true\" class=\"wp-block-spacer\"><\/div>\n\n\n\n<p class=\"has-text-align-center is-style-com_titular_5 has-taronja-ared-color has-text-color has-link-color wp-elements-19ea45b11f792cf03ba99b2f571b9628\">Productos de Calidad y Proximidad  <\/p>\n<\/div>\n\n\n\n<div class=\"wp-block-column is-layout-flow wp-block-column-is-layout-flow\" style=\"padding-right:0;padding-left:0\">\n<figure class=\"wp-block-image aligncenter size-full is-resized\"><img loading=\"lazy\" decoding=\"async\" width=\"1080\" height=\"1080\" src=\"https:\/\/www.fundacioared.org\/wp-content\/uploads\/Professionals-qualiticats.png\" alt=\"\" class=\"wp-image-2670\" style=\"width:150px\" srcset=\"https:\/\/www.fundacioared.org\/wp-content\/uploads\/Professionals-qualiticats.png 1080w, https:\/\/www.fundacioared.org\/wp-content\/uploads\/Professionals-qualiticats-300x300.png 300w, https:\/\/www.fundacioared.org\/wp-content\/uploads\/Professionals-qualiticats-1024x1024.png 1024w, https:\/\/www.fundacioared.org\/wp-content\/uploads\/Professionals-qualiticats-150x150.png 150w, https:\/\/www.fundacioared.org\/wp-content\/uploads\/Professionals-qualiticats-768x768.png 768w, https:\/\/www.fundacioared.org\/wp-content\/uploads\/Professionals-qualiticats-600x600.png 600w, https:\/\/www.fundacioared.org\/wp-content\/uploads\/Professionals-qualiticats-340x340.png 340w, https:\/\/www.fundacioared.org\/wp-content\/uploads\/Professionals-qualiticats-140x140.png 140w\" sizes=\"auto, (max-width: 1080px) 100vw, 1080px\" \/><\/figure>\n\n\n\n<div style=\"height:30px\" aria-hidden=\"true\" class=\"wp-block-spacer\"><\/div>\n\n\n\n<p class=\"has-text-align-center is-style-com_titular_5 has-taronja-ared-color has-text-color has-link-color wp-elements-0ad4d0f3694d9e44c76522707486516b\">Equipo de profesionales en proceso de inserci\u00f3n<\/p>\n<\/div>\n\n\n\n<div class=\"wp-block-column is-layout-flow wp-block-column-is-layout-flow\" style=\"padding-right:0;padding-left:0\">\n<figure class=\"wp-block-image aligncenter size-full is-resized\"><img loading=\"lazy\" decoding=\"async\" width=\"1080\" height=\"1080\" src=\"https:\/\/www.fundacioared.org\/wp-content\/uploads\/Formacio-continua.png\" alt=\"\" class=\"wp-image-2667\" style=\"width:150px\" srcset=\"https:\/\/www.fundacioared.org\/wp-content\/uploads\/Formacio-continua.png 1080w, https:\/\/www.fundacioared.org\/wp-content\/uploads\/Formacio-continua-300x300.png 300w, https:\/\/www.fundacioared.org\/wp-content\/uploads\/Formacio-continua-1024x1024.png 1024w, https:\/\/www.fundacioared.org\/wp-content\/uploads\/Formacio-continua-150x150.png 150w, https:\/\/www.fundacioared.org\/wp-content\/uploads\/Formacio-continua-768x768.png 768w, https:\/\/www.fundacioared.org\/wp-content\/uploads\/Formacio-continua-600x600.png 600w, https:\/\/www.fundacioared.org\/wp-content\/uploads\/Formacio-continua-340x340.png 340w, https:\/\/www.fundacioared.org\/wp-content\/uploads\/Formacio-continua-140x140.png 140w\" sizes=\"auto, (max-width: 1080px) 100vw, 1080px\" \/><\/figure>\n\n\n\n<div style=\"height:30px\" aria-hidden=\"true\" class=\"wp-block-spacer\"><\/div>\n\n\n\n<p class=\"has-text-align-center is-style-com_titular_5 has-taronja-ared-color has-text-color has-link-color wp-elements-419b1934af2f4d95293a62dca1c27ffe\">Formaci\u00f3n continua de nuestro personal  <\/p>\n<\/div>\n\n\n\n<div class=\"wp-block-column is-layout-flow wp-block-column-is-layout-flow\" style=\"padding-right:0;padding-left:0\">\n<figure class=\"wp-block-image aligncenter size-full is-resized\"><img loading=\"lazy\" decoding=\"async\" width=\"1080\" height=\"1080\" src=\"https:\/\/www.fundacioared.org\/wp-content\/uploads\/Acompanyament-365.png\" alt=\"\" class=\"wp-image-2666\" style=\"width:150px\" srcset=\"https:\/\/www.fundacioared.org\/wp-content\/uploads\/Acompanyament-365.png 1080w, https:\/\/www.fundacioared.org\/wp-content\/uploads\/Acompanyament-365-300x300.png 300w, https:\/\/www.fundacioared.org\/wp-content\/uploads\/Acompanyament-365-1024x1024.png 1024w, https:\/\/www.fundacioared.org\/wp-content\/uploads\/Acompanyament-365-150x150.png 150w, https:\/\/www.fundacioared.org\/wp-content\/uploads\/Acompanyament-365-768x768.png 768w, https:\/\/www.fundacioared.org\/wp-content\/uploads\/Acompanyament-365-600x600.png 600w, https:\/\/www.fundacioared.org\/wp-content\/uploads\/Acompanyament-365-340x340.png 340w, https:\/\/www.fundacioared.org\/wp-content\/uploads\/Acompanyament-365-140x140.png 140w\" sizes=\"auto, (max-width: 1080px) 100vw, 1080px\" \/><\/figure>\n\n\n\n<div style=\"height:30px\" aria-hidden=\"true\" class=\"wp-block-spacer\"><\/div>\n\n\n\n<p class=\"has-text-align-center is-style-com_titular_5 has-taronja-ared-color has-text-color has-link-color wp-elements-0e205285f64f19567caca2daa3fc3684\">Acompa\u00f1amiento 365 y coordinaci\u00f3n  <\/p>\n<\/div>\n<\/div>\n<\/div>\n\n<div class=\"wp-block-ared-marges maq-contenidor estreta marge-superior-petit marge-inferior-petit\" data-aos=\"off\" data-aos-delay=\"aos_delay\">\n<div class=\"wp-block-columns is-layout-flex wp-container-core-columns-is-layout-9d6595d7 wp-block-columns-is-layout-flex\">\n<div class=\"wp-block-column is-layout-flow wp-block-column-is-layout-flow\">\n<p class=\"is-style-com_titular_5 has-gris-ared-color has-text-color has-link-color wp-elements-26e30d8e9367d79fe6ce2351d82586cf\">Con nuestra experiencia y dedicaci\u00f3n, garantizamos un servicio de comedores que adem\u00e1s de satisfacer las necesidades nutricionales de los usuarios, tambi\u00e9n enriquece a la comunidad.  <\/p>\n\n\n\n<p>Para m\u00e1s informaci\u00f3n sobre nuestros servicios o solicitar una propuesta personalizada  <\/p>\n\n\n\n<p><strong>Anna R\u00e0fols<\/strong><br\/><a href=\"mailto:annarafols@fundacioared.org\">annarafols@fundacioared.org<\/a><br\/> Tel. +34 93 351 38 65 \/ +34 625 712 613 <\/p>\n<\/div>\n<\/div>\n<\/div>\n\n<div class=\"wp-block-ared-marges maq-contenidor estreta marge-superior-petit marge-inferior-petit\" data-aos=\"off\" data-aos-delay=\"aos_delay\">\n<p class=\"is-style-com_titular_3\">Entidades que ya disponen de un servicio de comedor con valor social<\/p>\n<\/div>\n\n<div class=\"wp-block-ared-marges maq-contenidor estreta marge-superior-petit marge-inferior-petit\" data-aos=\"off\" data-aos-delay=\"aos_delay\">\n<div class=\"wp-block-columns is-layout-flex wp-container-core-columns-is-layout-9d6595d7 wp-block-columns-is-layout-flex\">\n<div class=\"wp-block-column has-taronja-ared-color has-vivid-red-background-color has-text-color has-background has-link-color wp-elements-ed8d7aac4596eb76b484a3f551244bcf is-layout-flow wp-block-column-is-layout-flow\" style=\"padding-right:var(--wp--preset--spacing--50);padding-left:var(--wp--preset--spacing--50)\">\n<div style=\"height:50px\" aria-hidden=\"true\" class=\"wp-block-spacer\"><\/div>\n\n\n\n<figure class=\"wp-block-image size-full\"><img loading=\"lazy\" decoding=\"async\" width=\"600\" height=\"240\" src=\"https:\/\/www.fundacioared.org\/wp-content\/uploads\/Insercio-gestio-menjadors-03.png\" alt=\"\" class=\"wp-image-1094\" srcset=\"https:\/\/www.fundacioared.org\/wp-content\/uploads\/Insercio-gestio-menjadors-03.png 600w, https:\/\/www.fundacioared.org\/wp-content\/uploads\/Insercio-gestio-menjadors-03-300x120.png 300w, https:\/\/www.fundacioared.org\/wp-content\/uploads\/Insercio-gestio-menjadors-03-340x136.png 340w, https:\/\/www.fundacioared.org\/wp-content\/uploads\/Insercio-gestio-menjadors-03-140x56.png 140w\" sizes=\"auto, (max-width: 600px) 100vw, 600px\" \/><\/figure>\n\n\n\n<div style=\"height:30px\" aria-hidden=\"true\" class=\"wp-block-spacer\"><\/div>\n\n\n\n<p class=\"is-style-com_titular_4 has-blanc-color has-text-color has-link-color wp-elements-79ac289a62ba62ced73443578dfa7c81\">Cafeter\u00eda del edificio Balmes de la Universidad Pompeu Fabra de Barcelona<\/p>\n\n\n\n<div style=\"height:25px\" aria-hidden=\"true\" class=\"wp-block-spacer\"><\/div>\n<\/div>\n\n\n\n<div class=\"wp-block-column has-vivid-cyan-blue-background-color has-background is-layout-flow wp-block-column-is-layout-flow\" style=\"padding-right:var(--wp--preset--spacing--50);padding-left:var(--wp--preset--spacing--50)\">\n<div style=\"height:50px\" aria-hidden=\"true\" class=\"wp-block-spacer\"><\/div>\n\n\n\n<figure class=\"wp-block-image size-full\"><img loading=\"lazy\" decoding=\"async\" width=\"600\" height=\"240\" src=\"https:\/\/www.fundacioared.org\/wp-content\/uploads\/reses-01.png\" alt=\"\" class=\"wp-image-3558\" srcset=\"https:\/\/www.fundacioared.org\/wp-content\/uploads\/reses-01.png 600w, https:\/\/www.fundacioared.org\/wp-content\/uploads\/reses-01-300x120.png 300w, https:\/\/www.fundacioared.org\/wp-content\/uploads\/reses-01-340x136.png 340w, https:\/\/www.fundacioared.org\/wp-content\/uploads\/reses-01-140x56.png 140w\" sizes=\"auto, (max-width: 600px) 100vw, 600px\" \/><\/figure>\n\n\n\n<div style=\"height:30px\" aria-hidden=\"true\" class=\"wp-block-spacer\"><\/div>\n\n\n\n<p class=\"is-style-com_titular_4 has-blanc-color has-text-color has-link-color wp-elements-adfc254c493e72794abccb1c4ba35bc3\">Cafeter\u00eda de la Casa Retiro de la Fundaci\u00f3n de la esperanza, Fundaci\u00f3n \u00abLa Caixa\u00bb<\/p>\n\n\n\n<div style=\"height:25px\" aria-hidden=\"true\" class=\"wp-block-spacer\"><\/div>\n<\/div>\n<\/div>\n<\/div>\n","protected":false},"excerpt":{"rendered":"","protected":false},"author":1,"featured_media":0,"parent":0,"menu_order":35,"comment_status":"closed","ping_status":"closed","template":"","meta":{"_acf_changed":false,"footnotes":""},"class_list":["post-4687","page","type-page","status-publish","hentry"],"acf":[],"_links":{"self":[{"href":"https:\/\/www.fundacioared.org\/es\/wp-json\/wp\/v2\/pages\/4687","targetHints":{"allow":["GET"]}}],"collection":[{"href":"https:\/\/www.fundacioared.org\/es\/wp-json\/wp\/v2\/pages"}],"about":[{"href":"https:\/\/www.fundacioared.org\/es\/wp-json\/wp\/v2\/types\/page"}],"author":[{"embeddable":true,"href":"https:\/\/www.fundacioared.org\/es\/wp-json\/wp\/v2\/users\/1"}],"replies":[{"embeddable":true,"href":"https:\/\/www.fundacioared.org\/es\/wp-json\/wp\/v2\/comments?post=4687"}],"version-history":[{"count":1,"href":"https:\/\/www.fundacioared.org\/es\/wp-json\/wp\/v2\/pages\/4687\/revisions"}],"predecessor-version":[{"id":4690,"href":"https:\/\/www.fundacioared.org\/es\/wp-json\/wp\/v2\/pages\/4687\/revisions\/4690"}],"wp:attachment":[{"href":"https:\/\/www.fundacioared.org\/es\/wp-json\/wp\/v2\/media?parent=4687"}],"curies":[{"name":"wp","href":"https:\/\/api.w.org\/{rel}","templated":true}]}}