{"id":4693,"date":"2024-07-22T07:36:05","date_gmt":"2024-07-22T05:36:05","guid":{"rendered":"https:\/\/www.fundacioared.org\/acompanamiento\/"},"modified":"2026-03-18T11:41:49","modified_gmt":"2026-03-18T10:41:49","slug":"comunidad-ared","status":"publish","type":"page","link":"https:\/\/www.fundacioared.org\/es\/comunidad-ared\/","title":{"rendered":"Comunidad Ared"},"content":{"rendered":"\n<div class=\"wp-block-ared-cabecera mod-cabecera\"><div class=\"slider\">\n<div class=\"wp-block-ared-cabecera-interior slide\"><div class=\"image\" style=\"background-image:url(https:\/\/www.fundacioared.org\/wp-content\/uploads\/25-NOVEMBRE-5-3-1.jpg)\"><div class=\"text maq-contenidor\">\n<p class=\"is-style-com_titular_3 has-blanc-color has-text-color has-link-color wp-elements-a7cda848f53c646b43b3cb16d80a5504\">Comunidad Ared<\/p>\n\n\n\n<p class=\"has-blanc-color has-text-color has-link-color wp-elements-2a46a3b147b85ada140bba94fa2b4433\">Una red de soporte formada por las participantes de los<br> programas de la Fundaci\u00f3n.<\/p>\n<\/div><\/div><\/div>\n<\/div><\/div>\n\n\n\n<p class=\"has-text-align-center is-style-com_titular_3\"><\/p>\n\n\n\n<div class=\"wp-block-ared-marges maq-contenidor estreta marge-superior-petit marge-inferior-petit\" data-aos=\"off\" data-aos-delay=\"aos_delay\">\n<p class=\"is-style-com_titular_3\"><strong>Un espacio de apoyo mutuo<\/strong><\/p>\n\n\n\n<p>La <strong>Comunidad Ared<\/strong> es una red de apoyo entre iguales formada por mujeres que participan o han participado en los programas de la Fundaci\u00f3. <strong>Comparten experiencias y aprendizajes<\/strong> en diferentes momentos de su recorrido. <\/p>\n\n\n\n<p><strong>Ared act\u00faa como facilitadora:<\/strong> ofrece espacios, herramientas y acompa\u00f1amiento para que la comunidad se mantenga activa y \u00fatil. Puede activarse durante o despu\u00e9s del itinerario, seg\u00fan las necesidades de cada mujer, reforzando la autonom\u00eda y el v\u00ednculo con la Fundaci\u00f3n m\u00e1s all\u00e1 de la formaci\u00f3n o la inserci\u00f3n laboral. <\/p>\n<\/div>\n\n\n\n<div class=\"wp-block-ared-ajedrez mod-escacs align-superior marge-superior- marge-inferior-\">\n<div class=\"wp-block-ared-ajedrez-interior interior  maq_cols_flex cols_2\"><div class=\"col img\"><div class=\"img-wrapper\"><img loading=\"lazy\" decoding=\"async\" media_id=\"5904\" src=\"https:\/\/www.fundacioared.org\/wp-content\/uploads\/PA295272-1.jpg\" width=\"600\" height=\"400\" \/><!--fallback img responsive--><\/div><\/div><div class=\"col\"><div class=\"text-wrapper\">\n<p class=\"is-style-com_titular_5\">Comunidad Ared<\/p>\n\n\n\n<p class=\"is-style-com_titular_3\"><strong><strong>Una red de soporte entre iguales<\/strong><\/strong><\/p>\n\n\n\n<p>La relaci\u00f3n con otras mujeres que han vivido procesos similares es un factor clave para sostener cambios en el tiempo. <strong>La Comunidad Ared facilita espacios donde compartir<\/strong> vivencias, recursos y estrategias, generando <strong>soporte mutuo<\/strong> y referentes positivos que complementan el acompa\u00f1amiento profesional.<\/p>\n\n\n\n<p><br>La dinamizaci\u00f3n de la comunidad se concreta en:<\/p>\n\n\n\n<p class=\"has-gris-ared-color has-text-color has-link-color wp-elements-a5312c3dd97d1c28dccae112abeaf6df\"><br>&#8211; <strong>Dise\u00f1o de talleres y actividades grupales<\/strong><\/p>\n\n\n\n<p class=\"has-gris-ared-color has-text-color has-link-color wp-elements-fd45ee8583f50b3f55065ceb2748542a\">&#8211; <strong>Organizaci\u00f3n de salidas culturales<\/strong> y espacios de relaci\u00f3n<\/p>\n\n\n\n<p>&#8211; <strong>Creaci\u00f3n de encuentros que favorezcan la confianza<\/strong> , la participaci\u00f3n y el sentimiento de pertenencia.<\/p>\n\n\n\n<p>Ared impulsa esta red como <strong>parte de su modelo de intervenci\u00f3n<\/strong> , entendiendo la dimensi\u00f3n comunitaria como un elemento que refuerza la continuidad y la calidad de los itinerarios de inserci\u00f3n sociolaboral.<\/p>\n<\/div><\/div><\/div>\n<\/div>\n\n\n\n<div class=\"wp-block-ared-marges maq-contenidor estreta marge-superior-petit marge-inferior-petit\" data-aos=\"off\" data-aos-delay=\"aos_delay\">\n<div class=\"wp-block-columns is-layout-flex wp-container-core-columns-is-layout-9d6595d7 wp-block-columns-is-layout-flex\">\n<div class=\"wp-block-column is-layout-flow wp-block-column-is-layout-flow\">\n<p class=\"is-style-com_titular_3 has-taronja-ared-color has-text-color has-link-color wp-elements-ff984c80191f0cebc0af5b07651c4c71\">Valor del Modelo Comunitario<\/p>\n\n\n\n<p class=\"is-style-com_titular_4 has-gris-ared-color has-text-color has-link-color wp-elements-2d19ab37482a6378354b4a6d29c313fb\"><strong>A trav\u00e9s de la dinamizaci\u00f3n de redes entre iguales, la Comunidad Ared permite:<\/strong><\/p>\n<\/div>\n<\/div>\n<\/div>\n\n\n\n<div class=\"wp-block-ared-marges maq-contenidor normal marge-superior-petit marge-inferior-petit\" data-aos=\"off\" data-aos-delay=\"aos_delay\">\n<div class=\"wp-block-columns is-layout-flex wp-container-core-columns-is-layout-9d6595d7 wp-block-columns-is-layout-flex\">\n<div class=\"wp-block-column is-layout-flow wp-block-column-is-layout-flow\" style=\"padding-right:var(--wp--preset--spacing--50);padding-left:var(--wp--preset--spacing--50)\">\n<figure class=\"wp-block-image aligncenter size-full is-resized\"><img loading=\"lazy\" decoding=\"async\" width=\"1080\" height=\"1080\" src=\"https:\/\/www.fundacioared.org\/wp-content\/uploads\/2-3.png\" alt=\"\" class=\"wp-image-6064\" style=\"width:150px\" srcset=\"https:\/\/www.fundacioared.org\/wp-content\/uploads\/2-3.png 1080w, https:\/\/www.fundacioared.org\/wp-content\/uploads\/2-3-300x300.png 300w, https:\/\/www.fundacioared.org\/wp-content\/uploads\/2-3-1024x1024.png 1024w, https:\/\/www.fundacioared.org\/wp-content\/uploads\/2-3-150x150.png 150w, https:\/\/www.fundacioared.org\/wp-content\/uploads\/2-3-768x768.png 768w, https:\/\/www.fundacioared.org\/wp-content\/uploads\/2-3-600x600.png 600w, https:\/\/www.fundacioared.org\/wp-content\/uploads\/2-3-340x340.png 340w, https:\/\/www.fundacioared.org\/wp-content\/uploads\/2-3-140x140.png 140w\" sizes=\"auto, (max-width: 1080px) 100vw, 1080px\" \/><\/figure>\n\n\n\n<div style=\"height:30px\" aria-hidden=\"true\" class=\"wp-block-spacer\"><\/div>\n\n\n\n<p class=\"has-text-align-center is-style-com_titular_4 has-taronja-ared-color has-text-color has-link-color wp-elements-476ca9e8488af7350833476722bcdde6\">Reforzar la continuidad de los procesos<\/p>\n<\/div>\n\n\n\n<div class=\"wp-block-column is-layout-flow wp-block-column-is-layout-flow\" style=\"padding-right:var(--wp--preset--spacing--50);padding-left:var(--wp--preset--spacing--50)\">\n<figure class=\"wp-block-image aligncenter size-full is-resized\"><img loading=\"lazy\" decoding=\"async\" width=\"1080\" height=\"1080\" src=\"https:\/\/www.fundacioared.org\/wp-content\/uploads\/3-4.png\" alt=\"\" class=\"wp-image-6062\" style=\"width:150px\" srcset=\"https:\/\/www.fundacioared.org\/wp-content\/uploads\/3-4.png 1080w, https:\/\/www.fundacioared.org\/wp-content\/uploads\/3-4-300x300.png 300w, https:\/\/www.fundacioared.org\/wp-content\/uploads\/3-4-1024x1024.png 1024w, https:\/\/www.fundacioared.org\/wp-content\/uploads\/3-4-150x150.png 150w, https:\/\/www.fundacioared.org\/wp-content\/uploads\/3-4-768x768.png 768w, https:\/\/www.fundacioared.org\/wp-content\/uploads\/3-4-600x600.png 600w, https:\/\/www.fundacioared.org\/wp-content\/uploads\/3-4-340x340.png 340w, https:\/\/www.fundacioared.org\/wp-content\/uploads\/3-4-140x140.png 140w\" sizes=\"auto, (max-width: 1080px) 100vw, 1080px\" \/><\/figure>\n\n\n\n<div style=\"height:30px\" aria-hidden=\"true\" class=\"wp-block-spacer\"><\/div>\n\n\n\n<p class=\"has-text-align-center is-style-com_titular_4 has-taronja-ared-color has-text-color has-link-color wp-elements-29ba0acf94fd4a75a0f3e7bce8ba7fb8\"><strong>Fortalecer v\u00ednculos sociales de apoyo mutuo<\/strong><\/p>\n<\/div>\n\n\n\n<div class=\"wp-block-column is-layout-flow wp-block-column-is-layout-flow\" style=\"padding-right:var(--wp--preset--spacing--50);padding-left:var(--wp--preset--spacing--50)\">\n<figure class=\"wp-block-image aligncenter size-full is-resized\"><img loading=\"lazy\" decoding=\"async\" width=\"1080\" height=\"1080\" src=\"https:\/\/www.fundacioared.org\/wp-content\/uploads\/4-3.png\" alt=\"\" class=\"wp-image-6060\" style=\"width:150px\" srcset=\"https:\/\/www.fundacioared.org\/wp-content\/uploads\/4-3.png 1080w, https:\/\/www.fundacioared.org\/wp-content\/uploads\/4-3-300x300.png 300w, https:\/\/www.fundacioared.org\/wp-content\/uploads\/4-3-1024x1024.png 1024w, https:\/\/www.fundacioared.org\/wp-content\/uploads\/4-3-150x150.png 150w, https:\/\/www.fundacioared.org\/wp-content\/uploads\/4-3-768x768.png 768w, https:\/\/www.fundacioared.org\/wp-content\/uploads\/4-3-600x600.png 600w, https:\/\/www.fundacioared.org\/wp-content\/uploads\/4-3-340x340.png 340w, https:\/\/www.fundacioared.org\/wp-content\/uploads\/4-3-140x140.png 140w\" sizes=\"auto, (max-width: 1080px) 100vw, 1080px\" \/><\/figure>\n\n\n\n<div style=\"height:30px\" aria-hidden=\"true\" class=\"wp-block-spacer\"><\/div>\n\n\n\n<p class=\"has-text-align-center is-style-com_titular_4 has-taronja-ared-color has-text-color has-link-color wp-elements-7bb481e9bd39030fda6bea1d2850d228\"><strong>Ampliar el impacto de los programas de inserci\u00f3n sociolaboral<\/strong><\/p>\n<\/div>\n<\/div>\n<\/div>\n\n\n\n<div class=\"wp-block-ared-marges maq-contenidor normal marge-superior-gran marge-inferior-\" data-aos=\"off\" data-aos-delay=\"aos_delay\">\n<p class=\"has-text-align-center is-style-com_titular_4 has-gris-ared-color has-text-color has-link-color wp-elements-b347e8d9f839aa676b898247e4525475\">Con el apoyo de<\/p>\n\n\n\n<div style=\"height:71px\" aria-hidden=\"true\" class=\"wp-block-spacer\"><\/div>\n\n\n\n<div class=\"wp-block-columns is-layout-flex wp-container-core-columns-is-layout-9d6595d7 wp-block-columns-is-layout-flex\">\n<div class=\"wp-block-column is-vertically-aligned-center is-layout-flow wp-block-column-is-layout-flow\">\n<figure class=\"wp-block-image aligncenter size-full is-resized\"><img loading=\"lazy\" decoding=\"async\" width=\"467\" height=\"100\" src=\"https:\/\/www.fundacioared.org\/wp-content\/uploads\/Logo_GENCAT_igualtat_h3-1.jpg\" alt=\"\" class=\"wp-image-5696\" style=\"aspect-ratio:4.670504385964913;width:268px;height:auto\" srcset=\"https:\/\/www.fundacioared.org\/wp-content\/uploads\/Logo_GENCAT_igualtat_h3-1.jpg 467w, https:\/\/www.fundacioared.org\/wp-content\/uploads\/Logo_GENCAT_igualtat_h3-1-300x64.jpg 300w, https:\/\/www.fundacioared.org\/wp-content\/uploads\/Logo_GENCAT_igualtat_h3-1-460x100.jpg 460w, https:\/\/www.fundacioared.org\/wp-content\/uploads\/Logo_GENCAT_igualtat_h3-1-340x73.jpg 340w, https:\/\/www.fundacioared.org\/wp-content\/uploads\/Logo_GENCAT_igualtat_h3-1-140x30.jpg 140w\" sizes=\"auto, (max-width: 467px) 100vw, 467px\" \/><\/figure>\n<\/div>\n\n\n\n<div class=\"wp-block-column is-vertically-aligned-center is-layout-flow wp-block-column-is-layout-flow\">\n<figure class=\"wp-block-image aligncenter size-large is-resized\"><img loading=\"lazy\" decoding=\"async\" width=\"1024\" height=\"742\" src=\"https:\/\/www.fundacioared.org\/wp-content\/uploads\/SF24_Logo-Fons-Accio-Social_CAT_RGB_V-1-1024x742.jpg\" alt=\"\" class=\"wp-image-6086\" style=\"aspect-ratio:1.380096117500945;width:246px;height:auto\" srcset=\"https:\/\/www.fundacioared.org\/wp-content\/uploads\/SF24_Logo-Fons-Accio-Social_CAT_RGB_V-1-1024x742.jpg 1024w, https:\/\/www.fundacioared.org\/wp-content\/uploads\/SF24_Logo-Fons-Accio-Social_CAT_RGB_V-1-300x217.jpg 300w, https:\/\/www.fundacioared.org\/wp-content\/uploads\/SF24_Logo-Fons-Accio-Social_CAT_RGB_V-1-768x557.jpg 768w, https:\/\/www.fundacioared.org\/wp-content\/uploads\/SF24_Logo-Fons-Accio-Social_CAT_RGB_V-1-1536x1113.jpg 1536w, https:\/\/www.fundacioared.org\/wp-content\/uploads\/SF24_Logo-Fons-Accio-Social_CAT_RGB_V-1-340x246.jpg 340w, https:\/\/www.fundacioared.org\/wp-content\/uploads\/SF24_Logo-Fons-Accio-Social_CAT_RGB_V-1-140x101.jpg 140w, https:\/\/www.fundacioared.org\/wp-content\/uploads\/SF24_Logo-Fons-Accio-Social_CAT_RGB_V-1.jpg 1667w\" sizes=\"auto, (max-width: 1024px) 100vw, 1024px\" \/><\/figure>\n<\/div>\n\n\n\n<div class=\"wp-block-column is-layout-flow wp-block-column-is-layout-flow\"><\/div>\n<\/div>\n<\/div>\n","protected":false},"excerpt":{"rendered":"","protected":false},"author":1,"featured_media":0,"parent":0,"menu_order":38,"comment_status":"closed","ping_status":"closed","template":"","meta":{"_acf_changed":false,"footnotes":""},"class_list":["post-4693","page","type-page","status-publish","hentry"],"acf":[],"_links":{"self":[{"href":"https:\/\/www.fundacioared.org\/es\/wp-json\/wp\/v2\/pages\/4693","targetHints":{"allow":["GET"]}}],"collection":[{"href":"https:\/\/www.fundacioared.org\/es\/wp-json\/wp\/v2\/pages"}],"about":[{"href":"https:\/\/www.fundacioared.org\/es\/wp-json\/wp\/v2\/types\/page"}],"author":[{"embeddable":true,"href":"https:\/\/www.fundacioared.org\/es\/wp-json\/wp\/v2\/users\/1"}],"replies":[{"embeddable":true,"href":"https:\/\/www.fundacioared.org\/es\/wp-json\/wp\/v2\/comments?post=4693"}],"version-history":[{"count":13,"href":"https:\/\/www.fundacioared.org\/es\/wp-json\/wp\/v2\/pages\/4693\/revisions"}],"predecessor-version":[{"id":6183,"href":"https:\/\/www.fundacioared.org\/es\/wp-json\/wp\/v2\/pages\/4693\/revisions\/6183"}],"wp:attachment":[{"href":"https:\/\/www.fundacioared.org\/es\/wp-json\/wp\/v2\/media?parent=4693"}],"curies":[{"name":"wp","href":"https:\/\/api.w.org\/{rel}","templated":true}]}}