{"id":4697,"date":"2024-07-22T07:35:54","date_gmt":"2024-07-22T05:35:54","guid":{"rendered":"https:\/\/www.fundacioared.org\/insercion\/"},"modified":"2026-04-13T08:28:58","modified_gmt":"2026-04-13T06:28:58","slug":"insercion","status":"publish","type":"page","link":"https:\/\/www.fundacioared.org\/es\/insercion\/","title":{"rendered":"Inserci\u00f3n"},"content":{"rendered":"\n<div class=\"wp-block-ared-cabecera mod-cabecera\"><div class=\"slider\">\n<div class=\"wp-block-ared-cabecera-interior slide\"><div class=\"image\" style=\"background-image:url(https:\/\/www.fundacioared.org\/wp-content\/uploads\/DFRGVG.jpg)\"><div class=\"text maq-contenidor\">\n<p class=\"is-style-com_titular_3 has-blanc-color has-text-color has-link-color wp-elements-988afbc3282424a2eab7968daa22123c\">Inserci\u00f3n laboral<br\/> <mark style=\"background-color:rgba(0, 0, 0, 0)\" class=\"has-inline-color has-taronja-ared-color\">Ared<\/mark><\/p>\n\n\n\n<p class=\"has-blanc-color has-text-color has-link-color wp-elements-ebd7621d9d9864f759959019c27239ef\">Comprometidas a ayudar a las personas<br\/> en situaci\u00f3n de vulnerabilidad en<br\/> integrarse plenamente en la sociedad<\/p>\n<\/div><\/div><\/div>\n<\/div><\/div>\n\n<div class=\"wp-block-ared-marges maq-contenidor estreta marge-superior-petit marge-inferior-petit\" data-aos=\"off\" data-aos-delay=\"aos_delay\">\n<p class=\"is-style-com_titular_3\">Nuestro objetivo:<br\/> la inserci\u00f3n laboral<\/p>\n\n\n\n<p>En la Fundaci\u00f3n Ared, la inserci\u00f3n laboral es el objetivo de nuestro trabajo. Estamos comprometidas a ayudar a las personas en situaci\u00f3n de vulnerabilidad a integrarse plenamente en la sociedad a trav\u00e9s del empleo digno y estable. <\/p>\n\n\n\n<p>Para ello, hemos tejido una amplia red de colaboraci\u00f3n con el tejido empresarial y hemos desarrollado nuestra propia empresa de inserci\u00f3n especializada en servicios de catering y confecci\u00f3n y un centro especial de trabajo de confecci\u00f3n (CET).<\/p>\n<\/div>\n\n<div class=\"wp-block-ared-marges maq-contenidor normal marge-superior-petit marge-inferior-petit\" data-aos=\"off\" data-aos-delay=\"aos_delay\">\n<div class=\"wp-block-columns is-layout-flex wp-container-core-columns-is-layout-9d6595d7 wp-block-columns-is-layout-flex\">\n<div class=\"wp-block-column is-layout-flow wp-block-column-is-layout-flow\" style=\"padding-right:var(--wp--preset--spacing--50);padding-left:var(--wp--preset--spacing--50)\">\n<figure class=\"wp-block-image size-full\"><img loading=\"lazy\" decoding=\"async\" width=\"1347\" height=\"1139\" src=\"https:\/\/www.fundacioared.org\/wp-content\/uploads\/25-NOVEMBRE-14-1.png\" alt=\"\" class=\"wp-image-3490\" style=\"aspect-ratio:1;object-fit:cover\" srcset=\"https:\/\/www.fundacioared.org\/wp-content\/uploads\/25-NOVEMBRE-14-1.png 1347w, https:\/\/www.fundacioared.org\/wp-content\/uploads\/25-NOVEMBRE-14-1-300x254.png 300w, https:\/\/www.fundacioared.org\/wp-content\/uploads\/25-NOVEMBRE-14-1-1024x866.png 1024w, https:\/\/www.fundacioared.org\/wp-content\/uploads\/25-NOVEMBRE-14-1-768x649.png 768w, https:\/\/www.fundacioared.org\/wp-content\/uploads\/25-NOVEMBRE-14-1-340x287.png 340w, https:\/\/www.fundacioared.org\/wp-content\/uploads\/25-NOVEMBRE-14-1-140x118.png 140w\" sizes=\"auto, (max-width: 1347px) 100vw, 1347px\" \/><\/figure>\n\n\n\n<div style=\"height:50px\" aria-hidden=\"true\" class=\"wp-block-spacer\"><\/div>\n\n\n\n<p class=\"is-style-com_titular_5 has-gris-ared-color has-text-color has-link-color wp-elements-84403e39adaf3594734482aad04d315a\"><strong>Catering<br\/> <mark style=\"background-color:rgba(0, 0, 0, 0)\" class=\"has-inline-color has-taronja-ared-color\">Ared<\/mark> <\/strong><\/p>\n\n\n\n<p>Ofrecemos servicios de catering profesional<strong> <\/strong>para empresas, entidades y particulares que apuestan por la gastronom\u00eda local, de calidad y con valor social.  <\/p>\n\n\n\n<div class=\"wp-block-buttons is-layout-flex wp-block-buttons-is-layout-flex\">\n<div class=\"wp-block-button\"><a class=\"wp-block-button__link wp-element-button\" href=\"https:\/\/www.fundacioared.org\/es\/catering-ared\/\">Saber m\u00e1s<\/a><\/div>\n<\/div>\n<\/div>\n\n\n\n<div class=\"wp-block-column is-layout-flow wp-block-column-is-layout-flow\" style=\"padding-right:var(--wp--preset--spacing--50);padding-left:var(--wp--preset--spacing--50)\">\n<figure class=\"wp-block-image size-full\"><img loading=\"lazy\" decoding=\"async\" width=\"600\" height=\"600\" src=\"https:\/\/www.fundacioared.org\/wp-content\/uploads\/3_Empresa-insercio.jpg\" alt=\"\" class=\"wp-image-2566\" srcset=\"https:\/\/www.fundacioared.org\/wp-content\/uploads\/3_Empresa-insercio.jpg 600w, https:\/\/www.fundacioared.org\/wp-content\/uploads\/3_Empresa-insercio-300x300.jpg 300w, https:\/\/www.fundacioared.org\/wp-content\/uploads\/3_Empresa-insercio-150x150.jpg 150w, https:\/\/www.fundacioared.org\/wp-content\/uploads\/3_Empresa-insercio-340x340.jpg 340w, https:\/\/www.fundacioared.org\/wp-content\/uploads\/3_Empresa-insercio-140x140.jpg 140w\" sizes=\"auto, (max-width: 600px) 100vw, 600px\" \/><\/figure>\n\n\n\n<div style=\"height:50px\" aria-hidden=\"true\" class=\"wp-block-spacer\"><\/div>\n\n\n\n<p class=\"is-style-com_titular_5 has-gris-ared-color has-text-color has-link-color wp-elements-f185675262078b08afdae6734c8313ec\"><strong>Confecci\u00f3n<\/strong><br\/> <strong><mark style=\"background-color:rgba(0, 0, 0, 0)\" class=\"has-inline-color has-taronja-ared-color\">Ared<\/mark><\/strong><\/p>\n\n\n\n<p>Ofrecemos servicios profesionales de confecci\u00f3n industrial con un impacto directo en la generaci\u00f3n de nuevas oportunidades para personas en situaci\u00f3n de vulnerabilidad.<\/p>\n\n\n\n<div class=\"wp-block-buttons is-layout-flex wp-block-buttons-is-layout-flex\">\n<div class=\"wp-block-button\"><a class=\"wp-block-button__link wp-element-button\" href=\"https:\/\/www.fundacioared.org\/es\/confeccion-ared\/\">Saber m\u00e1s<\/a><\/div>\n<\/div>\n<\/div>\n\n\n\n<div class=\"wp-block-column is-layout-flow wp-block-column-is-layout-flow\" style=\"padding-right:var(--wp--preset--spacing--50);padding-left:var(--wp--preset--spacing--50)\">\n<figure class=\"wp-block-image size-full\"><img loading=\"lazy\" decoding=\"async\" width=\"1080\" height=\"1080\" src=\"https:\/\/www.fundacioared.org\/wp-content\/uploads\/Dones-Ared-11.jpg\" alt=\"\" class=\"wp-image-3491\" style=\"aspect-ratio:1;object-fit:cover\" srcset=\"https:\/\/www.fundacioared.org\/wp-content\/uploads\/Dones-Ared-11.jpg 1080w, https:\/\/www.fundacioared.org\/wp-content\/uploads\/Dones-Ared-11-300x300.jpg 300w, https:\/\/www.fundacioared.org\/wp-content\/uploads\/Dones-Ared-11-1024x1024.jpg 1024w, https:\/\/www.fundacioared.org\/wp-content\/uploads\/Dones-Ared-11-150x150.jpg 150w, https:\/\/www.fundacioared.org\/wp-content\/uploads\/Dones-Ared-11-768x768.jpg 768w, https:\/\/www.fundacioared.org\/wp-content\/uploads\/Dones-Ared-11-600x600.jpg 600w, https:\/\/www.fundacioared.org\/wp-content\/uploads\/Dones-Ared-11-340x340.jpg 340w, https:\/\/www.fundacioared.org\/wp-content\/uploads\/Dones-Ared-11-140x140.jpg 140w\" sizes=\"auto, (max-width: 1080px) 100vw, 1080px\" \/><\/figure>\n\n\n\n<div style=\"height:50px\" aria-hidden=\"true\" class=\"wp-block-spacer\"><\/div>\n\n\n\n<p class=\"is-style-com_titular_5 has-gris-ared-color has-text-color has-link-color wp-elements-1120bea4790e0f4b45503ade27a88e82\"><strong>Gesti\u00f3n de<\/strong><br\/> comedores<strong> <\/strong><\/p>\n\n\n\n<p>A trav\u00e9s de nuestro servicio de gesti\u00f3n de comedores y cafeter\u00edas, ofrecemos espacios en los que la calidad, la sostenibilidad y el compromiso social se encuentran para ofrecer una experiencia gastron\u00f3mica con valor a\u00f1adido.  <\/p>\n\n\n\n<div class=\"wp-block-buttons is-layout-flex wp-block-buttons-is-layout-flex\">\n<div class=\"wp-block-button\"><a class=\"wp-block-button__link wp-element-button\" href=\"https:\/\/www.fundacioared.org\/es\/gestion-comedores\/\">Saber m\u00e1s<\/a><\/div>\n<\/div>\n<\/div>\n<\/div>\n<\/div>\n\n<div style=\"height:100px\" aria-hidden=\"true\" class=\"wp-block-spacer\"><\/div>\n","protected":false},"excerpt":{"rendered":"","protected":false},"author":1,"featured_media":0,"parent":0,"menu_order":15,"comment_status":"closed","ping_status":"closed","template":"","meta":{"_acf_changed":false,"footnotes":""},"class_list":["post-4697","page","type-page","status-publish","hentry"],"acf":[],"_links":{"self":[{"href":"https:\/\/www.fundacioared.org\/es\/wp-json\/wp\/v2\/pages\/4697","targetHints":{"allow":["GET"]}}],"collection":[{"href":"https:\/\/www.fundacioared.org\/es\/wp-json\/wp\/v2\/pages"}],"about":[{"href":"https:\/\/www.fundacioared.org\/es\/wp-json\/wp\/v2\/types\/page"}],"author":[{"embeddable":true,"href":"https:\/\/www.fundacioared.org\/es\/wp-json\/wp\/v2\/users\/1"}],"replies":[{"embeddable":true,"href":"https:\/\/www.fundacioared.org\/es\/wp-json\/wp\/v2\/comments?post=4697"}],"version-history":[{"count":3,"href":"https:\/\/www.fundacioared.org\/es\/wp-json\/wp\/v2\/pages\/4697\/revisions"}],"predecessor-version":[{"id":6265,"href":"https:\/\/www.fundacioared.org\/es\/wp-json\/wp\/v2\/pages\/4697\/revisions\/6265"}],"wp:attachment":[{"href":"https:\/\/www.fundacioared.org\/es\/wp-json\/wp\/v2\/media?parent=4697"}],"curies":[{"name":"wp","href":"https:\/\/api.w.org\/{rel}","templated":true}]}}