{"id":4702,"date":"2024-07-22T07:35:44","date_gmt":"2024-07-22T05:35:44","guid":{"rendered":"https:\/\/www.fundacioared.org\/programas-de-insercion\/"},"modified":"2025-01-27T10:39:17","modified_gmt":"2025-01-27T09:39:17","slug":"programas-de-insercion","status":"publish","type":"page","link":"https:\/\/www.fundacioared.org\/es\/programas-de-insercion\/","title":{"rendered":"Programas de inserci\u00f3n"},"content":{"rendered":"\n<div class=\"wp-block-ared-cabecera mod-cabecera\"><div class=\"slider\">\n<div class=\"wp-block-ared-cabecera-interior slide\"><div class=\"image\" style=\"background-image:url(https:\/\/www.fundacioared.org\/wp-content\/uploads\/25-NOVEMBRE-18-3.jpg)\"><div class=\"text maq-contenidor\">\n<p class=\"is-style-com_titular_3 has-blanc-color has-text-color has-link-color wp-elements-da3be9840effcecf41632f41c9258270\">Programas<br> de acompa\u00f1amiento<br> a la inserci\u00f3n<\/p>\n\n\n\n<p class=\"has-blanc-color has-text-color has-link-color wp-elements-c8b0ba987cfbe877bc89abd8b4f2ef1f\">Proyectos con un enfoque transversal centrado<br> en la persona, promoviendo su<br> autonom\u00eda e independencia.<\/p>\n<\/div><\/div><\/div>\n<\/div><\/div>\n\n\n\n<div class=\"wp-block-ared-marges maq-contenidor estreta marge-superior-petit marge-inferior-petit\" data-aos=\"off\" data-aos-delay=\"aos_delay\">\n<p class=\"is-style-com_titular_3\"><strong>Hagamos posible una integraci\u00f3n efectiva y duradera<\/strong><\/p>\n\n\n\n<p>En la Fundaci\u00f3n Ared reafirmamos nuestro compromiso con la inclusi\u00f3n laboral y el bienestar de las personas en situaci\u00f3n de vulnerabilidad, trabajando cada d\u00eda para construir una sociedad m\u00e1s justa e igualitaria.<\/p>\n\n\n\n<p>Con m\u00e1s de 30 a\u00f1os de experiencia trabajando en la inserci\u00f3n laboral, hemos desarrollado un modelo propio de intervenci\u00f3n, basado en una metodolog\u00eda transversal y centrada en la persona, promoviendo su autonom\u00eda e independencia.<\/p>\n\n\n\n<p>Con nuestro enfoque integral, trabajamos desde la perspectiva de g\u00e9nero, potenciamos la mejora del bienestar emocional de las personas que acompa\u00f1amos e impulsamos su capacitaci\u00f3n y motivaci\u00f3n para la b\u00fasqueda de empleo. Nos aseguramos que la calidad de la inserci\u00f3n laboral sea \u00f3ptima a trav\u00e9s de la continua monitorizaci\u00f3n de los resultados.<\/p>\n<\/div>\n\n\n\n<p class=\"has-text-align-center is-style-com_titular_3 has-taronja-ared-color has-text-color has-link-color wp-elements-a0c22874b677a5f0bc296e9fa969edf7\">Descubre los Proyectos Ared<\/p>\n\n\n\n<div class=\"wp-block-ared-marges maq-contenidor normal marge-superior-petit marge-inferior-petit\" data-aos=\"off\" data-aos-delay=\"aos_delay\">\n<div class=\"wp-block-columns are-vertically-aligned-top is-layout-flex wp-container-core-columns-is-layout-fd5ee069 wp-block-columns-is-layout-flex\" style=\"margin-top:0;margin-bottom:0;padding-top:0;padding-right:0;padding-bottom:0;padding-left:0\">\n<div class=\"wp-block-column is-vertically-aligned-top is-layout-flow wp-block-column-is-layout-flow\" style=\"padding-top:0;padding-right:var(--wp--preset--spacing--50);padding-bottom:0;padding-left:var(--wp--preset--spacing--50)\">\n<div style=\"height:2em\" aria-hidden=\"true\" class=\"wp-block-spacer\"><\/div>\n\n\n\n<figure class=\"wp-block-image size-full\"><img loading=\"lazy\" decoding=\"async\" width=\"2000\" height=\"1139\" src=\"https:\/\/www.fundacioared.org\/wp-content\/uploads\/COMUNICACION-INTERNA-17-1.jpg\" alt=\"\" class=\"wp-image-1974\" style=\"aspect-ratio:1;object-fit:cover\" srcset=\"https:\/\/www.fundacioared.org\/wp-content\/uploads\/COMUNICACION-INTERNA-17-1.jpg 2000w, https:\/\/www.fundacioared.org\/wp-content\/uploads\/COMUNICACION-INTERNA-17-1-300x171.jpg 300w, https:\/\/www.fundacioared.org\/wp-content\/uploads\/COMUNICACION-INTERNA-17-1-1024x583.jpg 1024w, https:\/\/www.fundacioared.org\/wp-content\/uploads\/COMUNICACION-INTERNA-17-1-768x437.jpg 768w, https:\/\/www.fundacioared.org\/wp-content\/uploads\/COMUNICACION-INTERNA-17-1-1536x875.jpg 1536w, https:\/\/www.fundacioared.org\/wp-content\/uploads\/COMUNICACION-INTERNA-17-1-340x194.jpg 340w, https:\/\/www.fundacioared.org\/wp-content\/uploads\/COMUNICACION-INTERNA-17-1-140x80.jpg 140w\" sizes=\"auto, (max-width: 2000px) 100vw, 2000px\" \/><\/figure>\n\n\n\n<div style=\"height:30px\" aria-hidden=\"true\" class=\"wp-block-spacer\"><\/div>\n\n\n\n<p class=\"is-style-com_titular_4\">Mujer Igualdad: Dona un Pas<\/p>\n\n\n\n<p>Programa de inserci\u00f3n laboral para mujeres que han sufrido o sufren violencia machista.<\/p>\n\n\n\n<div class=\"wp-block-buttons is-layout-flex wp-block-buttons-is-layout-flex\">\n<div class=\"wp-block-button\"><a class=\"wp-block-button__link wp-element-button\" href=\"https:\/\/www.fundacioared.org\/es\/mujer-igualdad\/\">Saber m\u00e1s<\/a><\/div>\n<\/div>\n<\/div>\n\n\n\n<div class=\"wp-block-column is-vertically-aligned-top is-layout-flow wp-block-column-is-layout-flow\" style=\"padding-top:0;padding-right:var(--wp--preset--spacing--50);padding-bottom:0;padding-left:var(--wp--preset--spacing--50)\">\n<div style=\"height:2em\" aria-hidden=\"true\" class=\"wp-block-spacer\"><\/div>\n\n\n\n<figure class=\"wp-block-image size-full\"><img loading=\"lazy\" decoding=\"async\" width=\"2000\" height=\"1414\" src=\"https:\/\/www.fundacioared.org\/wp-content\/uploads\/COMUNICACION-INTERNA-15.jpg\" alt=\"\" class=\"wp-image-1210\" style=\"aspect-ratio:1;object-fit:cover\" srcset=\"https:\/\/www.fundacioared.org\/wp-content\/uploads\/COMUNICACION-INTERNA-15.jpg 2000w, https:\/\/www.fundacioared.org\/wp-content\/uploads\/COMUNICACION-INTERNA-15-300x212.jpg 300w, https:\/\/www.fundacioared.org\/wp-content\/uploads\/COMUNICACION-INTERNA-15-1024x724.jpg 1024w, https:\/\/www.fundacioared.org\/wp-content\/uploads\/COMUNICACION-INTERNA-15-768x543.jpg 768w, https:\/\/www.fundacioared.org\/wp-content\/uploads\/COMUNICACION-INTERNA-15-1536x1086.jpg 1536w, https:\/\/www.fundacioared.org\/wp-content\/uploads\/COMUNICACION-INTERNA-15-340x240.jpg 340w, https:\/\/www.fundacioared.org\/wp-content\/uploads\/COMUNICACION-INTERNA-15-140x99.jpg 140w\" sizes=\"auto, (max-width: 2000px) 100vw, 2000px\" \/><\/figure>\n\n\n\n<div style=\"height:30px\" aria-hidden=\"true\" class=\"wp-block-spacer\"><\/div>\n\n\n\n<p class=\"is-style-com_titular_4\"><strong>Mujer<\/strong> Salud: <br>Fem Cam\u00ed<\/p>\n\n\n\n<p class=\"has-gris-ared-color has-text-color has-link-color wp-elements-370e911a855a8c20a91a980dccd769b0\">Programa de inserci\u00f3n laboral para mujeres afectadas de Fibromialgia y\/o S\u00edndrome de Fatiga Cr\u00f3nica.<\/p>\n\n\n\n<div class=\"wp-block-buttons is-layout-flex wp-block-buttons-is-layout-flex\">\n<div class=\"wp-block-button\"><a class=\"wp-block-button__link wp-element-button\" href=\"https:\/\/www.fundacioared.org\/es\/mujer-salud\/\">Saber m\u00e1s<\/a><\/div>\n<\/div>\n\n\n\n<p class=\"has-gris-ared-color has-text-color has-link-color wp-elements-eb4084395ced2f24af3330d956dcea91\">&nbsp;<\/p>\n<\/div>\n\n\n\n<div class=\"wp-block-column is-vertically-aligned-top is-layout-flow wp-block-column-is-layout-flow\" style=\"padding-top:0;padding-right:var(--wp--preset--spacing--50);padding-bottom:0;padding-left:var(--wp--preset--spacing--50)\">\n<div style=\"height:2em\" aria-hidden=\"true\" class=\"wp-block-spacer\"><\/div>\n\n\n\n<figure class=\"wp-block-image size-full\"><img loading=\"lazy\" decoding=\"async\" width=\"2000\" height=\"1414\" src=\"https:\/\/www.fundacioared.org\/wp-content\/uploads\/Copia-de-FOAP-MODULOS-FORMATIVOS.jpg\" alt=\"\" class=\"wp-image-1979\" style=\"aspect-ratio:1;object-fit:cover\" srcset=\"https:\/\/www.fundacioared.org\/wp-content\/uploads\/Copia-de-FOAP-MODULOS-FORMATIVOS.jpg 2000w, https:\/\/www.fundacioared.org\/wp-content\/uploads\/Copia-de-FOAP-MODULOS-FORMATIVOS-300x212.jpg 300w, https:\/\/www.fundacioared.org\/wp-content\/uploads\/Copia-de-FOAP-MODULOS-FORMATIVOS-1024x724.jpg 1024w, https:\/\/www.fundacioared.org\/wp-content\/uploads\/Copia-de-FOAP-MODULOS-FORMATIVOS-768x543.jpg 768w, https:\/\/www.fundacioared.org\/wp-content\/uploads\/Copia-de-FOAP-MODULOS-FORMATIVOS-1536x1086.jpg 1536w, https:\/\/www.fundacioared.org\/wp-content\/uploads\/Copia-de-FOAP-MODULOS-FORMATIVOS-340x240.jpg 340w, https:\/\/www.fundacioared.org\/wp-content\/uploads\/Copia-de-FOAP-MODULOS-FORMATIVOS-140x99.jpg 140w\" sizes=\"auto, (max-width: 2000px) 100vw, 2000px\" \/><\/figure>\n\n\n\n<div style=\"height:30px\" aria-hidden=\"true\" class=\"wp-block-spacer\"><\/div>\n\n\n\n<p class=\"is-style-com_titular_4\">Avan\u00e7a&#8217;t al teu Futur<\/p>\n\n\n\n<p class=\"has-gris-ared-color has-text-color has-link-color wp-elements-96c505627ae5d0ce116e28e97a68c02a\">Programa de acompa\u00f1amiento a la inserci\u00f3n laboral de personas desempleadas en situaci\u00f3n vulnerable.<\/p>\n\n\n\n<div class=\"wp-block-buttons is-layout-flex wp-block-buttons-is-layout-flex\">\n<div class=\"wp-block-button\"><a class=\"wp-block-button__link wp-element-button\" href=\"https:\/\/www.fundacioared.org\/es\/adelantate-a-tu-futuro\/\">Saber m\u00e1s<\/a><\/div>\n<\/div>\n<\/div>\n\n\n\n<div class=\"wp-block-column is-vertically-aligned-top is-layout-flow wp-block-column-is-layout-flow\" style=\"padding-right:var(--wp--preset--spacing--50);padding-left:var(--wp--preset--spacing--50)\">\n<div style=\"height:2em\" aria-hidden=\"true\" class=\"wp-block-spacer\"><\/div>\n\n\n\n<figure class=\"wp-block-image size-full\"><img loading=\"lazy\" decoding=\"async\" width=\"1080\" height=\"1080\" src=\"https:\/\/www.fundacioared.org\/wp-content\/uploads\/Dones-Ared-9.jpg\" alt=\"\" class=\"wp-image-3357\" srcset=\"https:\/\/www.fundacioared.org\/wp-content\/uploads\/Dones-Ared-9.jpg 1080w, https:\/\/www.fundacioared.org\/wp-content\/uploads\/Dones-Ared-9-300x300.jpg 300w, https:\/\/www.fundacioared.org\/wp-content\/uploads\/Dones-Ared-9-1024x1024.jpg 1024w, https:\/\/www.fundacioared.org\/wp-content\/uploads\/Dones-Ared-9-150x150.jpg 150w, https:\/\/www.fundacioared.org\/wp-content\/uploads\/Dones-Ared-9-768x768.jpg 768w, https:\/\/www.fundacioared.org\/wp-content\/uploads\/Dones-Ared-9-600x600.jpg 600w, https:\/\/www.fundacioared.org\/wp-content\/uploads\/Dones-Ared-9-340x340.jpg 340w, https:\/\/www.fundacioared.org\/wp-content\/uploads\/Dones-Ared-9-140x140.jpg 140w\" sizes=\"auto, (max-width: 1080px) 100vw, 1080px\" \/><\/figure>\n\n\n\n<div style=\"height:30px\" aria-hidden=\"true\" class=\"wp-block-spacer\"><\/div>\n\n\n\n<p class=\"is-style-com_titular_4\"><strong>Gesti\u00f3n de programas<\/strong> <\/p>\n\n\n\n<p>Otros programas externos que gestionamos y coordinamos desde Ared.<\/p>\n\n\n\n<div class=\"wp-block-buttons is-layout-flex wp-block-buttons-is-layout-flex\">\n<div class=\"wp-block-button\"><a class=\"wp-block-button__link wp-element-button\" href=\"https:\/\/www.fundacioared.org\/es\/gestion-programas\/\">Saber m\u00e1s<\/a><\/div>\n<\/div>\n<\/div>\n<\/div>\n<\/div>\n\n\n\n<p><\/p>\n","protected":false},"excerpt":{"rendered":"<p>Descubre los Proyectos Ared<\/p>\n","protected":false},"author":1,"featured_media":0,"parent":0,"menu_order":39,"comment_status":"closed","ping_status":"closed","template":"","meta":{"_acf_changed":false,"footnotes":""},"class_list":["post-4702","page","type-page","status-publish","hentry"],"acf":[],"_links":{"self":[{"href":"https:\/\/www.fundacioared.org\/es\/wp-json\/wp\/v2\/pages\/4702","targetHints":{"allow":["GET"]}}],"collection":[{"href":"https:\/\/www.fundacioared.org\/es\/wp-json\/wp\/v2\/pages"}],"about":[{"href":"https:\/\/www.fundacioared.org\/es\/wp-json\/wp\/v2\/types\/page"}],"author":[{"embeddable":true,"href":"https:\/\/www.fundacioared.org\/es\/wp-json\/wp\/v2\/users\/1"}],"replies":[{"embeddable":true,"href":"https:\/\/www.fundacioared.org\/es\/wp-json\/wp\/v2\/comments?post=4702"}],"version-history":[{"count":2,"href":"https:\/\/www.fundacioared.org\/es\/wp-json\/wp\/v2\/pages\/4702\/revisions"}],"predecessor-version":[{"id":4971,"href":"https:\/\/www.fundacioared.org\/es\/wp-json\/wp\/v2\/pages\/4702\/revisions\/4971"}],"wp:attachment":[{"href":"https:\/\/www.fundacioared.org\/es\/wp-json\/wp\/v2\/media?parent=4702"}],"curies":[{"name":"wp","href":"https:\/\/api.w.org\/{rel}","templated":true}]}}