{"id":5826,"date":"2026-02-06T09:07:09","date_gmt":"2026-02-06T08:07:09","guid":{"rendered":"https:\/\/www.fundacioared.org\/contigo-y-por-ti-copy\/"},"modified":"2026-02-12T11:42:23","modified_gmt":"2026-02-12T10:42:23","slug":"contigo-y-por-ti-copy","status":"publish","type":"page","link":"https:\/\/www.fundacioared.org\/es\/contigo-y-por-ti-copy\/","title":{"rendered":"NEW Socioeducativo \u201cContigo y Por ti\u201d"},"content":{"rendered":"\n<div class=\"wp-block-ared-cabecera mod-cabecera\"><div class=\"slider\">\n<div class=\"wp-block-ared-cabecera-interior slide\"><div class=\"image\" style=\"background-image:url(https:\/\/www.fundacioared.org\/wp-content\/uploads\/25-NOVEMBRE-5-3.jpg)\"><div class=\"text maq-contenidor\">\n<p class=\"is-style-com_titular_3 has-blanc-color has-text-color has-link-color wp-elements-7d3980f1e4f47fa03feedd872793b8ca\"><strong>Acompa\u00f1amiento socioeducativo<\/strong><br\/> <strong>para avanzar hacia<\/strong><br\/> <strong>oportunidades laborales reales<\/strong><\/p>\n\n\n\n<p class=\"has-blanc-color has-text-color has-link-color wp-elements-579d123279052252735eb6b65a86ff4b\"><\/p>\n<\/div><\/div><\/div>\n<\/div><\/div>\n\n<div class=\"wp-block-ared-marges maq-contenidor estreta marge-superior-petit marge-inferior-petit\" data-aos=\"off\" data-aos-delay=\"aos_delay\">\n<div class=\"wp-block-columns is-layout-flex wp-container-core-columns-is-layout-9d6595d7 wp-block-columns-is-layout-flex\">\n<div class=\"wp-block-column is-layout-flow wp-block-column-is-layout-flow\">\n<p class=\"is-style-com_titular_3\">Programa<\/p>\n\n\n\n<p class=\"is-style-com_titular_3 has-taronja-ared-color has-text-color has-link-color wp-elements-f881843bd3a2a4ec6762d0a2a8e46e30\"><strong>Socioeducativo \u201cContigo y Por ti\u201d<\/strong><\/p>\n\n\n\n<p>El programa \u201cContigo y Por ti\u201d forma parte del n\u00facleo del acompa\u00f1amiento socioeducativo de Ared. Da respuesta a la necesidad de convertir el acompa\u00f1amiento en un proceso estructurado y personalizado, capaz de facilitar el paso desde una situaci\u00f3n de vulnerabilidad hacia la autonom\u00eda sociolaboral. <\/p>\n\n\n\n<p>A partir de una metodolog\u00eda consolidada y una mirada integral, el programa articula un itinerario que combina soporte personal y orientaci\u00f3n profesional, adapt\u00e1ndose a la realidad y al momento vital de cada participante.<\/p>\n\n\n\n<p>El proceso se inicia con un diagn\u00f3stico inicial, la definici\u00f3n de objetivos compartidos y un plan de acompa\u00f1amiento que da sentido y continuidad al itinerario.<\/p>\n<\/div>\n<\/div>\n<\/div>\n\n<div class=\"wp-block-ared-marges maq-contenidor normal marge-superior-petit marge-inferior-petit\" data-aos=\"off\" data-aos-delay=\"aos_delay\">\n<p class=\"has-text-align-left is-style-com_titular_3\">El objetivo del programa es reforzar trayectorias que permitan avanzar hacia inserciones laborales estables, reducir abandonos y consolidar la confianza personal y competencial de las participantes.<\/p>\n<\/div>\n\n<div class=\"wp-block-ared-marges maq-contenidor normal marge-superior-petit marge-inferior-petit\" data-aos=\"off\" data-aos-delay=\"aos_delay\">\n<div class=\"wp-block-columns is-layout-flex wp-container-core-columns-is-layout-9d6595d7 wp-block-columns-is-layout-flex\">\n<div class=\"wp-block-column is-layout-flow wp-block-column-is-layout-flow\" style=\"padding-right:var(--wp--preset--spacing--50);padding-left:var(--wp--preset--spacing--50)\">\n<div style=\"height:30px\" aria-hidden=\"true\" class=\"wp-block-spacer\"><\/div>\n\n\n\n<p class=\"has-text-align-left\"><\/p>\n<\/div>\n\n\n\n<div class=\"wp-block-column is-layout-flow wp-block-column-is-layout-flow\" style=\"padding-right:var(--wp--preset--spacing--50);padding-left:var(--wp--preset--spacing--50)\">\n<figure class=\"wp-block-image aligncenter size-full\"><img loading=\"lazy\" decoding=\"async\" width=\"686\" height=\"686\" src=\"https:\/\/www.fundacioared.org\/wp-content\/uploads\/Insercio-dona-salut-icona-02.jpg\" alt=\"\" class=\"wp-image-769\" style=\"object-fit:cover\" srcset=\"https:\/\/www.fundacioared.org\/wp-content\/uploads\/Insercio-dona-salut-icona-02.jpg 686w, https:\/\/www.fundacioared.org\/wp-content\/uploads\/Insercio-dona-salut-icona-02-300x300.jpg 300w, https:\/\/www.fundacioared.org\/wp-content\/uploads\/Insercio-dona-salut-icona-02-150x150.jpg 150w, https:\/\/www.fundacioared.org\/wp-content\/uploads\/Insercio-dona-salut-icona-02-600x600.jpg 600w, https:\/\/www.fundacioared.org\/wp-content\/uploads\/Insercio-dona-salut-icona-02-340x340.jpg 340w, https:\/\/www.fundacioared.org\/wp-content\/uploads\/Insercio-dona-salut-icona-02-140x140.jpg 140w\" sizes=\"auto, (max-width: 686px) 100vw, 686px\" \/><\/figure>\n\n\n\n<div style=\"height:30px\" aria-hidden=\"true\" class=\"wp-block-spacer\"><\/div>\n\n\n\n<p class=\"has-text-align-left is-style-com_titular_4 has-taronja-ared-color has-text-color has-link-color wp-elements-26464f6e0e06d8f9bfbe905824fc86bc\"><strong>Impulsar la Motivaci\u00f3n<\/strong> y la voluntad real de cambio<\/p>\n\n\n\n<p class=\"has-text-align-left\">Mediante sesiones estructuradas, se trabajan los obst\u00e1culos que dificultan el avance y se refuerza el compromiso con el proceso formativo y laboral.<\/p>\n<\/div>\n\n\n\n<div class=\"wp-block-column is-layout-flow wp-block-column-is-layout-flow\" style=\"padding-right:var(--wp--preset--spacing--50);padding-left:var(--wp--preset--spacing--50)\">\n<figure class=\"wp-block-image aligncenter size-full\"><img loading=\"lazy\" decoding=\"async\" width=\"686\" height=\"686\" src=\"https:\/\/www.fundacioared.org\/wp-content\/uploads\/Insercio-dona-salut-icona-02.jpg\" alt=\"\" class=\"wp-image-769\" style=\"object-fit:cover\" srcset=\"https:\/\/www.fundacioared.org\/wp-content\/uploads\/Insercio-dona-salut-icona-02.jpg 686w, https:\/\/www.fundacioared.org\/wp-content\/uploads\/Insercio-dona-salut-icona-02-300x300.jpg 300w, https:\/\/www.fundacioared.org\/wp-content\/uploads\/Insercio-dona-salut-icona-02-150x150.jpg 150w, https:\/\/www.fundacioared.org\/wp-content\/uploads\/Insercio-dona-salut-icona-02-600x600.jpg 600w, https:\/\/www.fundacioared.org\/wp-content\/uploads\/Insercio-dona-salut-icona-02-340x340.jpg 340w, https:\/\/www.fundacioared.org\/wp-content\/uploads\/Insercio-dona-salut-icona-02-140x140.jpg 140w\" sizes=\"auto, (max-width: 686px) 100vw, 686px\" \/><\/figure>\n\n\n\n<div style=\"height:30px\" aria-hidden=\"true\" class=\"wp-block-spacer\"><\/div>\n\n\n\n<p class=\"has-text-align-left is-style-com_titular_4 has-taronja-ared-color has-text-color has-link-color wp-elements-44d9848abb9658501dfa87b51dfbf9f1\"><strong><strong>Desarrollar habilidades y competencias<\/strong><\/strong><\/p>\n\n\n\n<p class=\"has-text-align-left\">Se trabajan competencias esenciales para la vida y el trabajo, como la comunicaci\u00f3n efectiva, el trabajo en equipo, la organizaci\u00f3n y la resoluci\u00f3n de problemas. <strong>Facilitar la Integraci\u00f3n en el Mercado laboral<\/strong> .<\/p>\n\n\n\n<p class=\"has-text-align-left\">El acompa\u00f1amiento individualizado permite preparar y sostener el paso hacia el empleo, con el objetivo de favorecer inserciones efectivas y duraderas.<\/p>\n<\/div>\n\n\n\n<div class=\"wp-block-column is-layout-flow wp-block-column-is-layout-flow\" style=\"padding-right:var(--wp--preset--spacing--50);padding-left:var(--wp--preset--spacing--50)\">\n<div style=\"height:30px\" aria-hidden=\"true\" class=\"wp-block-spacer\"><\/div>\n\n\n\n<p class=\"has-text-align-left\"><\/p>\n<\/div>\n<\/div>\n<\/div>\n\n<div class=\"wp-block-ared-marges maq-contenidor estreta marge-superior-petit marge-inferior-petit\" data-aos=\"off\" data-aos-delay=\"aos_delay\">\n<div class=\"wp-block-columns is-layout-flex wp-container-core-columns-is-layout-9d6595d7 wp-block-columns-is-layout-flex\">\n<div class=\"wp-block-column is-layout-flow wp-block-column-is-layout-flow\">\n<p class=\"is-style-com_titular_3 has-gris-ared-color has-text-color has-link-color wp-elements-4072007e053e233b0a727bec430dd7b1\">C\u00f3mo lo hacemos.<\/p>\n\n\n\n<p class=\"is-style-com_titular_4 has-gris-ared-color has-text-color has-link-color wp-elements-ff952b8e522db7c614983e8a44dcefe8\"><strong>El programa se implementa a trav\u00e9s de diversas iniciativas:<\/strong><\/p>\n<\/div>\n<\/div>\n<\/div>\n\n<div class=\"wp-block-ared-marges maq-contenidor normal marge-superior-petit marge-inferior-petit\" data-aos=\"off\" data-aos-delay=\"aos_delay\">\n<div class=\"wp-block-columns is-layout-flex wp-container-core-columns-is-layout-9d6595d7 wp-block-columns-is-layout-flex\">\n<div class=\"wp-block-column is-layout-flow wp-block-column-is-layout-flow\" style=\"padding-right:0;padding-left:0\">\n<figure class=\"wp-block-image size-full\"><img loading=\"lazy\" decoding=\"async\" width=\"500\" height=\"500\" src=\"https:\/\/www.fundacioared.org\/wp-content\/uploads\/Revisions-oftalm.jpg\" alt=\"\" class=\"wp-image-2696\" style=\"aspect-ratio:1;object-fit:cover\" srcset=\"https:\/\/www.fundacioared.org\/wp-content\/uploads\/Revisions-oftalm.jpg 500w, https:\/\/www.fundacioared.org\/wp-content\/uploads\/Revisions-oftalm-300x300.jpg 300w, https:\/\/www.fundacioared.org\/wp-content\/uploads\/Revisions-oftalm-150x150.jpg 150w, https:\/\/www.fundacioared.org\/wp-content\/uploads\/Revisions-oftalm-340x340.jpg 340w, https:\/\/www.fundacioared.org\/wp-content\/uploads\/Revisions-oftalm-140x140.jpg 140w\" sizes=\"auto, (max-width: 500px) 100vw, 500px\" \/><\/figure>\n\n\n\n<div style=\"height:30px\" aria-hidden=\"true\" class=\"wp-block-spacer\"><\/div>\n\n\n\n<p class=\"is-style-com_titular_5 has-taronja-ared-color has-text-color has-link-color wp-elements-e5d577c495cec2fb2a6f9b0e21fe9045\"><strong><strong>Formaci\u00f3n<\/strong><\/strong><br\/> <strong><strong>Profesional<\/strong><\/strong><\/p>\n\n\n\n<p>Vinculada a los itinerarios y los intereses de cada participante.<\/p>\n<\/div>\n\n\n\n<div class=\"wp-block-column is-layout-flow wp-block-column-is-layout-flow\" style=\"padding-right:0;padding-left:0\">\n<figure class=\"wp-block-image size-full\"><img loading=\"lazy\" decoding=\"async\" width=\"500\" height=\"500\" src=\"https:\/\/www.fundacioared.org\/wp-content\/uploads\/Revisions-oftalm.jpg\" alt=\"\" class=\"wp-image-2696\" style=\"aspect-ratio:1;object-fit:cover\" srcset=\"https:\/\/www.fundacioared.org\/wp-content\/uploads\/Revisions-oftalm.jpg 500w, https:\/\/www.fundacioared.org\/wp-content\/uploads\/Revisions-oftalm-300x300.jpg 300w, https:\/\/www.fundacioared.org\/wp-content\/uploads\/Revisions-oftalm-150x150.jpg 150w, https:\/\/www.fundacioared.org\/wp-content\/uploads\/Revisions-oftalm-340x340.jpg 340w, https:\/\/www.fundacioared.org\/wp-content\/uploads\/Revisions-oftalm-140x140.jpg 140w\" sizes=\"auto, (max-width: 500px) 100vw, 500px\" \/><\/figure>\n\n\n\n<div style=\"height:30px\" aria-hidden=\"true\" class=\"wp-block-spacer\"><\/div>\n\n\n\n<p class=\"is-style-com_titular_5 has-taronja-ared-color has-text-color has-link-color wp-elements-3d6e99ce2737f9026b4d954b86264cf0\"><strong><strong>Acompa\u00f1amiento individual y grupal<\/strong><\/strong><\/p>\n\n\n\n<p>sesiones peri\u00f3dicas con t\u00e9cnicos especializados para definir objetivos, revisar avances y ajustar el proceso y recursos.<\/p>\n<\/div>\n\n\n\n<div class=\"wp-block-column is-layout-flow wp-block-column-is-layout-flow\" style=\"padding-right:0;padding-left:0\">\n<figure class=\"wp-block-image size-full\"><img loading=\"lazy\" decoding=\"async\" width=\"500\" height=\"500\" src=\"https:\/\/www.fundacioared.org\/wp-content\/uploads\/Revisions-oftalm.jpg\" alt=\"\" class=\"wp-image-2696\" style=\"aspect-ratio:1;object-fit:cover\" srcset=\"https:\/\/www.fundacioared.org\/wp-content\/uploads\/Revisions-oftalm.jpg 500w, https:\/\/www.fundacioared.org\/wp-content\/uploads\/Revisions-oftalm-300x300.jpg 300w, https:\/\/www.fundacioared.org\/wp-content\/uploads\/Revisions-oftalm-150x150.jpg 150w, https:\/\/www.fundacioared.org\/wp-content\/uploads\/Revisions-oftalm-340x340.jpg 340w, https:\/\/www.fundacioared.org\/wp-content\/uploads\/Revisions-oftalm-140x140.jpg 140w\" sizes=\"auto, (max-width: 500px) 100vw, 500px\" \/><\/figure>\n\n\n\n<div style=\"height:30px\" aria-hidden=\"true\" class=\"wp-block-spacer\"><\/div>\n\n\n\n<p class=\"is-style-com_titular_5 has-taronja-ared-color has-text-color has-link-color wp-elements-21f480a8a40fb7190ab17a8c40c6f9ba\"><strong><strong><strong>Itinerarios personalizados<\/strong><\/strong><\/strong><\/p>\n\n\n\n<p>Combinaci\u00f3n de formaci\u00f3n, orientaci\u00f3n y desarrollo competencial adaptada a cada trayectoria.<\/p>\n<\/div>\n\n\n\n<div class=\"wp-block-column is-layout-flow wp-block-column-is-layout-flow\" style=\"padding-right:0;padding-left:0\">\n<figure class=\"wp-block-image size-full\"><img loading=\"lazy\" decoding=\"async\" width=\"500\" height=\"500\" src=\"https:\/\/www.fundacioared.org\/wp-content\/uploads\/Revisions-oftalm.jpg\" alt=\"\" class=\"wp-image-2696\" style=\"aspect-ratio:1;object-fit:cover\" srcset=\"https:\/\/www.fundacioared.org\/wp-content\/uploads\/Revisions-oftalm.jpg 500w, https:\/\/www.fundacioared.org\/wp-content\/uploads\/Revisions-oftalm-300x300.jpg 300w, https:\/\/www.fundacioared.org\/wp-content\/uploads\/Revisions-oftalm-150x150.jpg 150w, https:\/\/www.fundacioared.org\/wp-content\/uploads\/Revisions-oftalm-340x340.jpg 340w, https:\/\/www.fundacioared.org\/wp-content\/uploads\/Revisions-oftalm-140x140.jpg 140w\" sizes=\"auto, (max-width: 500px) 100vw, 500px\" \/><\/figure>\n\n\n\n<div style=\"height:30px\" aria-hidden=\"true\" class=\"wp-block-spacer\"><\/div>\n\n\n\n<p class=\"is-style-com_titular_5 has-taronja-ared-color has-text-color has-link-color wp-elements-9520e3e44bcdc82bc4a1a88848f75e60\"><strong><strong><strong><strong>Conexiones con empresas y oportunidades laborales<\/strong><\/strong><\/strong><\/strong><\/p>\n\n\n\n<p>Establecemos v\u00ednculos reales con el mercado laboral.<\/p>\n<\/div>\n\n\n\n<div class=\"wp-block-column is-layout-flow wp-block-column-is-layout-flow\" style=\"padding-right:0;padding-left:0\">\n<figure class=\"wp-block-image size-full\"><img loading=\"lazy\" decoding=\"async\" width=\"500\" height=\"500\" src=\"https:\/\/www.fundacioared.org\/wp-content\/uploads\/Revisions-oftalm.jpg\" alt=\"\" class=\"wp-image-2696\" style=\"aspect-ratio:1;object-fit:cover\" srcset=\"https:\/\/www.fundacioared.org\/wp-content\/uploads\/Revisions-oftalm.jpg 500w, https:\/\/www.fundacioared.org\/wp-content\/uploads\/Revisions-oftalm-300x300.jpg 300w, https:\/\/www.fundacioared.org\/wp-content\/uploads\/Revisions-oftalm-150x150.jpg 150w, https:\/\/www.fundacioared.org\/wp-content\/uploads\/Revisions-oftalm-340x340.jpg 340w, https:\/\/www.fundacioared.org\/wp-content\/uploads\/Revisions-oftalm-140x140.jpg 140w\" sizes=\"auto, (max-width: 500px) 100vw, 500px\" \/><\/figure>\n\n\n\n<div style=\"height:30px\" aria-hidden=\"true\" class=\"wp-block-spacer\"><\/div>\n\n\n\n<p class=\"is-style-com_titular_5 has-taronja-ared-color has-text-color has-link-color wp-elements-16401edbd7f34688ee1640c32d3e9fc9\"><strong><strong><strong>Espacios de aprendizaje accesibles<\/strong><\/strong><\/strong><\/p>\n\n\n\n<p>promovemos entornos acogedores que faciliten la participaci\u00f3n, la confianza y el crecimiento personal.<\/p>\n<\/div>\n<\/div>\n<\/div>\n\n<div class=\"wp-block-ared-marges maq-contenidor normal marge-superior-gran marge-inferior-petit\" data-aos=\"off\" data-aos-delay=\"aos_delay\">\n<p class=\"has-text-align-center is-style-com_titular_4 has-gris-ared-color has-text-color has-link-color wp-elements-0909d71f7c7e01ab2bf9533fbd30b1d0\">Con el apoyo de<\/p>\n<\/div>\n\n<div class=\"wp-block-ared-marges maq-contenidor normal marge-superior- marge-inferior-gran\" data-aos=\"off\" data-aos-delay=\"aos_delay\">\n<div class=\"wp-block-group is-layout-grid wp-container-core-group-is-layout-a62f1058 wp-block-group-is-layout-grid\">\n<figure class=\"wp-block-image size-full\"><img loading=\"lazy\" decoding=\"async\" width=\"1250\" height=\"453\" src=\"https:\/\/www.fundacioared.org\/wp-content\/uploads\/COMUNICACION-INTERNA-5-2.png\" alt=\"\" class=\"wp-image-5574\" srcset=\"https:\/\/www.fundacioared.org\/wp-content\/uploads\/COMUNICACION-INTERNA-5-2.png 1250w, https:\/\/www.fundacioared.org\/wp-content\/uploads\/COMUNICACION-INTERNA-5-2-300x109.png 300w, https:\/\/www.fundacioared.org\/wp-content\/uploads\/COMUNICACION-INTERNA-5-2-1024x371.png 1024w, https:\/\/www.fundacioared.org\/wp-content\/uploads\/COMUNICACION-INTERNA-5-2-768x278.png 768w, https:\/\/www.fundacioared.org\/wp-content\/uploads\/COMUNICACION-INTERNA-5-2-340x123.png 340w, https:\/\/www.fundacioared.org\/wp-content\/uploads\/COMUNICACION-INTERNA-5-2-140x51.png 140w\" sizes=\"auto, (max-width: 1250px) 100vw, 1250px\" \/><\/figure>\n\n\n\n<figure class=\"wp-block-image size-full\"><img loading=\"lazy\" decoding=\"async\" width=\"1250\" height=\"453\" src=\"https:\/\/www.fundacioared.org\/wp-content\/uploads\/COMUNICACION-INTERNA-5-2.png\" alt=\"\" class=\"wp-image-5574\" srcset=\"https:\/\/www.fundacioared.org\/wp-content\/uploads\/COMUNICACION-INTERNA-5-2.png 1250w, https:\/\/www.fundacioared.org\/wp-content\/uploads\/COMUNICACION-INTERNA-5-2-300x109.png 300w, https:\/\/www.fundacioared.org\/wp-content\/uploads\/COMUNICACION-INTERNA-5-2-1024x371.png 1024w, https:\/\/www.fundacioared.org\/wp-content\/uploads\/COMUNICACION-INTERNA-5-2-768x278.png 768w, https:\/\/www.fundacioared.org\/wp-content\/uploads\/COMUNICACION-INTERNA-5-2-340x123.png 340w, https:\/\/www.fundacioared.org\/wp-content\/uploads\/COMUNICACION-INTERNA-5-2-140x51.png 140w\" sizes=\"auto, (max-width: 1250px) 100vw, 1250px\" \/><\/figure>\n\n\n\n<figure class=\"wp-block-image size-full\"><img loading=\"lazy\" decoding=\"async\" width=\"1250\" height=\"453\" src=\"https:\/\/www.fundacioared.org\/wp-content\/uploads\/COMUNICACION-INTERNA-5-2.png\" alt=\"\" class=\"wp-image-5574\" srcset=\"https:\/\/www.fundacioared.org\/wp-content\/uploads\/COMUNICACION-INTERNA-5-2.png 1250w, https:\/\/www.fundacioared.org\/wp-content\/uploads\/COMUNICACION-INTERNA-5-2-300x109.png 300w, https:\/\/www.fundacioared.org\/wp-content\/uploads\/COMUNICACION-INTERNA-5-2-1024x371.png 1024w, https:\/\/www.fundacioared.org\/wp-content\/uploads\/COMUNICACION-INTERNA-5-2-768x278.png 768w, https:\/\/www.fundacioared.org\/wp-content\/uploads\/COMUNICACION-INTERNA-5-2-340x123.png 340w, https:\/\/www.fundacioared.org\/wp-content\/uploads\/COMUNICACION-INTERNA-5-2-140x51.png 140w\" sizes=\"auto, (max-width: 1250px) 100vw, 1250px\" \/><\/figure>\n\n\n\n<figure class=\"wp-block-image size-full\"><img loading=\"lazy\" decoding=\"async\" width=\"1250\" height=\"453\" src=\"https:\/\/www.fundacioared.org\/wp-content\/uploads\/COMUNICACION-INTERNA-5-2.png\" alt=\"\" class=\"wp-image-5574\" srcset=\"https:\/\/www.fundacioared.org\/wp-content\/uploads\/COMUNICACION-INTERNA-5-2.png 1250w, https:\/\/www.fundacioared.org\/wp-content\/uploads\/COMUNICACION-INTERNA-5-2-300x109.png 300w, https:\/\/www.fundacioared.org\/wp-content\/uploads\/COMUNICACION-INTERNA-5-2-1024x371.png 1024w, https:\/\/www.fundacioared.org\/wp-content\/uploads\/COMUNICACION-INTERNA-5-2-768x278.png 768w, https:\/\/www.fundacioared.org\/wp-content\/uploads\/COMUNICACION-INTERNA-5-2-340x123.png 340w, https:\/\/www.fundacioared.org\/wp-content\/uploads\/COMUNICACION-INTERNA-5-2-140x51.png 140w\" sizes=\"auto, (max-width: 1250px) 100vw, 1250px\" \/><\/figure>\n\n\n\n<figure class=\"wp-block-image size-full\"><img loading=\"lazy\" decoding=\"async\" width=\"1250\" height=\"453\" src=\"https:\/\/www.fundacioared.org\/wp-content\/uploads\/COMUNICACION-INTERNA-5-2.png\" alt=\"\" class=\"wp-image-5574\" srcset=\"https:\/\/www.fundacioared.org\/wp-content\/uploads\/COMUNICACION-INTERNA-5-2.png 1250w, https:\/\/www.fundacioared.org\/wp-content\/uploads\/COMUNICACION-INTERNA-5-2-300x109.png 300w, https:\/\/www.fundacioared.org\/wp-content\/uploads\/COMUNICACION-INTERNA-5-2-1024x371.png 1024w, https:\/\/www.fundacioared.org\/wp-content\/uploads\/COMUNICACION-INTERNA-5-2-768x278.png 768w, https:\/\/www.fundacioared.org\/wp-content\/uploads\/COMUNICACION-INTERNA-5-2-340x123.png 340w, https:\/\/www.fundacioared.org\/wp-content\/uploads\/COMUNICACION-INTERNA-5-2-140x51.png 140w\" sizes=\"auto, (max-width: 1250px) 100vw, 1250px\" \/><\/figure>\n\n\n\n<figure class=\"wp-block-image size-full\"><img loading=\"lazy\" decoding=\"async\" width=\"1250\" height=\"453\" src=\"https:\/\/www.fundacioared.org\/wp-content\/uploads\/COMUNICACION-INTERNA-5-2.png\" alt=\"\" class=\"wp-image-5574\" srcset=\"https:\/\/www.fundacioared.org\/wp-content\/uploads\/COMUNICACION-INTERNA-5-2.png 1250w, https:\/\/www.fundacioared.org\/wp-content\/uploads\/COMUNICACION-INTERNA-5-2-300x109.png 300w, https:\/\/www.fundacioared.org\/wp-content\/uploads\/COMUNICACION-INTERNA-5-2-1024x371.png 1024w, https:\/\/www.fundacioared.org\/wp-content\/uploads\/COMUNICACION-INTERNA-5-2-768x278.png 768w, https:\/\/www.fundacioared.org\/wp-content\/uploads\/COMUNICACION-INTERNA-5-2-340x123.png 340w, https:\/\/www.fundacioared.org\/wp-content\/uploads\/COMUNICACION-INTERNA-5-2-140x51.png 140w\" sizes=\"auto, (max-width: 1250px) 100vw, 1250px\" \/><\/figure>\n<\/div>\n<\/div>\n","protected":false},"excerpt":{"rendered":"","protected":false},"author":1,"featured_media":0,"parent":0,"menu_order":21,"comment_status":"closed","ping_status":"closed","template":"","meta":{"_acf_changed":false,"footnotes":""},"class_list":["post-5826","page","type-page","status-publish","hentry"],"acf":[],"_links":{"self":[{"href":"https:\/\/www.fundacioared.org\/es\/wp-json\/wp\/v2\/pages\/5826","targetHints":{"allow":["GET"]}}],"collection":[{"href":"https:\/\/www.fundacioared.org\/es\/wp-json\/wp\/v2\/pages"}],"about":[{"href":"https:\/\/www.fundacioared.org\/es\/wp-json\/wp\/v2\/types\/page"}],"author":[{"embeddable":true,"href":"https:\/\/www.fundacioared.org\/es\/wp-json\/wp\/v2\/users\/1"}],"replies":[{"embeddable":true,"href":"https:\/\/www.fundacioared.org\/es\/wp-json\/wp\/v2\/comments?post=5826"}],"version-history":[{"count":5,"href":"https:\/\/www.fundacioared.org\/es\/wp-json\/wp\/v2\/pages\/5826\/revisions"}],"predecessor-version":[{"id":5948,"href":"https:\/\/www.fundacioared.org\/es\/wp-json\/wp\/v2\/pages\/5826\/revisions\/5948"}],"wp:attachment":[{"href":"https:\/\/www.fundacioared.org\/es\/wp-json\/wp\/v2\/media?parent=5826"}],"curies":[{"name":"wp","href":"https:\/\/api.w.org\/{rel}","templated":true}]}}