{"id":5946,"date":"2026-02-06T09:54:51","date_gmt":"2026-02-06T08:54:51","guid":{"rendered":"https:\/\/www.fundacioared.org\/new-comunidad-ared\/"},"modified":"2026-02-12T11:42:41","modified_gmt":"2026-02-12T10:42:41","slug":"new-comunidad-ared","status":"publish","type":"page","link":"https:\/\/www.fundacioared.org\/es\/new-comunidad-ared\/","title":{"rendered":"NEW Comunidad Ared"},"content":{"rendered":"\n<div class=\"wp-block-ared-cabecera mod-cabecera\"><div class=\"slider\">\n<div class=\"wp-block-ared-cabecera-interior slide\"><div class=\"image\" style=\"background-image:url(https:\/\/www.fundacioared.org\/wp-content\/uploads\/25-NOVEMBRE-5-3.jpg)\"><div class=\"text maq-contenidor\">\n<p class=\"is-style-com_titular_3 has-blanc-color has-text-color has-link-color wp-elements-d0389f45abbf83bbfbb88c2fd4a9136c\">Compartir experiencias,<br\/> aprendizajes y<br\/> procesos de cambio<\/p>\n<\/div><\/div><\/div>\n<\/div><\/div>\n\n<div class=\"wp-block-ared-marges maq-contenidor estreta marge-superior-petit marge-inferior-petit\" data-aos=\"off\" data-aos-delay=\"aos_delay\">\n<div class=\"wp-block-columns is-layout-flex wp-container-core-columns-is-layout-9d6595d7 wp-block-columns-is-layout-flex\">\n<div class=\"wp-block-column is-layout-flow wp-block-column-is-layout-flow\">\n<p class=\"is-style-com_titular_3\">Comunidad<\/p>\n\n\n\n<p class=\"is-style-com_titular_3 has-taronja-ared-color has-text-color has-link-color wp-elements-ea71ca1780d1d21714353058b8993d80\">Ared<\/p>\n\n\n\n<p>La Comunidad Ared es una <strong>red de apoyo entre iguales<\/strong> formada por mujeres que participan o han participado en los programas de la Fundaci\u00f3. Su principal valor radica en la relaci\u00f3n entre las propias participantes, que comparten experiencias, aprendizajes y procesos de cambio en diferentes momentos de su recorrido. <\/p>\n\n\n\n<p>El papel de Ared en esta comunidad es <strong>facilitador y dinamizador<\/strong> . La Fundaci\u00f3n pone a disposici\u00f3n el espacio, las herramientas y el acompa\u00f1amiento necesario para que la comunidad se mantenga activa, accesible y \u00fatil, favoreciendo que se convierta en un recurso real de apoyo y continuidad. <\/p>\n\n\n\n<p>La Comunidad Ared puede activarse durante el itinerario o una vez finalizado, seg\u00fan las necesidades y el momento vital de cada mujer. Esta flexibilidad permite sostener los procesos de autonom\u00eda m\u00e1s all\u00e1 de la formaci\u00f3n o inserci\u00f3n laboral, evitando situaciones de aislamiento y reforzando el v\u00ednculo con la Fundaci\u00f3n. <\/p>\n<\/div>\n<\/div>\n<\/div>\n\n<div class=\"wp-block-ared-marges maq-contenidor estreta marge-superior-petit marge-inferior-petit\" data-aos=\"off\" data-aos-delay=\"aos_delay\">\n<p class=\"is-style-com_titular_3\"><strong>Una comunidad de apoyo entre iguales<\/strong><\/p>\n\n\n\n<p class=\"has-text-align-left is-style-default\">La relaci\u00f3n con otras mujeres que han vivido procesos similares es un factor clave para sostener cambios en el tiempo. La Comunidad Ared facilita espacios donde compartir vivencias, recursos y estrategias, generando soporte mutuo y referentes positivos que complementan el acompa\u00f1amiento profesional. Ared impulsa esta red como parte de su modelo de intervenci\u00f3n, entendiendo la dimensi\u00f3n comunitaria como elemento que refuerza la continuidad y la calidad de los itinerarios de inserci\u00f3n sociolaboral.  <\/p>\n\n\n\n<p class=\"is-style-default has-gris-ared-color has-text-color has-link-color wp-elements-29acce1f718592c93342cd657b7f7153\">La dinamizaci\u00f3n de la comunidad se concreta en:<\/p>\n<\/div>\n\n<div class=\"wp-block-ared-marges maq-contenidor ample-marge marge-superior-petit marge-inferior-petit\" data-aos=\"off\" data-aos-delay=\"aos_delay\">\n<div class=\"wp-block-columns is-layout-flex wp-container-core-columns-is-layout-9d6595d7 wp-block-columns-is-layout-flex\">\n<div class=\"wp-block-column is-layout-flow wp-block-column-is-layout-flow\" style=\"padding-right:var(--wp--preset--spacing--50);padding-left:var(--wp--preset--spacing--50)\">\n<div style=\"height:30px\" aria-hidden=\"true\" class=\"wp-block-spacer\"><\/div>\n\n\n\n<p class=\"has-text-align-left\"><\/p>\n<\/div>\n\n\n\n<div class=\"wp-block-column is-layout-flow wp-block-column-is-layout-flow\" style=\"padding-right:var(--wp--preset--spacing--50);padding-left:var(--wp--preset--spacing--50)\">\n<figure class=\"wp-block-image aligncenter size-full\"><img loading=\"lazy\" decoding=\"async\" width=\"686\" height=\"686\" src=\"https:\/\/www.fundacioared.org\/wp-content\/uploads\/Insercio-dona-salut-icona-02.jpg\" alt=\"\" class=\"wp-image-769\" style=\"object-fit:cover\" srcset=\"https:\/\/www.fundacioared.org\/wp-content\/uploads\/Insercio-dona-salut-icona-02.jpg 686w, https:\/\/www.fundacioared.org\/wp-content\/uploads\/Insercio-dona-salut-icona-02-300x300.jpg 300w, https:\/\/www.fundacioared.org\/wp-content\/uploads\/Insercio-dona-salut-icona-02-150x150.jpg 150w, https:\/\/www.fundacioared.org\/wp-content\/uploads\/Insercio-dona-salut-icona-02-600x600.jpg 600w, https:\/\/www.fundacioared.org\/wp-content\/uploads\/Insercio-dona-salut-icona-02-340x340.jpg 340w, https:\/\/www.fundacioared.org\/wp-content\/uploads\/Insercio-dona-salut-icona-02-140x140.jpg 140w\" sizes=\"auto, (max-width: 686px) 100vw, 686px\" \/><\/figure>\n\n\n\n<div style=\"height:30px\" aria-hidden=\"true\" class=\"wp-block-spacer\"><\/div>\n\n\n\n<p class=\"has-text-align-left is-style-com_titular_4 has-taronja-ared-color has-text-color has-link-color wp-elements-b0a7b5d5e631b4d551ffa9a3ab0c21f2\"><strong>La participaci\u00f3n en talleres y actividades grupales<\/strong> .<\/p>\n<\/div>\n\n\n\n<div class=\"wp-block-column is-layout-flow wp-block-column-is-layout-flow\" style=\"padding-right:var(--wp--preset--spacing--50);padding-left:var(--wp--preset--spacing--50)\">\n<figure class=\"wp-block-image aligncenter size-full\"><img loading=\"lazy\" decoding=\"async\" width=\"686\" height=\"686\" src=\"https:\/\/www.fundacioared.org\/wp-content\/uploads\/Insercio-dona-salut-icona-02.jpg\" alt=\"\" class=\"wp-image-769\" style=\"object-fit:cover\" srcset=\"https:\/\/www.fundacioared.org\/wp-content\/uploads\/Insercio-dona-salut-icona-02.jpg 686w, https:\/\/www.fundacioared.org\/wp-content\/uploads\/Insercio-dona-salut-icona-02-300x300.jpg 300w, https:\/\/www.fundacioared.org\/wp-content\/uploads\/Insercio-dona-salut-icona-02-150x150.jpg 150w, https:\/\/www.fundacioared.org\/wp-content\/uploads\/Insercio-dona-salut-icona-02-600x600.jpg 600w, https:\/\/www.fundacioared.org\/wp-content\/uploads\/Insercio-dona-salut-icona-02-340x340.jpg 340w, https:\/\/www.fundacioared.org\/wp-content\/uploads\/Insercio-dona-salut-icona-02-140x140.jpg 140w\" sizes=\"auto, (max-width: 686px) 100vw, 686px\" \/><\/figure>\n\n\n\n<div style=\"height:30px\" aria-hidden=\"true\" class=\"wp-block-spacer\"><\/div>\n\n\n\n<p class=\"has-text-align-left is-style-com_titular_4 has-taronja-ared-color has-text-color has-link-color wp-elements-c30e086c4cdf45036366cebaf926e0dd\"><strong><strong><strong>La promoci\u00f3n de salidas culturales y espacios de relaci\u00f3n<\/strong><\/strong><\/strong> .<\/p>\n<\/div>\n\n\n\n<div class=\"wp-block-column is-layout-flow wp-block-column-is-layout-flow\" style=\"padding-right:var(--wp--preset--spacing--50);padding-left:var(--wp--preset--spacing--50)\">\n<figure class=\"wp-block-image aligncenter size-full\"><img loading=\"lazy\" decoding=\"async\" width=\"686\" height=\"686\" src=\"https:\/\/www.fundacioared.org\/wp-content\/uploads\/Insercio-dona-salut-icona-02.jpg\" alt=\"\" class=\"wp-image-769\" style=\"object-fit:cover\" srcset=\"https:\/\/www.fundacioared.org\/wp-content\/uploads\/Insercio-dona-salut-icona-02.jpg 686w, https:\/\/www.fundacioared.org\/wp-content\/uploads\/Insercio-dona-salut-icona-02-300x300.jpg 300w, https:\/\/www.fundacioared.org\/wp-content\/uploads\/Insercio-dona-salut-icona-02-150x150.jpg 150w, https:\/\/www.fundacioared.org\/wp-content\/uploads\/Insercio-dona-salut-icona-02-600x600.jpg 600w, https:\/\/www.fundacioared.org\/wp-content\/uploads\/Insercio-dona-salut-icona-02-340x340.jpg 340w, https:\/\/www.fundacioared.org\/wp-content\/uploads\/Insercio-dona-salut-icona-02-140x140.jpg 140w\" sizes=\"auto, (max-width: 686px) 100vw, 686px\" \/><\/figure>\n\n\n\n<div style=\"height:30px\" aria-hidden=\"true\" class=\"wp-block-spacer\"><\/div>\n\n\n\n<p class=\"has-text-align-left is-style-com_titular_4 has-taronja-ared-color has-text-color has-link-color wp-elements-28341c96522f1113f5a67cd64625746c\"><strong><strong><strong><strong>La creaci\u00f3n de encuentros que favorezcan la confianza, la participaci\u00f3n y el sentimiento de pertenencia<\/strong><\/strong><\/strong><\/strong> .<\/p>\n<\/div>\n\n\n\n<div class=\"wp-block-column is-layout-flow wp-block-column-is-layout-flow\" style=\"padding-right:var(--wp--preset--spacing--50);padding-left:var(--wp--preset--spacing--50)\">\n<p class=\"has-text-align-left\"><\/p>\n<\/div>\n<\/div>\n<\/div>\n\n<div style=\"height:100px\" aria-hidden=\"true\" class=\"wp-block-spacer\"><\/div>\n\n<div class=\"wp-block-ared-marges maq-contenidor normal marge-superior-petit marge-inferior-petit\" data-aos=\"off\" data-aos-delay=\"aos_delay\">\n<div class=\"wp-block-columns is-layout-flex wp-container-core-columns-is-layout-9d6595d7 wp-block-columns-is-layout-flex\">\n<div class=\"wp-block-column is-layout-flow wp-block-column-is-layout-flow\">\n<p class=\"is-style-com_titular_3 has-gris-ared-color has-text-color has-link-color wp-elements-dfa1b07ddab45da9ee719a5fc692d1bf\"><strong>Valor del modelo comunitario<\/strong> .<\/p>\n\n\n\n<p class=\"is-style-com_titular_4 has-gris-ared-color has-text-color has-link-color wp-elements-620c079c1c871226aef13bc484d3c2a6\">La Comunidad Ared es una <strong>estructura de soporte comunitario<\/strong> integrada dentro del modelo de acompa\u00f1amiento de la Fundaci\u00f3n. A trav\u00e9s de la dinamizaci\u00f3n de redes entre iguales, la Comunidad Ared permite: <\/p>\n<\/div>\n<\/div>\n<\/div>\n\n<div class=\"wp-block-ared-marges maq-contenidor normal marge-superior-petit marge-inferior-petit\" data-aos=\"off\" data-aos-delay=\"aos_delay\">\n<div class=\"wp-block-columns is-layout-flex wp-container-core-columns-is-layout-9d6595d7 wp-block-columns-is-layout-flex\">\n<div class=\"wp-block-column is-layout-flow wp-block-column-is-layout-flow\" style=\"padding-right:0;padding-left:0\">\n<figure class=\"wp-block-image size-full\"><img loading=\"lazy\" decoding=\"async\" width=\"500\" height=\"500\" src=\"https:\/\/www.fundacioared.org\/wp-content\/uploads\/Revisions-oftalm.jpg\" alt=\"\" class=\"wp-image-2696\" style=\"aspect-ratio:1;object-fit:cover\" srcset=\"https:\/\/www.fundacioared.org\/wp-content\/uploads\/Revisions-oftalm.jpg 500w, https:\/\/www.fundacioared.org\/wp-content\/uploads\/Revisions-oftalm-300x300.jpg 300w, https:\/\/www.fundacioared.org\/wp-content\/uploads\/Revisions-oftalm-150x150.jpg 150w, https:\/\/www.fundacioared.org\/wp-content\/uploads\/Revisions-oftalm-340x340.jpg 340w, https:\/\/www.fundacioared.org\/wp-content\/uploads\/Revisions-oftalm-140x140.jpg 140w\" sizes=\"auto, (max-width: 500px) 100vw, 500px\" \/><\/figure>\n\n\n\n<div style=\"height:30px\" aria-hidden=\"true\" class=\"wp-block-spacer\"><\/div>\n\n\n\n<p class=\"is-style-com_titular_4 has-taronja-ared-color has-text-color has-link-color wp-elements-f770e41ba47962d732ce32f018d4673d\"><strong><strong><strong><strong>Reforzar la continuidad de los procesos<\/strong><\/strong><\/strong><\/strong> .<\/p>\n<\/div>\n\n\n\n<div class=\"wp-block-column is-layout-flow wp-block-column-is-layout-flow\" style=\"padding-right:0;padding-left:0\">\n<figure class=\"wp-block-image size-full\"><img loading=\"lazy\" decoding=\"async\" width=\"500\" height=\"500\" src=\"https:\/\/www.fundacioared.org\/wp-content\/uploads\/Revisions-oftalm.jpg\" alt=\"\" class=\"wp-image-2696\" style=\"aspect-ratio:1;object-fit:cover\" srcset=\"https:\/\/www.fundacioared.org\/wp-content\/uploads\/Revisions-oftalm.jpg 500w, https:\/\/www.fundacioared.org\/wp-content\/uploads\/Revisions-oftalm-300x300.jpg 300w, https:\/\/www.fundacioared.org\/wp-content\/uploads\/Revisions-oftalm-150x150.jpg 150w, https:\/\/www.fundacioared.org\/wp-content\/uploads\/Revisions-oftalm-340x340.jpg 340w, https:\/\/www.fundacioared.org\/wp-content\/uploads\/Revisions-oftalm-140x140.jpg 140w\" sizes=\"auto, (max-width: 500px) 100vw, 500px\" \/><\/figure>\n\n\n\n<div style=\"height:30px\" aria-hidden=\"true\" class=\"wp-block-spacer\"><\/div>\n\n\n\n<p class=\"is-style-com_titular_4 has-taronja-ared-color has-text-color has-link-color wp-elements-0594c4e6ac4f2852b02bb774bee24579\"><strong><strong><strong><strong><strong>Sostener los cambios en el tiempo<\/strong><\/strong><\/strong><\/strong><\/strong> .<\/p>\n<\/div>\n\n\n\n<div class=\"wp-block-column is-layout-flow wp-block-column-is-layout-flow\" style=\"padding-right:0;padding-left:0\">\n<figure class=\"wp-block-image size-full\"><img loading=\"lazy\" decoding=\"async\" width=\"500\" height=\"500\" src=\"https:\/\/www.fundacioared.org\/wp-content\/uploads\/Revisions-oftalm.jpg\" alt=\"\" class=\"wp-image-2696\" style=\"aspect-ratio:1;object-fit:cover\" srcset=\"https:\/\/www.fundacioared.org\/wp-content\/uploads\/Revisions-oftalm.jpg 500w, https:\/\/www.fundacioared.org\/wp-content\/uploads\/Revisions-oftalm-300x300.jpg 300w, https:\/\/www.fundacioared.org\/wp-content\/uploads\/Revisions-oftalm-150x150.jpg 150w, https:\/\/www.fundacioared.org\/wp-content\/uploads\/Revisions-oftalm-340x340.jpg 340w, https:\/\/www.fundacioared.org\/wp-content\/uploads\/Revisions-oftalm-140x140.jpg 140w\" sizes=\"auto, (max-width: 500px) 100vw, 500px\" \/><\/figure>\n\n\n\n<div style=\"height:30px\" aria-hidden=\"true\" class=\"wp-block-spacer\"><\/div>\n\n\n\n<p class=\"is-style-com_titular_4 has-taronja-ared-color has-text-color has-link-color wp-elements-3a3eae0397e5857c3f0784f46dbca98a\"><strong><strong><strong><strong>Ampliar el impacto de los programas de inserci\u00f3n sociolaboral.<\/strong><\/strong><\/strong><\/strong><\/p>\n<\/div>\n<\/div>\n<\/div>\n\n<div style=\"height:100px\" aria-hidden=\"true\" class=\"wp-block-spacer\"><\/div>\n\n<div class=\"wp-block-ared-ajedrez mod-escacs align-superior marge-superior-petit marge-inferior-\">\n<div class=\"wp-block-ared-ajedrez-interior interior  maq_cols_flex cols_2\"><div class=\"col img\"><div class=\"img-wrapper\"><img loading=\"lazy\" decoding=\"async\" media_id=\"2696\" src=\"https:\/\/www.fundacioared.org\/wp-content\/uploads\/Revisions-oftalm.jpg\" width=\"600\" height=\"400\" \/><!--fallback img responsive--><\/div><\/div><div class=\"col\"><div class=\"text-wrapper\">\n<p class=\"is-style-com_titular_5\"><strong>Programas de la<\/strong><br\/> <strong>Comunidad Ared<\/strong><\/p>\n\n\n\n<p class=\"is-style-com_titular_3\"><strong><strong>Ared en Red<\/strong><\/strong><\/p>\n\n\n\n<p>Ared en Red es un programa comunitario dirigido a mujeres que han vivido situaciones de violencias machistas y que necesitan reforzar v\u00ednculos, seguridad y soporte en su proceso de recuperaci\u00f3n y autonom\u00eda.<\/p>\n\n\n\n<p>El programa facilita espacios seguros de encuentro entre iguales, donde el soporte mutuo y la confianza compartida son elementos centrales. Ared act\u00faa como agente facilitador y dinamizador, creando las condiciones para que la red se consolide y se convierta en un recurso estable de apoyo comunitario. <\/p>\n\n\n\n<p>Ared en Red se puede activar como complemento a los itinerarios formativos y laborales o como espacio de continuidad una vez finalizados, adapt\u00e1ndose a la situaci\u00f3n de cada participante.<\/p>\n\n\n\n<p><strong>Con el soporte de:  <\/strong><\/p>\n\n\n\n<figure class=\"wp-block-image size-full\"><img loading=\"lazy\" decoding=\"async\" width=\"800\" height=\"92\" src=\"https:\/\/www.fundacioared.org\/wp-content\/uploads\/Logo_GENCAT-2.jpg\" alt=\"\" class=\"wp-image-5768\" srcset=\"https:\/\/www.fundacioared.org\/wp-content\/uploads\/Logo_GENCAT-2.jpg 800w, https:\/\/www.fundacioared.org\/wp-content\/uploads\/Logo_GENCAT-2-300x35.jpg 300w, https:\/\/www.fundacioared.org\/wp-content\/uploads\/Logo_GENCAT-2-768x88.jpg 768w, https:\/\/www.fundacioared.org\/wp-content\/uploads\/Logo_GENCAT-2-340x39.jpg 340w, https:\/\/www.fundacioared.org\/wp-content\/uploads\/Logo_GENCAT-2-140x16.jpg 140w\" sizes=\"auto, (max-width: 800px) 100vw, 800px\" \/><\/figure>\n<\/div><\/div><\/div>\n\n\n\n<div class=\"wp-block-ared-ajedrez-interior interior  maq_cols_flex cols_2\"><div class=\"col img\"><div class=\"img-wrapper\"><img loading=\"lazy\" decoding=\"async\" media_id=\"2696\" src=\"https:\/\/www.fundacioared.org\/wp-content\/uploads\/Revisions-oftalm.jpg\" width=\"600\" height=\"400\" \/><!--fallback img responsive--><\/div><\/div><div class=\"col\"><div class=\"text-wrapper\">\n<p class=\"is-style-com_titular_5\"><strong>Programas de la<\/strong><br\/> <strong>Comunidad Ared<\/strong><\/p>\n\n\n\n<p class=\"is-style-com_titular_3\"><strong><strong>BEA en Comunidad<\/strong><\/strong><\/p>\n\n\n\n<p><strong>Red comunitaria de bienestar emocional y autoconocimiento<\/strong> . BEA en Comunitat ampl\u00eda el trabajo de bienestar emocional y autoconocimiento en el \u00e1mbito comunitario, reforzando el apoyo entre iguales como herramienta para afrontar retos personales y vitales. <\/p>\n\n\n\n<p>El programa ofrece espacios colectivos dinamizados, que combinan talleres y actividades comunitarias con el acompa\u00f1amiento profesional de Ared, permitiendo trabajar la gesti\u00f3n emocional, el autoconocimiento y la autonom\u00eda en un entorno compartido y seguro.<\/p>\n\n\n\n<p>BEA en Comunitat se dirige tanto a las mujeres participantes de los distintos itinerarios ARED, contribuyendo a mantener el v\u00ednculo con la Fundaci\u00f3n m\u00e1s all\u00e1 del proceso individual.<\/p>\n\n\n\n<p><strong>Con el soporte de:  <\/strong><\/p>\n\n\n\n<figure class=\"wp-block-image size-full\"><img loading=\"lazy\" decoding=\"async\" width=\"800\" height=\"92\" src=\"https:\/\/www.fundacioared.org\/wp-content\/uploads\/Logo_GENCAT-2.jpg\" alt=\"\" class=\"wp-image-5768\" srcset=\"https:\/\/www.fundacioared.org\/wp-content\/uploads\/Logo_GENCAT-2.jpg 800w, https:\/\/www.fundacioared.org\/wp-content\/uploads\/Logo_GENCAT-2-300x35.jpg 300w, https:\/\/www.fundacioared.org\/wp-content\/uploads\/Logo_GENCAT-2-768x88.jpg 768w, https:\/\/www.fundacioared.org\/wp-content\/uploads\/Logo_GENCAT-2-340x39.jpg 340w, https:\/\/www.fundacioared.org\/wp-content\/uploads\/Logo_GENCAT-2-140x16.jpg 140w\" sizes=\"auto, (max-width: 800px) 100vw, 800px\" \/><\/figure>\n<\/div><\/div><\/div>\n<\/div>\n\n<div style=\"height:100px\" aria-hidden=\"true\" class=\"wp-block-spacer\"><\/div>\n\n<p><\/p>\n","protected":false},"excerpt":{"rendered":"","protected":false},"author":1,"featured_media":0,"parent":0,"menu_order":21,"comment_status":"closed","ping_status":"closed","template":"","meta":{"_acf_changed":false,"footnotes":""},"class_list":["post-5946","page","type-page","status-publish","hentry"],"acf":[],"_links":{"self":[{"href":"https:\/\/www.fundacioared.org\/es\/wp-json\/wp\/v2\/pages\/5946","targetHints":{"allow":["GET"]}}],"collection":[{"href":"https:\/\/www.fundacioared.org\/es\/wp-json\/wp\/v2\/pages"}],"about":[{"href":"https:\/\/www.fundacioared.org\/es\/wp-json\/wp\/v2\/types\/page"}],"author":[{"embeddable":true,"href":"https:\/\/www.fundacioared.org\/es\/wp-json\/wp\/v2\/users\/1"}],"replies":[{"embeddable":true,"href":"https:\/\/www.fundacioared.org\/es\/wp-json\/wp\/v2\/comments?post=5946"}],"version-history":[{"count":3,"href":"https:\/\/www.fundacioared.org\/es\/wp-json\/wp\/v2\/pages\/5946\/revisions"}],"predecessor-version":[{"id":5962,"href":"https:\/\/www.fundacioared.org\/es\/wp-json\/wp\/v2\/pages\/5946\/revisions\/5962"}],"wp:attachment":[{"href":"https:\/\/www.fundacioared.org\/es\/wp-json\/wp\/v2\/media?parent=5946"}],"curies":[{"name":"wp","href":"https:\/\/api.w.org\/{rel}","templated":true}]}}